{"id":4745,"date":"2017-01-31T11:56:57","date_gmt":"2017-01-31T10:56:57","guid":{"rendered":"https:\/\/www.ethicetapes-sologne.com\/?page_id=4745"},"modified":"2019-01-11T15:08:31","modified_gmt":"2019-01-11T14:08:31","slug":"schooltrip","status":"publish","type":"page","link":"https:\/\/www.ethicetapes-sologne.com\/en\/accomodation-jean-monnet\/schooltrip\/","title":{"rendered":"Schooltrip"},"content":{"rendered":"\n<style type=\"text\/css\" data-created_by=\"avia_inline_auto\" id=\"style-css-av-av_section-2c009d2977a4f483989e8e7b207b187d\">\n.avia-section.av-av_section-2c009d2977a4f483989e8e7b207b187d{\nbackground-color:#540000;\nbackground-image:unset;\n}\n<\/style>\n<div id='av_section_1'  class='avia-section av-av_section-2c009d2977a4f483989e8e7b207b187d main_color avia-section-no-padding avia-no-border-styling  avia-builder-el-0  el_before_av_image  avia-builder-el-first  avia-bg-style-scroll av-minimum-height av-minimum-height-custom av-height-custom  container_wrap fullsize'   data-av_minimum_height_px='200'><div class='container av-section-cont-open' style='height:200px'><main  role=\"main\" itemprop=\"mainContentOfPage\"  class='template-page content  av-content-full alpha units'><div class='post-entry post-entry-type-page post-entry-4745'><div class='entry-content-wrapper clearfix'>\n\n<style type=\"text\/css\" data-created_by=\"avia_inline_auto\" id=\"style-css-av-av_hr-a6de236e6c183bbbd700292deacd2b52\">\n#top .hr.hr-invisible.av-av_hr-a6de236e6c183bbbd700292deacd2b52{\nheight:20px;\n}\n<\/style>\n<div  class='hr av-av_hr-a6de236e6c183bbbd700292deacd2b52 hr-invisible  avia-builder-el-1  el_before_av_textblock  avia-builder-el-first '><span class='hr-inner '><span class=\"hr-inner-style\"><\/span><\/span><\/div>\n<section  class='av_textblock_section av-av_textblock-0366cc7376be6c9e82a3e9cc8987b64f '   itemscope=\"itemscope\" itemtype=\"https:\/\/schema.org\/CreativeWork\" ><div class='avia_textblock'  itemprop=\"text\" ><h3 style=\"text-align: center;\"><span style=\"color: #c3512f;\">Accommodation: book your stay in Romorantin-Lanthenay<\/span><\/h3>\n<\/div><\/section>\n\n<style type=\"text\/css\" data-created_by=\"avia_inline_auto\" id=\"style-css-av-av_hr-a6de236e6c183bbbd700292deacd2b52\">\n#top .hr.hr-invisible.av-av_hr-a6de236e6c183bbbd700292deacd2b52{\nheight:20px;\n}\n<\/style>\n<div  class='hr av-av_hr-a6de236e6c183bbbd700292deacd2b52 hr-invisible  avia-builder-el-3  el_after_av_textblock  el_before_av_codeblock '><span class='hr-inner '><span class=\"hr-inner-style\"><\/span><\/span><\/div>\n\n<section  class='av_textblock_section av-av_textblock-0366cc7376be6c9e82a3e9cc8987b64f '   itemscope=\"itemscope\" itemtype=\"https:\/\/schema.org\/CreativeWork\" ><div class='avia_textblock'  itemprop=\"text\" ><p style=\"text-align: center;\"><span style=\"color: #c3512f;\">You wish to make a reservation for more than 12 people? Thank you for contacting <a style=\"color: #c3512f;\" href=\"https:\/\/www.ethicetapes-sologne.com\/contact\/?lang=en\">our services<\/a>.<\/span><\/p>\n<\/div><\/section>\n<\/div><\/div><\/main><!-- close content main element --><\/div><\/div><div id='after_section_1'  class='main_color av_default_container_wrap container_wrap fullsize'  ><div class='container av-section-cont-open' ><div class='template-page content  av-content-full alpha units'><div class='post-entry post-entry-type-page post-entry-4745'><div class='entry-content-wrapper clearfix'>\n\n<style type=\"text\/css\" data-created_by=\"avia_inline_auto\" id=\"style-css-av-av_image-bd19b8a80790bfd35ca8eadd0bab1e09\">\n.avia-image-container.av-av_image-bd19b8a80790bfd35ca8eadd0bab1e09 img.avia_image{\nbox-shadow:none;\n}\n.avia-image-container.av-av_image-bd19b8a80790bfd35ca8eadd0bab1e09 .av-image-caption-overlay-center{\ncolor:#ffffff;\n}\n<\/style>\n<div  class='avia-image-container av-av_image-bd19b8a80790bfd35ca8eadd0bab1e09 av-styling- avia-align-center  avia-builder-el-6  el_after_av_section  el_before_av_hr  avia-builder-el-first '   itemprop=\"image\" itemscope=\"itemscope\" itemtype=\"https:\/\/schema.org\/ImageObject\" ><div class=\"avia-image-container-inner\"><div class=\"avia-image-overlay-wrap\"><img decoding=\"async\" fetchpriority=\"high\" class='wp-image-3918 avia-img-lazy-loading-not-3918 avia_image ' src=\"https:\/\/www.ethicetapes-sologne.com\/wp-content\/uploads\/2017\/01\/majo-ethic-etapes-tarifs-classe-decouverte-enfants.jpg\" alt='L\u2019\u00e9quipe \u00e9thic \u00e9tapes Jean Monnet vous propose ses formules \u00ab classe de d\u00e9couverte \u00bb. Parce que la Sologne est un formidable terrain de jeux dot\u00e9 d\u2019un riche patrimoine naturel, quoi de mieux que de sensibiliser tout en amusant petits et grands\u2026 Les \u00e9l\u00e8ves de primaire, secondaire, ou de Master trouveront mati\u00e8re \u00e0 exp\u00e9rimenter\u2026' title='ethicetapes-romorantin-tarifs-hebergement-classe-decouverte'  height=\"321\" width=\"845\"  itemprop=\"thumbnailUrl\" srcset=\"https:\/\/www.ethicetapes-sologne.com\/wp-content\/uploads\/2017\/01\/majo-ethic-etapes-tarifs-classe-decouverte-enfants.jpg 845w, https:\/\/www.ethicetapes-sologne.com\/wp-content\/uploads\/2017\/01\/majo-ethic-etapes-tarifs-classe-decouverte-enfants-300x114.jpg 300w, https:\/\/www.ethicetapes-sologne.com\/wp-content\/uploads\/2017\/01\/majo-ethic-etapes-tarifs-classe-decouverte-enfants-768x292.jpg 768w, https:\/\/www.ethicetapes-sologne.com\/wp-content\/uploads\/2017\/01\/majo-ethic-etapes-tarifs-classe-decouverte-enfants-705x268.jpg 705w, https:\/\/www.ethicetapes-sologne.com\/wp-content\/uploads\/2017\/01\/majo-ethic-etapes-tarifs-classe-decouverte-enfants-450x171.jpg 450w\" sizes=\"(max-width: 845px) 100vw, 845px\" \/><\/div><\/div><\/div>\n\n<style type=\"text\/css\" data-created_by=\"avia_inline_auto\" id=\"style-css-av-av_hr-a6de236e6c183bbbd700292deacd2b52\">\n#top .hr.hr-invisible.av-av_hr-a6de236e6c183bbbd700292deacd2b52{\nheight:20px;\n}\n<\/style>\n<div  class='hr av-av_hr-a6de236e6c183bbbd700292deacd2b52 hr-invisible  avia-builder-el-7  el_after_av_image  el_before_av_one_full '><span class='hr-inner '><span class=\"hr-inner-style\"><\/span><\/span><\/div>\n\n<style type=\"text\/css\" data-created_by=\"avia_inline_auto\" id=\"style-css-av-av_one_full-6126cab7d8fab8d08143dd2dacdf673c\">\n.flex_column.av-av_one_full-6126cab7d8fab8d08143dd2dacdf673c{\nborder-radius:0px 0px 0px 0px;\npadding:0px 0px 0px 0px;\n}\n<\/style>\n<div  class='flex_column av-av_one_full-6126cab7d8fab8d08143dd2dacdf673c av_one_full  avia-builder-el-8  el_after_av_hr  el_before_av_one_half  first flex_column_div av-zero-column-padding  '     ><p>\n<style type=\"text\/css\" data-created_by=\"avia_inline_auto\" id=\"style-css-av-av_heading-9b21ca6eb1b629ef09aa29a1125116a1\">\n#top .av-special-heading.av-av_heading-9b21ca6eb1b629ef09aa29a1125116a1{\npadding-bottom:10px;\n}\nbody .av-special-heading.av-av_heading-9b21ca6eb1b629ef09aa29a1125116a1 .av-special-heading-tag .heading-char{\nfont-size:25px;\n}\n.av-special-heading.av-av_heading-9b21ca6eb1b629ef09aa29a1125116a1 .av-subheading{\nfont-size:15px;\n}\n<\/style>\n<div  class='av-special-heading av-av_heading-9b21ca6eb1b629ef09aa29a1125116a1 av-special-heading-h3  avia-builder-el-9  el_before_av_textblock  avia-builder-el-first '><h3 class='av-special-heading-tag '  itemprop=\"headline\"  >Head off with your mates!<\/h3><div class=\"special-heading-border\"><div class=\"special-heading-inner-border\"><\/div><\/div><\/div><br \/>\n<section  class='av_textblock_section av-av_textblock-0366cc7376be6c9e82a3e9cc8987b64f '   itemscope=\"itemscope\" itemtype=\"https:\/\/schema.org\/CreativeWork\" ><div class='avia_textblock'  itemprop=\"text\" ><p>The Ethic Etapes Jean Monnet team offers a \u201cgroup adventure\u201d package. The Sologne is such an amazing playground with a rich natural heritage \u2013 what could be better than educating kids and adults and having fun at the same time?! There\u2019s something for everyone &#8211; from primary school kids to Masters students.<\/p>\n<\/div><\/section><\/p><\/div>\n\n<style type=\"text\/css\" data-created_by=\"avia_inline_auto\" id=\"style-css-av-av_one_half-6126cab7d8fab8d08143dd2dacdf673c\">\n.flex_column.av-av_one_half-6126cab7d8fab8d08143dd2dacdf673c{\nborder-radius:0px 0px 0px 0px;\npadding:0px 0px 0px 0px;\n}\n<\/style>\n<div  class='flex_column av-av_one_half-6126cab7d8fab8d08143dd2dacdf673c av_one_half  avia-builder-el-11  el_after_av_one_full  el_before_av_one_half  first flex_column_div av-zero-column-padding  column-top-margin'     ><style type=\"text\/css\" data-created_by=\"avia_inline_auto\" id=\"style-css-av-av_image-7e96fb217a569235e872a0ed49dd3fb7\">\n.avia-image-container.av-av_image-7e96fb217a569235e872a0ed49dd3fb7 img.avia_image{\nbox-shadow:none;\n}\n.avia-image-container.av-av_image-7e96fb217a569235e872a0ed49dd3fb7 .av-image-caption-overlay-center{\ncolor:#ffffff;\n}\n<\/style>\n<div  class='avia-image-container av-av_image-7e96fb217a569235e872a0ed49dd3fb7 av-styling- avia_animated_image av-animated-when-visible-95 left-to-right avia-align-center  avia-builder-el-12  avia-builder-el-no-sibling '   itemprop=\"image\" itemscope=\"itemscope\" itemtype=\"https:\/\/schema.org\/ImageObject\" ><div class=\"avia-image-container-inner\"><div class=\"avia-image-overlay-wrap\"><img decoding=\"async\" fetchpriority=\"high\" class='wp-image-3921 avia-img-lazy-loading-not-3921 avia_image ' src=\"https:\/\/www.ethicetapes-sologne.com\/wp-content\/uploads\/2017\/01\/majo-ethic-etapes-tarifs-classe-decouverte.jpg\" alt='Activit\u00e9s Nature r\u00e9alis\u00e9es et encadr\u00e9es par les animateurs d\u2019une association signataire du \u00ab R\u00e9f\u00e9rentiel R\u00e9gional de Qualit\u00e9 de l\u2019Education \u00e0 l\u2019Environnement en R\u00e9gion Centre \u00bb.' title='ethicetapes-romorantin-classe-decouverte'  height=\"600\" width=\"700\"  itemprop=\"thumbnailUrl\" srcset=\"https:\/\/www.ethicetapes-sologne.com\/wp-content\/uploads\/2017\/01\/majo-ethic-etapes-tarifs-classe-decouverte.jpg 700w, https:\/\/www.ethicetapes-sologne.com\/wp-content\/uploads\/2017\/01\/majo-ethic-etapes-tarifs-classe-decouverte-300x257.jpg 300w, https:\/\/www.ethicetapes-sologne.com\/wp-content\/uploads\/2017\/01\/majo-ethic-etapes-tarifs-classe-decouverte-450x386.jpg 450w\" sizes=\"(max-width: 700px) 100vw, 700px\" \/><\/div><\/div><\/div><\/div>\n\n<style type=\"text\/css\" data-created_by=\"avia_inline_auto\" id=\"style-css-av-av_one_half-0aa7055fe62c3622faec82866afbaeb2\">\n.flex_column.av-av_one_half-0aa7055fe62c3622faec82866afbaeb2{\nborder-radius:0px 0px 0px 0px;\npadding:0px 0px 0px 0px;\n}\n<\/style>\n<div  class='flex_column av-av_one_half-0aa7055fe62c3622faec82866afbaeb2 av_one_half  avia-builder-el-13  el_after_av_one_half  el_before_av_one_half  flex_column_div av-zero-column-padding  column-top-margin'     ><article  class='iconbox iconbox_left av-av_icon_box-26d4443ba8d818951b93d0ec17d0d4c9  avia-builder-el-14  avia-builder-el-no-sibling '  itemscope=\"itemscope\" itemtype=\"https:\/\/schema.org\/CreativeWork\" ><div class=\"iconbox_content\"><header class=\"entry-content-header\" aria-label=\"Icon: Art and nature\"><div class='iconbox_icon heading-color avia-iconfont avia-font-entypo-fontello' data-av_icon='\ue8b8' data-av_iconfont='entypo-fontello'  ><\/div><h3 class='iconbox_content_title '  itemprop=\"headline\" >Art and nature<\/h3><\/header><div class='iconbox_content_container '  itemprop=\"text\" ><p><strong><span style=\"color: #c3512f;\">6 days<\/span><\/strong><br \/>\n<strong>D1:<\/strong> Exploring the Sologne<br \/>\n<strong>D2:<\/strong> Sensory tree exploration<br \/>\n<strong>D3:<\/strong> Recycling art project<br \/>\n<strong>D4:<\/strong> Green music\/Recycled paper making<br \/>\n<strong>D5:<\/strong> Creating an artistic\/literary herbarium<\/p>\n<p>Nature Activities led by facilitators from an association that is a signatory to the \u201cR\u00e9f\u00e9rentiel R\u00e9gional de Qualit\u00e9 de l\u2019Education \u00e0 l\u2019Environnement en R\u00e9gion Centre\u00a0\u00bb<\/p>\n<p>Art and Nature package*:<br \/>\n<strong><span style=\"color: #c3512f;\">from \u20ac57.20\/person\/day<\/span><\/strong><br \/>\n*full board (accommodation and shared room) + activity (excluding transport) based on a minimum of 25 people<\/p>\n<\/div><\/div><footer class=\"entry-footer\"><\/footer><\/article><\/div>\n<style type=\"text\/css\" data-created_by=\"avia_inline_auto\" id=\"style-css-av-av_one_half-6126cab7d8fab8d08143dd2dacdf673c\">\n.flex_column.av-av_one_half-6126cab7d8fab8d08143dd2dacdf673c{\nborder-radius:0px 0px 0px 0px;\npadding:0px 0px 0px 0px;\n}\n<\/style>\n<div  class='flex_column av-av_one_half-6126cab7d8fab8d08143dd2dacdf673c av_one_half  avia-builder-el-15  el_after_av_one_half  el_before_av_one_half  first flex_column_div av-zero-column-padding  column-top-margin'     ><article  class='iconbox iconbox_left av-av_icon_box-424fab223e895d1b1bbe30066b216a20  avia-builder-el-16  avia-builder-el-no-sibling '  itemscope=\"itemscope\" itemtype=\"https:\/\/schema.org\/CreativeWork\" ><div class=\"iconbox_content\"><header class=\"entry-content-header\" aria-label=\"Icon: Mammals of the Sologne\"><div class='iconbox_icon heading-color avia-iconfont avia-font-entypo-fontello' data-av_icon='\ue8b8' data-av_iconfont='entypo-fontello'  ><\/div><h3 class='iconbox_content_title '  itemprop=\"headline\" >Mammals of the Sologne<\/h3><\/header><div class='iconbox_content_container '  itemprop=\"text\" ><p><strong><span style=\"color: #c3512f;\">6 days<\/span><\/strong><br \/>\n<strong>D1:<\/strong> Exploring the Sologne\/animal tracks and traces<br \/>\n<strong>D2:<\/strong> Building a hut\/hides<br \/>\n<strong>D3:<\/strong> Molding animal prints\/undergrowth<br \/>\n<strong>D4:<\/strong> Hide\/food chain<br \/>\n<strong>D5:<\/strong> Bats<\/p>\n<p>Nature Activities led by facilitators from an association that is a signatory to the \u201cR\u00e9f\u00e9rentiel R\u00e9gional de Qualit\u00e9 de l\u2019Education \u00e0 l\u2019Environnement en R\u00e9gion Centre\u00a0\u00bb<\/p>\n<p>Discovering Mammals of the Sologne package*:<br \/>\n<strong><span style=\"color: #c3512f;\">from \u20ac57.20\/person\/day<\/span><\/strong><br \/>\n*full board (accommodation and shared room) + activity (excluding transport) based on a minimum of 25 people<\/p>\n<\/div><\/div><footer class=\"entry-footer\"><\/footer><\/article><\/div>\n<style type=\"text\/css\" data-created_by=\"avia_inline_auto\" id=\"style-css-av-av_one_half-0aa7055fe62c3622faec82866afbaeb2\">\n.flex_column.av-av_one_half-0aa7055fe62c3622faec82866afbaeb2{\nborder-radius:0px 0px 0px 0px;\npadding:0px 0px 0px 0px;\n}\n<\/style>\n<div  class='flex_column av-av_one_half-0aa7055fe62c3622faec82866afbaeb2 av_one_half  avia-builder-el-17  el_after_av_one_half  avia-builder-el-last  flex_column_div av-zero-column-padding  column-top-margin'     ><article  class='iconbox iconbox_left av-av_icon_box-fc586b4b5000aa7906628497499d223f  avia-builder-el-18  avia-builder-el-no-sibling '  itemscope=\"itemscope\" itemtype=\"https:\/\/schema.org\/CreativeWork\" ><div class=\"iconbox_content\"><header class=\"entry-content-header\" aria-label=\"Icon: Environment Master Class\"><div class='iconbox_icon heading-color avia-iconfont avia-font-entypo-fontello' data-av_icon='\ue8b8' data-av_iconfont='entypo-fontello'  ><\/div><h3 class='iconbox_content_title '  itemprop=\"headline\" >Environment Master Class<\/h3><\/header><div class='iconbox_content_container '  itemprop=\"text\" ><p>For BTS and Masters students<strong><span style=\"color: #c3512f;\"><br \/>\n6 days<\/span><\/strong><br \/>\n<strong>D1:<\/strong> Geology, fauna, flora, regulations (field visit)<br \/>\n<strong>D2:<\/strong> PROJECT IMPLEMENTATION 1 \u2013Working group, definition of objectives, content, methodology Study protocol and recording, chiroptera or amphibians<br \/>\n<strong>D3:<\/strong>recording protocol: amphibians and odonates or butterflies and reptiles<br \/>\nPROJECT IMPLEMENTATION 2 \u2013 Project implementation, terrain, documentary research<br \/>\n<strong>D4:<\/strong> Study project partners and naturalists, presentation of case studies<br \/>\nPROJECT IMPLEMENTATION 3 \u2013 Completion of work, preparation of reports<br \/>\n<strong>D5:<\/strong> Reports from working groups (morning)<\/p>\n<p>Subjects will also address environmental management. Other subjects can be addressed depending on the season: bird song and recording birds, environmental law and legislation.<\/p>\n<p>Nature Activities led by facilitators from an association that is a signatory to the \u201cR\u00e9f\u00e9rentiel R\u00e9gional de Qualit\u00e9 de l\u2019Education \u00e0 l\u2019Environnement en R\u00e9gion Centre\u00a0\u00bb<\/p>\n<p>Environment Master Class package*:<br \/>\n<strong><span style=\"color: #c3512f;\">from \u20ac57.20\/person\/day<\/span><\/strong><br \/>\n*full board (accommodation and shared room) + activity (excluding transport) based on a minimum of 25 people<\/p>\n<\/div><\/div><footer class=\"entry-footer\"><\/footer><\/article><\/div><\/p>\n","protected":false},"excerpt":{"rendered":"","protected":false},"author":1,"featured_media":0,"parent":4575,"menu_order":0,"comment_status":"closed","ping_status":"closed","template":"","meta":{"footnotes":""},"class_list":["post-4745","page","type-page","status-publish","hentry"],"yoast_head":"<!-- This site is optimized with the Yoast SEO plugin v27.5 - https:\/\/yoast.com\/product\/yoast-seo-wordpress\/ -->\n<title>Schooltrip - ETHIC ETAPES SOLOGNE ROMORANTIN<\/title>\n<meta name=\"description\" content=\"The Ethic Etapes Jean Monnet team offers a schooltrip package. The Sologne is such an amazing playground with a rich natural heritage.\" \/>\n<meta name=\"robots\" content=\"index, follow, max-snippet:-1, max-image-preview:large, max-video-preview:-1\" \/>\n<link rel=\"canonical\" href=\"https:\/\/www.ethicetapes-sologne.com\/en\/accomodation-jean-monnet\/schooltrip\/\" \/>\n<meta property=\"og:locale\" content=\"en_US\" \/>\n<meta property=\"og:type\" content=\"article\" \/>\n<meta property=\"og:title\" content=\"Schooltrip - ETHIC ETAPES SOLOGNE ROMORANTIN\" \/>\n<meta property=\"og:description\" content=\"The Ethic Etapes Jean Monnet team offers a schooltrip package. The Sologne is such an amazing playground with a rich natural heritage.\" \/>\n<meta property=\"og:url\" content=\"https:\/\/www.ethicetapes-sologne.com\/en\/accomodation-jean-monnet\/schooltrip\/\" \/>\n<meta property=\"og:site_name\" content=\"ETHICETAPES-SOLOGNE\" \/>\n<meta property=\"article:publisher\" content=\"https:\/\/www.facebook.com\/ethicetapessologneromorantin\/?fref=ts\" \/>\n<meta property=\"article:modified_time\" content=\"2019-01-11T14:08:31+00:00\" \/>\n<meta name=\"twitter:card\" content=\"summary_large_image\" \/>\n<meta name=\"twitter:label1\" content=\"Est. reading time\" \/>\n\t<meta name=\"twitter:data1\" content=\"6 minutes\" \/>\n<script type=\"application\/ld+json\" class=\"yoast-schema-graph\">{\"@context\":\"https:\\\/\\\/schema.org\",\"@graph\":[{\"@type\":\"WebPage\",\"@id\":\"https:\\\/\\\/www.ethicetapes-sologne.com\\\/en\\\/accomodation-jean-monnet\\\/schooltrip\\\/\",\"url\":\"https:\\\/\\\/www.ethicetapes-sologne.com\\\/en\\\/accomodation-jean-monnet\\\/schooltrip\\\/\",\"name\":\"Schooltrip - ETHIC ETAPES SOLOGNE ROMORANTIN\",\"isPartOf\":{\"@id\":\"https:\\\/\\\/www.ethicetapes-sologne.com\\\/#website\"},\"datePublished\":\"2017-01-31T10:56:57+00:00\",\"dateModified\":\"2019-01-11T14:08:31+00:00\",\"description\":\"The Ethic Etapes Jean Monnet team offers a schooltrip package. The Sologne is such an amazing playground with a rich natural heritage.\",\"breadcrumb\":{\"@id\":\"https:\\\/\\\/www.ethicetapes-sologne.com\\\/en\\\/accomodation-jean-monnet\\\/schooltrip\\\/#breadcrumb\"},\"inLanguage\":\"en-US\",\"potentialAction\":[{\"@type\":\"ReadAction\",\"target\":[\"https:\\\/\\\/www.ethicetapes-sologne.com\\\/en\\\/accomodation-jean-monnet\\\/schooltrip\\\/\"]}]},{\"@type\":\"BreadcrumbList\",\"@id\":\"https:\\\/\\\/www.ethicetapes-sologne.com\\\/en\\\/accomodation-jean-monnet\\\/schooltrip\\\/#breadcrumb\",\"itemListElement\":[{\"@type\":\"ListItem\",\"position\":1,\"name\":\"Accueil\",\"item\":\"https:\\\/\\\/www.ethicetapes-sologne.com\\\/en\\\/\"},{\"@type\":\"ListItem\",\"position\":2,\"name\":\"Accommodation\",\"item\":\"https:\\\/\\\/www.ethicetapes-sologne.com\\\/en\\\/accomodation-jean-monnet\\\/\"},{\"@type\":\"ListItem\",\"position\":3,\"name\":\"Schooltrip\"}]},{\"@type\":\"WebSite\",\"@id\":\"https:\\\/\\\/www.ethicetapes-sologne.com\\\/#website\",\"url\":\"https:\\\/\\\/www.ethicetapes-sologne.com\\\/\",\"name\":\"ETHICETAPES-SOLOGNE\",\"description\":\"Association MAJO\",\"potentialAction\":[{\"@type\":\"SearchAction\",\"target\":{\"@type\":\"EntryPoint\",\"urlTemplate\":\"https:\\\/\\\/www.ethicetapes-sologne.com\\\/?s={search_term_string}\"},\"query-input\":{\"@type\":\"PropertyValueSpecification\",\"valueRequired\":true,\"valueName\":\"search_term_string\"}}],\"inLanguage\":\"en-US\"}]}<\/script>\n<!-- \/ Yoast SEO plugin. -->","yoast_head_json":{"title":"Schooltrip - ETHIC ETAPES SOLOGNE ROMORANTIN","description":"The Ethic Etapes Jean Monnet team offers a schooltrip package. The Sologne is such an amazing playground with a rich natural heritage.","robots":{"index":"index","follow":"follow","max-snippet":"max-snippet:-1","max-image-preview":"max-image-preview:large","max-video-preview":"max-video-preview:-1"},"canonical":"https:\/\/www.ethicetapes-sologne.com\/en\/accomodation-jean-monnet\/schooltrip\/","og_locale":"en_US","og_type":"article","og_title":"Schooltrip - ETHIC ETAPES SOLOGNE ROMORANTIN","og_description":"The Ethic Etapes Jean Monnet team offers a schooltrip package. The Sologne is such an amazing playground with a rich natural heritage.","og_url":"https:\/\/www.ethicetapes-sologne.com\/en\/accomodation-jean-monnet\/schooltrip\/","og_site_name":"ETHICETAPES-SOLOGNE","article_publisher":"https:\/\/www.facebook.com\/ethicetapessologneromorantin\/?fref=ts","article_modified_time":"2019-01-11T14:08:31+00:00","twitter_card":"summary_large_image","twitter_misc":{"Est. reading time":"6 minutes"},"schema":{"@context":"https:\/\/schema.org","@graph":[{"@type":"WebPage","@id":"https:\/\/www.ethicetapes-sologne.com\/en\/accomodation-jean-monnet\/schooltrip\/","url":"https:\/\/www.ethicetapes-sologne.com\/en\/accomodation-jean-monnet\/schooltrip\/","name":"Schooltrip - ETHIC ETAPES SOLOGNE ROMORANTIN","isPartOf":{"@id":"https:\/\/www.ethicetapes-sologne.com\/#website"},"datePublished":"2017-01-31T10:56:57+00:00","dateModified":"2019-01-11T14:08:31+00:00","description":"The Ethic Etapes Jean Monnet team offers a schooltrip package. The Sologne is such an amazing playground with a rich natural heritage.","breadcrumb":{"@id":"https:\/\/www.ethicetapes-sologne.com\/en\/accomodation-jean-monnet\/schooltrip\/#breadcrumb"},"inLanguage":"en-US","potentialAction":[{"@type":"ReadAction","target":["https:\/\/www.ethicetapes-sologne.com\/en\/accomodation-jean-monnet\/schooltrip\/"]}]},{"@type":"BreadcrumbList","@id":"https:\/\/www.ethicetapes-sologne.com\/en\/accomodation-jean-monnet\/schooltrip\/#breadcrumb","itemListElement":[{"@type":"ListItem","position":1,"name":"Accueil","item":"https:\/\/www.ethicetapes-sologne.com\/en\/"},{"@type":"ListItem","position":2,"name":"Accommodation","item":"https:\/\/www.ethicetapes-sologne.com\/en\/accomodation-jean-monnet\/"},{"@type":"ListItem","position":3,"name":"Schooltrip"}]},{"@type":"WebSite","@id":"https:\/\/www.ethicetapes-sologne.com\/#website","url":"https:\/\/www.ethicetapes-sologne.com\/","name":"ETHICETAPES-SOLOGNE","description":"Association MAJO","potentialAction":[{"@type":"SearchAction","target":{"@type":"EntryPoint","urlTemplate":"https:\/\/www.ethicetapes-sologne.com\/?s={search_term_string}"},"query-input":{"@type":"PropertyValueSpecification","valueRequired":true,"valueName":"search_term_string"}}],"inLanguage":"en-US"}]}},"_links":{"self":[{"href":"https:\/\/www.ethicetapes-sologne.com\/en\/wp-json\/wp\/v2\/pages\/4745","targetHints":{"allow":["GET"]}}],"collection":[{"href":"https:\/\/www.ethicetapes-sologne.com\/en\/wp-json\/wp\/v2\/pages"}],"about":[{"href":"https:\/\/www.ethicetapes-sologne.com\/en\/wp-json\/wp\/v2\/types\/page"}],"author":[{"embeddable":true,"href":"https:\/\/www.ethicetapes-sologne.com\/en\/wp-json\/wp\/v2\/users\/1"}],"replies":[{"embeddable":true,"href":"https:\/\/www.ethicetapes-sologne.com\/en\/wp-json\/wp\/v2\/comments?post=4745"}],"version-history":[{"count":0,"href":"https:\/\/www.ethicetapes-sologne.com\/en\/wp-json\/wp\/v2\/pages\/4745\/revisions"}],"up":[{"embeddable":true,"href":"https:\/\/www.ethicetapes-sologne.com\/en\/wp-json\/wp\/v2\/pages\/4575"}],"wp:attachment":[{"href":"https:\/\/www.ethicetapes-sologne.com\/en\/wp-json\/wp\/v2\/media?parent=4745"}],"curies":[{"name":"wp","href":"https:\/\/api.w.org\/{rel}","templated":true}]}}