{"id":4720,"date":"2017-01-30T16:37:16","date_gmt":"2017-01-30T15:37:16","guid":{"rendered":"https:\/\/www.ethicetapes-sologne.com\/?page_id=4720"},"modified":"2017-03-15T12:30:54","modified_gmt":"2017-03-15T11:30:54","slug":"our-partners","status":"publish","type":"page","link":"https:\/\/www.ethicetapes-sologne.com\/en\/majo-association\/our-partners\/","title":{"rendered":"Our partners"},"content":{"rendered":"\n<style type=\"text\/css\" data-created_by=\"avia_inline_auto\" id=\"style-css-av-av_image-0d364e615604aea2d29e84fa986fe103\">\n.avia-image-container.av-av_image-0d364e615604aea2d29e84fa986fe103 img.avia_image{\nbox-shadow:none;\n}\n.avia-image-container.av-av_image-0d364e615604aea2d29e84fa986fe103 .av-image-caption-overlay-center{\ncolor:#ffffff;\n}\n<\/style>\n<div  class='avia-image-container av-av_image-0d364e615604aea2d29e84fa986fe103 av-styling- avia-align-center  avia-builder-el-0  el_before_av_hr  avia-builder-el-first '   itemprop=\"image\" itemscope=\"itemscope\" itemtype=\"https:\/\/schema.org\/ImageObject\" ><div class=\"avia-image-container-inner\"><div class=\"avia-image-overlay-wrap\"><img decoding=\"async\" fetchpriority=\"high\" class='wp-image-3708 avia-img-lazy-loading-not-3708 avia_image ' src=\"https:\/\/www.ethicetapes-sologne.com\/wp-content\/uploads\/2017\/01\/majo-ethic-etapes-partenaires-845x321.jpg\" alt='ethicetapes-romorantin-partenaires' title='ethicetapes-romorantin-partenaires'  height=\"321\" width=\"845\"  itemprop=\"thumbnailUrl\"  \/><\/div><\/div><\/div>\n\n<style type=\"text\/css\" data-created_by=\"avia_inline_auto\" id=\"style-css-av-av_hr-a6de236e6c183bbbd700292deacd2b52\">\n#top .hr.hr-invisible.av-av_hr-a6de236e6c183bbbd700292deacd2b52{\nheight:20px;\n}\n<\/style>\n<div  class='hr av-av_hr-a6de236e6c183bbbd700292deacd2b52 hr-invisible  avia-builder-el-1  el_after_av_image  el_before_av_one_half '><span class='hr-inner '><span class=\"hr-inner-style\"><\/span><\/span><\/div>\n\n<style type=\"text\/css\" data-created_by=\"avia_inline_auto\" id=\"style-css-av-av_one_half-6126cab7d8fab8d08143dd2dacdf673c\">\n.flex_column.av-av_one_half-6126cab7d8fab8d08143dd2dacdf673c{\nborder-radius:0px 0px 0px 0px;\npadding:0px 0px 0px 0px;\n}\n<\/style>\n<div  class='flex_column av-av_one_half-6126cab7d8fab8d08143dd2dacdf673c av_one_half  avia-builder-el-2  el_after_av_hr  el_before_av_one_half  first flex_column_div av-zero-column-padding  '     ><div  class='avia-icon-list-container av-av_iconlist-1f04fd4420054bf009d428f978a58dc3  avia-builder-el-3  avia-builder-el-no-sibling '><ul class='avia-icon-list avia_animate_when_almost_visible avia-icon-list-left av-iconlist-small av-av_iconlist-1f04fd4420054bf009d428f978a58dc3 avia-iconlist-animate'>\n<li><div class='iconlist_icon av-av_iconlist_item-2814aa6ca4c09c561f5a88d1c3d1fadd avia-font-entypo-fontello avia-iconfont avia-font-entypo-fontello'><span class='av-icon-char' data-av_icon='\ue896' data-av_iconfont='entypo-fontello' aria-hidden=\"true\"><\/span><\/div><article class=\"article-icon-entry \"  itemscope=\"itemscope\" itemtype=\"https:\/\/schema.org\/CreativeWork\" ><div class=\"iconlist_content_wrap\"><header class=\"entry-content-header\" aria-label=\"Icon: &lt;a href=&#039;http:\/\/www.romorantin.com&#039; title=&#039;Romorantin-Lanthenay Town Hall&#039; target=&quot;_blank&quot;  rel=&quot;noopener noreferrer&quot;&gt;Romorantin-Lanthenay Town Hall&lt;\/a&gt;\"><div class='av_iconlist_title iconlist_title_small  '  itemprop=\"headline\" ><a href='http:\/\/www.romorantin.com' title='Romorantin-Lanthenay Town Hall' target=\"_blank\"  rel=\"noopener noreferrer\">Romorantin-Lanthenay Town Hall<\/a><\/div><\/header><div class='iconlist_content '  itemprop=\"text\" ><p>Faubourg Saint-Roch<br \/>\nBP 147,<br \/>\n41206 Romorantin-Lanthenay cedex<br \/>\nPhone 02 54 94 41 00<br \/>\nFax. 02 54 94 41 58<br \/>\nEmail : <a href=\"mailto:info@romorantin.fr\">info@romorantin.fr<\/a><\/p>\n<\/div><\/div><footer class=\"entry-footer\"><\/footer><\/article><div class=\"iconlist-timeline\"><\/div><\/li>\n<li><div class='iconlist_icon av-av_iconlist_item-053311934690a092e5894b86983c55d3 avia-font-entypo-fontello avia-iconfont avia-font-entypo-fontello'><span class='av-icon-char' data-av_icon='\ue896' data-av_iconfont='entypo-fontello' aria-hidden=\"true\"><\/span><\/div><article class=\"article-icon-entry \"  itemscope=\"itemscope\" itemtype=\"https:\/\/schema.org\/CreativeWork\" ><div class=\"iconlist_content_wrap\"><header class=\"entry-content-header\" aria-label=\"Icon: &lt;a href=&#039;http:\/\/www.sologne-tourisme.fr\/?lang=fr&#039; title=&#039;Sologne, C\u00f4t\u00e9 Sud Tourism Board&#039; target=&quot;_blank&quot;  rel=&quot;noopener noreferrer&quot;&gt;Sologne, C\u00f4t\u00e9 Sud Tourism Board&lt;\/a&gt;\"><div class='av_iconlist_title iconlist_title_small  '  itemprop=\"headline\" ><a href='http:\/\/www.sologne-tourisme.fr\/?lang=fr' title='Sologne, C\u00f4t\u00e9 Sud Tourism Board' target=\"_blank\"  rel=\"noopener noreferrer\">Sologne, C\u00f4t\u00e9 Sud Tourism Board<\/a><\/div><\/header><div class='iconlist_content '  itemprop=\"text\" ><p>Place de la Paix<br \/>\n41200 Romorantin-Lanthenay<br \/>\nPhone 02 54 76 43 89<br \/>\nEmail : <a href=\"mailto:tourisme.solognecotesud41@gmail.com\">tourisme.solognecotesud41@gmail.com<\/a><\/p>\n<\/div><\/div><footer class=\"entry-footer\"><\/footer><\/article><div class=\"iconlist-timeline\"><\/div><\/li>\n<li><div class='iconlist_icon av-av_iconlist_item-337856134fca88898965acd0be9be680 avia-font-entypo-fontello avia-iconfont avia-font-entypo-fontello'><span class='av-icon-char' data-av_icon='\ue896' data-av_iconfont='entypo-fontello' aria-hidden=\"true\"><\/span><\/div><article class=\"article-icon-entry \"  itemscope=\"itemscope\" itemtype=\"https:\/\/schema.org\/CreativeWork\" ><div class=\"iconlist_content_wrap\"><header class=\"entry-content-header\" aria-label=\"Icon: Romorantin-Lanthenay Sports Board\"><div class='av_iconlist_title iconlist_title_small  '  itemprop=\"headline\" >Romorantin-Lanthenay Sports Board<\/div><\/header><div class='iconlist_content '  itemprop=\"text\" ><p>Phone 02 54 94 41 51<br \/>\nEmail : <a href=\"mailto:sport@romorantin.fr\">sport@romorantin.fr<\/a><\/p>\n<\/div><\/div><footer class=\"entry-footer\"><\/footer><\/article><div class=\"iconlist-timeline\"><\/div><\/li>\n<li><div class='iconlist_icon av-av_iconlist_item-42ae2ba30d0e681e3d40cf87e31ede03 avia-font-entypo-fontello avia-iconfont avia-font-entypo-fontello'><span class='av-icon-char' data-av_icon='\ue896' data-av_iconfont='entypo-fontello' aria-hidden=\"true\"><\/span><\/div><article class=\"article-icon-entry \"  itemscope=\"itemscope\" itemtype=\"https:\/\/schema.org\/CreativeWork\" ><div class=\"iconlist_content_wrap\"><header class=\"entry-content-header\" aria-label=\"Icon: &lt;a href=&#039;http:\/\/www.sologne-nature.org&#039; title=&#039;Sologne Nature Environnement&#039; target=&quot;_blank&quot;  rel=&quot;noopener noreferrer&quot;&gt;Sologne Nature Environnement&lt;\/a&gt;\"><div class='av_iconlist_title iconlist_title_small  '  itemprop=\"headline\" ><a href='http:\/\/www.sologne-nature.org' title='Sologne Nature Environnement' target=\"_blank\"  rel=\"noopener noreferrer\">Sologne Nature Environnement<\/a><\/div><\/header><div class='iconlist_content '  itemprop=\"text\" ><p>Parc de Beauvais &#8211; BP136<br \/>\n23 route de Selles-sur-Cher<br \/>\n41200 Romorantin-Lanthenay<br \/>\nPhone 0254762718<br \/>\nEmail : <a href=\"mailto:info@sologne-nature.org\">info@sologne-nature.org<\/a><\/p>\n<\/div><\/div><footer class=\"entry-footer\"><\/footer><\/article><div class=\"iconlist-timeline\"><\/div><\/li>\n<\/ul><\/div><\/div>\n\n<style type=\"text\/css\" data-created_by=\"avia_inline_auto\" id=\"style-css-av-av_one_half-0aa7055fe62c3622faec82866afbaeb2\">\n.flex_column.av-av_one_half-0aa7055fe62c3622faec82866afbaeb2{\nborder-radius:0px 0px 0px 0px;\npadding:0px 0px 0px 0px;\n}\n<\/style>\n<div  class='flex_column av-av_one_half-0aa7055fe62c3622faec82866afbaeb2 av_one_half  avia-builder-el-4  el_after_av_one_half  avia-builder-el-last  flex_column_div av-zero-column-padding  '     ><div  class='avia-icon-list-container av-av_iconlist-2c194443010a9aebdbd3153556da9eff  avia-builder-el-5  avia-builder-el-no-sibling '><ul class='avia-icon-list avia_animate_when_almost_visible avia-icon-list-left av-iconlist-small av-av_iconlist-2c194443010a9aebdbd3153556da9eff avia-iconlist-animate'>\n<li><div class='iconlist_icon av-av_iconlist_item-63c0304e20e0a3649766fbcad2a482c9 avia-font-entypo-fontello avia-iconfont avia-font-entypo-fontello'><span class='av-icon-char' data-av_icon='\ue896' data-av_iconfont='entypo-fontello' aria-hidden=\"true\"><\/span><\/div><article class=\"article-icon-entry \"  itemscope=\"itemscope\" itemtype=\"https:\/\/schema.org\/CreativeWork\" ><div class=\"iconlist_content_wrap\"><header class=\"entry-content-header\" aria-label=\"Icon: &lt;a href=&#039;http:\/\/www.museematra.com&#039; title=&#039;Matra Espace Automobiles Museum&#039; target=&quot;_blank&quot;  rel=&quot;noopener noreferrer&quot;&gt;Matra Espace Automobiles Museum&lt;\/a&gt;\"><div class='av_iconlist_title iconlist_title_small  '  itemprop=\"headline\" ><a href='http:\/\/www.museematra.com' title='Matra Espace Automobiles Museum' target=\"_blank\"  rel=\"noopener noreferrer\">Matra Espace Automobiles Museum<\/a><\/div><\/header><div class='iconlist_content '  itemprop=\"text\" ><p>Espace automobiles Matra<br \/>\n17, rue des Capucins<br \/>\n41200 Romorantin \u2013 Lanthenay<br \/>\nPhone 02 54 94 55 58<br \/>\nEmail : <a href=\"mailto:museematra@romorantin.fr\">museematra@romorantin.fr<\/a><\/p>\n<\/div><\/div><footer class=\"entry-footer\"><\/footer><\/article><div class=\"iconlist-timeline\"><\/div><\/li>\n<li><div class='iconlist_icon av-av_iconlist_item-23b4d9f46ec9d585ce0f5585c5efb6ea avia-font-entypo-fontello avia-iconfont avia-font-entypo-fontello'><span class='av-icon-char' data-av_icon='\ue896' data-av_iconfont='entypo-fontello' aria-hidden=\"true\"><\/span><\/div><article class=\"article-icon-entry \"  itemscope=\"itemscope\" itemtype=\"https:\/\/schema.org\/CreativeWork\" ><div class=\"iconlist_content_wrap\"><header class=\"entry-content-header\" aria-label=\"Icon: &lt;a href=&#039;http:\/\/www.museedesologne.com&#039; title=&#039;Sologne Museum&#039; target=&quot;_blank&quot;  rel=&quot;noopener noreferrer&quot;&gt;Sologne Museum&lt;\/a&gt;\"><div class='av_iconlist_title iconlist_title_small  '  itemprop=\"headline\" ><a href='http:\/\/www.museedesologne.com' title='Sologne Museum' target=\"_blank\"  rel=\"noopener noreferrer\">Sologne Museum<\/a><\/div><\/header><div class='iconlist_content '  itemprop=\"text\" ><p>Moulin du Chapitre,<br \/>\nBP 147<br \/>\n41206 Romorantin-Lanthenay cedex<br \/>\nPhone 02 54 95 33 66<br \/>\nEmail : <a href=\"mailto:museedesologne@romorantin.fr\">museedesologne@romorantin.fr<\/a><\/p>\n<\/div><\/div><footer class=\"entry-footer\"><\/footer><\/article><div class=\"iconlist-timeline\"><\/div><\/li>\n<li><div class='iconlist_icon av-av_iconlist_item-daf6a83ea499295954f2179ee07a15f5 avia-font-entypo-fontello avia-iconfont avia-font-entypo-fontello'><span class='av-icon-char' data-av_icon='\ue896' data-av_iconfont='entypo-fontello' aria-hidden=\"true\"><\/span><\/div><article class=\"article-icon-entry \"  itemscope=\"itemscope\" itemtype=\"https:\/\/schema.org\/CreativeWork\" ><div class=\"iconlist_content_wrap\"><header class=\"entry-content-header\" aria-label=\"Icon: &lt;a href=&#039;http:\/\/www.mjc-romo.com\/&#039; title=&#039;MJC Le Moulin de Romorantin&#039; target=&quot;_blank&quot;  rel=&quot;noopener noreferrer&quot;&gt;MJC Le Moulin de Romorantin&lt;\/a&gt;\"><div class='av_iconlist_title iconlist_title_small  '  itemprop=\"headline\" ><a href='http:\/\/www.mjc-romo.com\/' title='MJC Le Moulin de Romorantin' target=\"_blank\"  rel=\"noopener noreferrer\">MJC Le Moulin de Romorantin<\/a><\/div><\/header><div class='iconlist_content '  itemprop=\"text\" ><p>Moulin des Gar\u00e7onnets<br \/>\n2 rue Lucien DUBECH<br \/>\n41200 Romorantin-Lanthenay<br \/>\nPhone 02 54 76 12 08<br \/>\nEmail : <a href=\"mailto:mjc@romorantin.fr\">mjc@romorantin.fr<\/a><\/p>\n<\/div><\/div><footer class=\"entry-footer\"><\/footer><\/article><div class=\"iconlist-timeline\"><\/div><\/li>\n<li><div class='iconlist_icon av-av_iconlist_item-0b6de0f8c478d55ce540e57ae1c26d29 avia-font-entypo-fontello avia-iconfont avia-font-entypo-fontello'><span class='av-icon-char' data-av_icon='\ue896' data-av_iconfont='entypo-fontello' aria-hidden=\"true\"><\/span><\/div><article class=\"article-icon-entry \"  itemscope=\"itemscope\" itemtype=\"https:\/\/schema.org\/CreativeWork\" ><div class=\"iconlist_content_wrap\"><header class=\"entry-content-header\" aria-label=\"Icon: Sologne Cyclotourism Club\"><div class='av_iconlist_title iconlist_title_small  '  itemprop=\"headline\" >Sologne Cyclotourism Club<\/div><\/header><div class='iconlist_content '  itemprop=\"text\" ><p>Email : <a href=\"mailto:pascal.charluteau@wanadoo.fr\">pascal.charluteau@wanadoo.fr<\/a><\/p>\n<\/div><\/div><footer class=\"entry-footer\"><\/footer><\/article><div class=\"iconlist-timeline\"><\/div><\/li>\n<\/ul><\/div><\/div>\n","protected":false},"excerpt":{"rendered":"","protected":false},"author":1,"featured_media":0,"parent":4695,"menu_order":0,"comment_status":"closed","ping_status":"closed","template":"","meta":{"footnotes":""},"class_list":["post-4720","page","type-page","status-publish","hentry"],"yoast_head":"<!-- This site is optimized with the Yoast SEO plugin v27.5 - https:\/\/yoast.com\/product\/yoast-seo-wordpress\/ -->\n<title>Our partners - ETHIC ETAPES ROMORANTIN<\/title>\n<meta name=\"robots\" content=\"index, follow, max-snippet:-1, max-image-preview:large, max-video-preview:-1\" \/>\n<link rel=\"canonical\" href=\"https:\/\/www.ethicetapes-sologne.com\/en\/majo-association\/our-partners\/\" \/>\n<meta property=\"og:locale\" content=\"en_US\" \/>\n<meta property=\"og:type\" content=\"article\" \/>\n<meta property=\"og:title\" content=\"Our partners - ETHIC ETAPES ROMORANTIN\" \/>\n<meta property=\"og:url\" content=\"https:\/\/www.ethicetapes-sologne.com\/en\/majo-association\/our-partners\/\" \/>\n<meta property=\"og:site_name\" content=\"ETHICETAPES-SOLOGNE\" \/>\n<meta property=\"article:publisher\" content=\"https:\/\/www.facebook.com\/ethicetapessologneromorantin\/?fref=ts\" \/>\n<meta property=\"article:modified_time\" content=\"2017-03-15T11:30:54+00:00\" \/>\n<meta name=\"twitter:card\" content=\"summary_large_image\" \/>\n<meta name=\"twitter:label1\" content=\"Est. reading time\" \/>\n\t<meta name=\"twitter:data1\" content=\"3 minutes\" \/>\n<script type=\"application\/ld+json\" class=\"yoast-schema-graph\">{\"@context\":\"https:\\\/\\\/schema.org\",\"@graph\":[{\"@type\":\"WebPage\",\"@id\":\"https:\\\/\\\/www.ethicetapes-sologne.com\\\/en\\\/majo-association\\\/our-partners\\\/\",\"url\":\"https:\\\/\\\/www.ethicetapes-sologne.com\\\/en\\\/majo-association\\\/our-partners\\\/\",\"name\":\"Our partners - ETHIC ETAPES ROMORANTIN\",\"isPartOf\":{\"@id\":\"https:\\\/\\\/www.ethicetapes-sologne.com\\\/#website\"},\"datePublished\":\"2017-01-30T15:37:16+00:00\",\"dateModified\":\"2017-03-15T11:30:54+00:00\",\"breadcrumb\":{\"@id\":\"https:\\\/\\\/www.ethicetapes-sologne.com\\\/en\\\/majo-association\\\/our-partners\\\/#breadcrumb\"},\"inLanguage\":\"en-US\",\"potentialAction\":[{\"@type\":\"ReadAction\",\"target\":[\"https:\\\/\\\/www.ethicetapes-sologne.com\\\/en\\\/majo-association\\\/our-partners\\\/\"]}]},{\"@type\":\"BreadcrumbList\",\"@id\":\"https:\\\/\\\/www.ethicetapes-sologne.com\\\/en\\\/majo-association\\\/our-partners\\\/#breadcrumb\",\"itemListElement\":[{\"@type\":\"ListItem\",\"position\":1,\"name\":\"Accueil\",\"item\":\"https:\\\/\\\/www.ethicetapes-sologne.com\\\/en\\\/\"},{\"@type\":\"ListItem\",\"position\":2,\"name\":\"Who are we?\",\"item\":\"https:\\\/\\\/www.ethicetapes-sologne.com\\\/en\\\/majo-association\\\/\"},{\"@type\":\"ListItem\",\"position\":3,\"name\":\"Our partners\"}]},{\"@type\":\"WebSite\",\"@id\":\"https:\\\/\\\/www.ethicetapes-sologne.com\\\/#website\",\"url\":\"https:\\\/\\\/www.ethicetapes-sologne.com\\\/\",\"name\":\"ETHICETAPES-SOLOGNE\",\"description\":\"Association MAJO\",\"potentialAction\":[{\"@type\":\"SearchAction\",\"target\":{\"@type\":\"EntryPoint\",\"urlTemplate\":\"https:\\\/\\\/www.ethicetapes-sologne.com\\\/?s={search_term_string}\"},\"query-input\":{\"@type\":\"PropertyValueSpecification\",\"valueRequired\":true,\"valueName\":\"search_term_string\"}}],\"inLanguage\":\"en-US\"}]}<\/script>\n<!-- \/ Yoast SEO plugin. -->","yoast_head_json":{"title":"Our partners - ETHIC ETAPES ROMORANTIN","robots":{"index":"index","follow":"follow","max-snippet":"max-snippet:-1","max-image-preview":"max-image-preview:large","max-video-preview":"max-video-preview:-1"},"canonical":"https:\/\/www.ethicetapes-sologne.com\/en\/majo-association\/our-partners\/","og_locale":"en_US","og_type":"article","og_title":"Our partners - ETHIC ETAPES ROMORANTIN","og_url":"https:\/\/www.ethicetapes-sologne.com\/en\/majo-association\/our-partners\/","og_site_name":"ETHICETAPES-SOLOGNE","article_publisher":"https:\/\/www.facebook.com\/ethicetapessologneromorantin\/?fref=ts","article_modified_time":"2017-03-15T11:30:54+00:00","twitter_card":"summary_large_image","twitter_misc":{"Est. reading time":"3 minutes"},"schema":{"@context":"https:\/\/schema.org","@graph":[{"@type":"WebPage","@id":"https:\/\/www.ethicetapes-sologne.com\/en\/majo-association\/our-partners\/","url":"https:\/\/www.ethicetapes-sologne.com\/en\/majo-association\/our-partners\/","name":"Our partners - ETHIC ETAPES ROMORANTIN","isPartOf":{"@id":"https:\/\/www.ethicetapes-sologne.com\/#website"},"datePublished":"2017-01-30T15:37:16+00:00","dateModified":"2017-03-15T11:30:54+00:00","breadcrumb":{"@id":"https:\/\/www.ethicetapes-sologne.com\/en\/majo-association\/our-partners\/#breadcrumb"},"inLanguage":"en-US","potentialAction":[{"@type":"ReadAction","target":["https:\/\/www.ethicetapes-sologne.com\/en\/majo-association\/our-partners\/"]}]},{"@type":"BreadcrumbList","@id":"https:\/\/www.ethicetapes-sologne.com\/en\/majo-association\/our-partners\/#breadcrumb","itemListElement":[{"@type":"ListItem","position":1,"name":"Accueil","item":"https:\/\/www.ethicetapes-sologne.com\/en\/"},{"@type":"ListItem","position":2,"name":"Who are we?","item":"https:\/\/www.ethicetapes-sologne.com\/en\/majo-association\/"},{"@type":"ListItem","position":3,"name":"Our partners"}]},{"@type":"WebSite","@id":"https:\/\/www.ethicetapes-sologne.com\/#website","url":"https:\/\/www.ethicetapes-sologne.com\/","name":"ETHICETAPES-SOLOGNE","description":"Association MAJO","potentialAction":[{"@type":"SearchAction","target":{"@type":"EntryPoint","urlTemplate":"https:\/\/www.ethicetapes-sologne.com\/?s={search_term_string}"},"query-input":{"@type":"PropertyValueSpecification","valueRequired":true,"valueName":"search_term_string"}}],"inLanguage":"en-US"}]}},"_links":{"self":[{"href":"https:\/\/www.ethicetapes-sologne.com\/en\/wp-json\/wp\/v2\/pages\/4720","targetHints":{"allow":["GET"]}}],"collection":[{"href":"https:\/\/www.ethicetapes-sologne.com\/en\/wp-json\/wp\/v2\/pages"}],"about":[{"href":"https:\/\/www.ethicetapes-sologne.com\/en\/wp-json\/wp\/v2\/types\/page"}],"author":[{"embeddable":true,"href":"https:\/\/www.ethicetapes-sologne.com\/en\/wp-json\/wp\/v2\/users\/1"}],"replies":[{"embeddable":true,"href":"https:\/\/www.ethicetapes-sologne.com\/en\/wp-json\/wp\/v2\/comments?post=4720"}],"version-history":[{"count":0,"href":"https:\/\/www.ethicetapes-sologne.com\/en\/wp-json\/wp\/v2\/pages\/4720\/revisions"}],"up":[{"embeddable":true,"href":"https:\/\/www.ethicetapes-sologne.com\/en\/wp-json\/wp\/v2\/pages\/4695"}],"wp:attachment":[{"href":"https:\/\/www.ethicetapes-sologne.com\/en\/wp-json\/wp\/v2\/media?parent=4720"}],"curies":[{"name":"wp","href":"https:\/\/api.w.org\/{rel}","templated":true}]}}