{"id":4712,"date":"2017-01-30T16:28:31","date_gmt":"2017-01-30T15:28:31","guid":{"rendered":"https:\/\/www.ethicetapes-sologne.com\/?page_id=4712"},"modified":"2017-03-03T16:07:39","modified_gmt":"2017-03-03T15:07:39","slug":"ecomobility","status":"publish","type":"page","link":"https:\/\/www.ethicetapes-sologne.com\/en\/majo-association\/ecomobility\/","title":{"rendered":"Ecomobility"},"content":{"rendered":"\n<style type=\"text\/css\" data-created_by=\"avia_inline_auto\" id=\"style-css-av-av_image-a92245ae26decd30fa6e2365bddd4d05\">\n.avia-image-container.av-av_image-a92245ae26decd30fa6e2365bddd4d05 img.avia_image{\nbox-shadow:none;\n}\n.avia-image-container.av-av_image-a92245ae26decd30fa6e2365bddd4d05 .av-image-caption-overlay-center{\ncolor:#ffffff;\n}\n<\/style>\n<div  class='avia-image-container av-av_image-a92245ae26decd30fa6e2365bddd4d05 av-styling- avia-align-center  avia-builder-el-0  el_before_av_hr  avia-builder-el-first '   itemprop=\"image\" itemscope=\"itemscope\" itemtype=\"https:\/\/schema.org\/ImageObject\" ><div class=\"avia-image-container-inner\"><div class=\"avia-image-overlay-wrap\"><img decoding=\"async\" fetchpriority=\"high\" class='wp-image-3688 avia-img-lazy-loading-not-3688 avia_image ' src=\"https:\/\/www.ethicetapes-sologne.com\/wp-content\/uploads\/2017\/01\/majo-ethic-etapes-ecomobilite-845x321.jpg\" alt='Au centre \u00e9thic \u00e9tapes de Romorantin, nous encourageons l&#039;\u00e9comobilit\u00e9 !' title='ethicetapes-romorantin-ecomobilite'  height=\"321\" width=\"845\"  itemprop=\"thumbnailUrl\"  \/><\/div><\/div><\/div>\n\n<style type=\"text\/css\" data-created_by=\"avia_inline_auto\" id=\"style-css-av-av_hr-a6de236e6c183bbbd700292deacd2b52\">\n#top .hr.hr-invisible.av-av_hr-a6de236e6c183bbbd700292deacd2b52{\nheight:20px;\n}\n<\/style>\n<div  class='hr av-av_hr-a6de236e6c183bbbd700292deacd2b52 hr-invisible  avia-builder-el-1  el_after_av_image  el_before_av_one_full '><span class='hr-inner '><span class=\"hr-inner-style\"><\/span><\/span><\/div>\n\n<style type=\"text\/css\" data-created_by=\"avia_inline_auto\" id=\"style-css-av-av_one_full-6126cab7d8fab8d08143dd2dacdf673c\">\n.flex_column.av-av_one_full-6126cab7d8fab8d08143dd2dacdf673c{\nborder-radius:0px 0px 0px 0px;\npadding:0px 0px 0px 0px;\n}\n<\/style>\n<div  class='flex_column av-av_one_full-6126cab7d8fab8d08143dd2dacdf673c av_one_full  avia-builder-el-2  el_after_av_hr  el_before_av_one_half  first flex_column_div av-zero-column-padding  '     ><style type=\"text\/css\" data-created_by=\"avia_inline_auto\" id=\"style-css-av-av_heading-d0642630f53dab3e622cbb1a90055f27\">\n#top .av-special-heading.av-av_heading-d0642630f53dab3e622cbb1a90055f27{\npadding-bottom:0;\n}\nbody .av-special-heading.av-av_heading-d0642630f53dab3e622cbb1a90055f27 .av-special-heading-tag .heading-char{\nfont-size:25px;\n}\n.av-special-heading.av-av_heading-d0642630f53dab3e622cbb1a90055f27 .av-subheading{\nfont-size:15px;\n}\n<\/style>\n<div  class='av-special-heading av-av_heading-d0642630f53dab3e622cbb1a90055f27 av-special-heading-h3  avia-builder-el-3  avia-builder-el-no-sibling '><h3 class='av-special-heading-tag '  itemprop=\"headline\"  >Here, we encourage to ecomobility!<\/h3><div class=\"special-heading-border\"><div class=\"special-heading-inner-border\"><\/div><\/div><\/div><\/div>\n<style type=\"text\/css\" data-created_by=\"avia_inline_auto\" id=\"style-css-av-av_one_half-f7f8a4d0d51ad15b1e016cc6ac79217b\">\n#top .flex_column.av-av_one_half-f7f8a4d0d51ad15b1e016cc6ac79217b{\nmargin-top:3%;\n}\n.flex_column.av-av_one_half-f7f8a4d0d51ad15b1e016cc6ac79217b{\nborder-radius:0px 0px 0px 0px;\npadding:0px 0px 0px 0px;\n}\n.responsive #top #wrap_all .flex_column.av-av_one_half-f7f8a4d0d51ad15b1e016cc6ac79217b{\nmargin-top:3%;\n}\n<\/style>\n<div  class='flex_column av-av_one_half-f7f8a4d0d51ad15b1e016cc6ac79217b av_one_half  avia-builder-el-4  el_after_av_one_full  el_before_av_one_half  first flex_column_div av-zero-column-padding  column-top-margin'     ><div  class='avia-icon-list-container av-av_iconlist-1f04fd4420054bf009d428f978a58dc3  avia-builder-el-5  avia-builder-el-no-sibling '><ul class='avia-icon-list avia_animate_when_almost_visible avia-icon-list-left av-iconlist-small av-av_iconlist-1f04fd4420054bf009d428f978a58dc3 avia-iconlist-animate'>\n<li><div class='iconlist_icon av-av_iconlist_item-009c509987326bd397e07c1517b66961 avia-font-entypo-fontello avia-iconfont avia-font-entypo-fontello'><span class='av-icon-char' data-av_icon='\ue8bc' data-av_iconfont='entypo-fontello' aria-hidden=\"true\"><\/span><\/div><article class=\"article-icon-entry \"  itemscope=\"itemscope\" itemtype=\"https:\/\/schema.org\/CreativeWork\" ><div class=\"iconlist_content_wrap\"><header class=\"entry-content-header\" aria-label=\"Icon: Train\"><div class='av_iconlist_title iconlist_title_small  '  itemprop=\"headline\" >Train<\/div><\/header><div class='iconlist_content '  itemprop=\"text\" ><p><span style=\"color: #c3512f;\">From Romorantin station :<\/span><br \/>\nThe famous \u00ab Blanc Argent \u00bb line to Salbris enable to join Paris.<br \/>\ndaily line to Vierzon*, Valen\u00e7ay et Nouan le Fuzelier.<\/p>\n<p><span style=\"color: #c3512f;\">From Gi\u00e8vres station:<\/span><br \/>\ndaily line to Tours*, Nevers*, Bourges* et Vierzon*.<\/p>\n<\/div><\/div><footer class=\"entry-footer\"><\/footer><\/article><div class=\"iconlist-timeline\"><\/div><\/li>\n<li><div class='iconlist_icon av-av_iconlist_item-d8027d5ff70f366feab3fb469f7acbee avia-font-entypo-fontello avia-iconfont avia-font-entypo-fontello'><span class='av-icon-char' data-av_icon='\ue8bc' data-av_iconfont='entypo-fontello' aria-hidden=\"true\"><\/span><\/div><article class=\"article-icon-entry \"  itemscope=\"itemscope\" itemtype=\"https:\/\/schema.org\/CreativeWork\" ><div class=\"iconlist_content_wrap\"><header class=\"entry-content-header\" aria-label=\"Icon: Bus\"><div class='av_iconlist_title iconlist_title_small  '  itemprop=\"headline\" >Bus<\/div><\/header><div class='iconlist_content '  itemprop=\"text\" ><p><span style=\"color: #c3512f;\">Line 4 :<\/span><br \/>\nRomorantin &#8211; Contres &#8211; Cheverny &#8211; Blois*<br \/>\nAsk for schedules at the reception<\/p>\n<p>* These stations offer direct correspondences towards Paris<\/p>\n<\/div><\/div><footer class=\"entry-footer\"><\/footer><\/article><div class=\"iconlist-timeline\"><\/div><\/li>\n<\/ul><\/div><\/div>\n<style type=\"text\/css\" data-created_by=\"avia_inline_auto\" id=\"style-css-av-av_one_half-0aa7055fe62c3622faec82866afbaeb2\">\n#top .flex_column.av-av_one_half-0aa7055fe62c3622faec82866afbaeb2{\nmargin-top:3%;\n}\n.flex_column.av-av_one_half-0aa7055fe62c3622faec82866afbaeb2{\nborder-radius:0px 0px 0px 0px;\npadding:0px 0px 0px 0px;\n}\n.responsive #top #wrap_all .flex_column.av-av_one_half-0aa7055fe62c3622faec82866afbaeb2{\nmargin-top:3%;\n}\n<\/style>\n<div  class='flex_column av-av_one_half-0aa7055fe62c3622faec82866afbaeb2 av_one_half  avia-builder-el-6  el_after_av_one_half  el_before_av_one_full  flex_column_div av-zero-column-padding  column-top-margin'     ><div  class='avia-icon-list-container av-av_iconlist-1f04fd4420054bf009d428f978a58dc3  avia-builder-el-7  avia-builder-el-no-sibling '><ul class='avia-icon-list avia_animate_when_almost_visible avia-icon-list-left av-iconlist-small av-av_iconlist-1f04fd4420054bf009d428f978a58dc3 avia-iconlist-animate'>\n<li><div class='iconlist_icon av-av_iconlist_item-3d0a4c3724aa6010910444e874b4f751 avia-font-entypo-fontello avia-iconfont avia-font-entypo-fontello'><span class='av-icon-char' data-av_icon='\ue8bc' data-av_iconfont='entypo-fontello' aria-hidden=\"true\"><\/span><\/div><article class=\"article-icon-entry \"  itemscope=\"itemscope\" itemtype=\"https:\/\/schema.org\/CreativeWork\" ><div class=\"iconlist_content_wrap\"><header class=\"entry-content-header\" aria-label=\"Icon: Bike\"><div class='av_iconlist_title iconlist_title_small  '  itemprop=\"headline\" >Bike<\/div><\/header><div class='iconlist_content '  itemprop=\"text\" ><p>There is a bike garage in the Centre you can use to store your own bicycle. You can also rent a bike at the reception.<\/p>\n<\/div><\/div><footer class=\"entry-footer\"><\/footer><\/article><div class=\"iconlist-timeline\"><\/div><\/li>\n<li><div class='iconlist_icon av-av_iconlist_item-ef8b262b8a4d3fd7d075f6bbd9d78e35 avia-font-entypo-fontello avia-iconfont avia-font-entypo-fontello'><span class='av-icon-char' data-av_icon='\ue8bc' data-av_iconfont='entypo-fontello' aria-hidden=\"true\"><\/span><\/div><article class=\"article-icon-entry \"  itemscope=\"itemscope\" itemtype=\"https:\/\/schema.org\/CreativeWork\" ><div class=\"iconlist_content_wrap\"><header class=\"entry-content-header\" aria-label=\"Icon: Carsharing\"><div class='av_iconlist_title iconlist_title_small  '  itemprop=\"headline\" >Carsharing<\/div><\/header><div class='iconlist_content '  itemprop=\"text\" ><p>Carsharing is a friendly transportation way to reduce costs and environmental impacts.<br \/>\nDrivers (non professional) offer to interested travelers to take them a lift for little money.<\/p>\n<p>Some websites to find carsharing partners: <a href=\"https:\/\/www.blablacar.fr\" target=\"_blank\">BlaBlaCar<\/a>, <a href=\"https:\/\/covoiturage-libre.fr\" target=\"_blank\">covoiturage-libre.fr<\/a><\/p>\n<\/div><\/div><footer class=\"entry-footer\"><\/footer><\/article><div class=\"iconlist-timeline\"><\/div><\/li>\n<\/ul><\/div><\/div>\n<style type=\"text\/css\" data-created_by=\"avia_inline_auto\" id=\"style-css-av-av_one_full-6126cab7d8fab8d08143dd2dacdf673c\">\n.flex_column.av-av_one_full-6126cab7d8fab8d08143dd2dacdf673c{\nborder-radius:0px 0px 0px 0px;\npadding:0px 0px 0px 0px;\n}\n<\/style>\n<div  class='flex_column av-av_one_full-6126cab7d8fab8d08143dd2dacdf673c av_one_full  avia-builder-el-8  el_after_av_one_half  el_before_av_textblock  first flex_column_div av-zero-column-padding  column-top-margin'     ><style type=\"text\/css\" data-created_by=\"avia_inline_auto\" id=\"style-css-av-av_heading-2ec9b2a6810451eedda74d007f4be1d8\">\n#top .av-special-heading.av-av_heading-2ec9b2a6810451eedda74d007f4be1d8{\npadding-bottom:20px;\n}\nbody .av-special-heading.av-av_heading-2ec9b2a6810451eedda74d007f4be1d8 .av-special-heading-tag .heading-char{\nfont-size:25px;\n}\n.av-special-heading.av-av_heading-2ec9b2a6810451eedda74d007f4be1d8 .av-subheading{\nfont-size:15px;\n}\n<\/style>\n<div  class='av-special-heading av-av_heading-2ec9b2a6810451eedda74d007f4be1d8 av-special-heading-h3  avia-builder-el-9  avia-builder-el-no-sibling '><h3 class='av-special-heading-tag '  itemprop=\"headline\"  >Carbon compensation<\/h3><div class=\"special-heading-border\"><div class=\"special-heading-inner-border\"><\/div><\/div><\/div><\/div><section  class='av_textblock_section av-av_textblock-0366cc7376be6c9e82a3e9cc8987b64f '   itemscope=\"itemscope\" itemtype=\"https:\/\/schema.org\/CreativeWork\" ><div class='avia_textblock'  itemprop=\"text\" ><p>Carbone missions due to your travel, especially if you came by car, have a huge impact on the environment: why not compensate it?<br \/>\nNumerous website, like <a href=\"http:\/\/www.eco-act.com\" target=\"_blank\">Eco-act.com<\/a> allow you to finance a project which avoids rejecting the CO2 you emitted.<\/p>\n<\/div><\/section><\/p>\n","protected":false},"excerpt":{"rendered":"","protected":false},"author":1,"featured_media":0,"parent":4695,"menu_order":0,"comment_status":"closed","ping_status":"closed","template":"","meta":{"footnotes":""},"class_list":["post-4712","page","type-page","status-publish","hentry"],"yoast_head":"<!-- This site is optimized with the Yoast SEO plugin v27.5 - https:\/\/yoast.com\/product\/yoast-seo-wordpress\/ -->\n<title>Ecomobility - ETHIC ETAPES SOLOGNE ROMORANTIN<\/title>\n<meta name=\"description\" content=\"Train from Romorantin or Gi\u00e8vres station (direct correspondences towards Paris), bus line 4, bike possible for the rent or carsharing.\" \/>\n<meta name=\"robots\" content=\"index, follow, max-snippet:-1, max-image-preview:large, max-video-preview:-1\" \/>\n<link rel=\"canonical\" href=\"https:\/\/www.ethicetapes-sologne.com\/en\/majo-association\/ecomobility\/\" \/>\n<meta property=\"og:locale\" content=\"en_US\" \/>\n<meta property=\"og:type\" content=\"article\" \/>\n<meta property=\"og:title\" content=\"Ecomobility - ETHIC ETAPES SOLOGNE ROMORANTIN\" \/>\n<meta property=\"og:description\" content=\"Train from Romorantin or Gi\u00e8vres station (direct correspondences towards Paris), bus line 4, bike possible for the rent or carsharing.\" \/>\n<meta property=\"og:url\" content=\"https:\/\/www.ethicetapes-sologne.com\/en\/majo-association\/ecomobility\/\" \/>\n<meta property=\"og:site_name\" content=\"ETHICETAPES-SOLOGNE\" \/>\n<meta property=\"article:publisher\" content=\"https:\/\/www.facebook.com\/ethicetapessologneromorantin\/?fref=ts\" \/>\n<meta property=\"article:modified_time\" content=\"2017-03-03T15:07:39+00:00\" \/>\n<meta name=\"twitter:card\" content=\"summary_large_image\" \/>\n<meta name=\"twitter:label1\" content=\"Est. reading time\" \/>\n\t<meta name=\"twitter:data1\" content=\"3 minutes\" \/>\n<script type=\"application\/ld+json\" class=\"yoast-schema-graph\">{\"@context\":\"https:\\\/\\\/schema.org\",\"@graph\":[{\"@type\":\"WebPage\",\"@id\":\"https:\\\/\\\/www.ethicetapes-sologne.com\\\/en\\\/majo-association\\\/ecomobility\\\/\",\"url\":\"https:\\\/\\\/www.ethicetapes-sologne.com\\\/en\\\/majo-association\\\/ecomobility\\\/\",\"name\":\"Ecomobility - ETHIC ETAPES SOLOGNE ROMORANTIN\",\"isPartOf\":{\"@id\":\"https:\\\/\\\/www.ethicetapes-sologne.com\\\/#website\"},\"datePublished\":\"2017-01-30T15:28:31+00:00\",\"dateModified\":\"2017-03-03T15:07:39+00:00\",\"description\":\"Train from Romorantin or Gi\u00e8vres station (direct correspondences towards Paris), bus line 4, bike possible for the rent or carsharing.\",\"breadcrumb\":{\"@id\":\"https:\\\/\\\/www.ethicetapes-sologne.com\\\/en\\\/majo-association\\\/ecomobility\\\/#breadcrumb\"},\"inLanguage\":\"en-US\",\"potentialAction\":[{\"@type\":\"ReadAction\",\"target\":[\"https:\\\/\\\/www.ethicetapes-sologne.com\\\/en\\\/majo-association\\\/ecomobility\\\/\"]}]},{\"@type\":\"BreadcrumbList\",\"@id\":\"https:\\\/\\\/www.ethicetapes-sologne.com\\\/en\\\/majo-association\\\/ecomobility\\\/#breadcrumb\",\"itemListElement\":[{\"@type\":\"ListItem\",\"position\":1,\"name\":\"Accueil\",\"item\":\"https:\\\/\\\/www.ethicetapes-sologne.com\\\/en\\\/\"},{\"@type\":\"ListItem\",\"position\":2,\"name\":\"Who are we?\",\"item\":\"https:\\\/\\\/www.ethicetapes-sologne.com\\\/en\\\/majo-association\\\/\"},{\"@type\":\"ListItem\",\"position\":3,\"name\":\"Ecomobility\"}]},{\"@type\":\"WebSite\",\"@id\":\"https:\\\/\\\/www.ethicetapes-sologne.com\\\/#website\",\"url\":\"https:\\\/\\\/www.ethicetapes-sologne.com\\\/\",\"name\":\"ETHICETAPES-SOLOGNE\",\"description\":\"Association MAJO\",\"potentialAction\":[{\"@type\":\"SearchAction\",\"target\":{\"@type\":\"EntryPoint\",\"urlTemplate\":\"https:\\\/\\\/www.ethicetapes-sologne.com\\\/?s={search_term_string}\"},\"query-input\":{\"@type\":\"PropertyValueSpecification\",\"valueRequired\":true,\"valueName\":\"search_term_string\"}}],\"inLanguage\":\"en-US\"}]}<\/script>\n<!-- \/ Yoast SEO plugin. -->","yoast_head_json":{"title":"Ecomobility - ETHIC ETAPES SOLOGNE ROMORANTIN","description":"Train from Romorantin or Gi\u00e8vres station (direct correspondences towards Paris), bus line 4, bike possible for the rent or carsharing.","robots":{"index":"index","follow":"follow","max-snippet":"max-snippet:-1","max-image-preview":"max-image-preview:large","max-video-preview":"max-video-preview:-1"},"canonical":"https:\/\/www.ethicetapes-sologne.com\/en\/majo-association\/ecomobility\/","og_locale":"en_US","og_type":"article","og_title":"Ecomobility - ETHIC ETAPES SOLOGNE ROMORANTIN","og_description":"Train from Romorantin or Gi\u00e8vres station (direct correspondences towards Paris), bus line 4, bike possible for the rent or carsharing.","og_url":"https:\/\/www.ethicetapes-sologne.com\/en\/majo-association\/ecomobility\/","og_site_name":"ETHICETAPES-SOLOGNE","article_publisher":"https:\/\/www.facebook.com\/ethicetapessologneromorantin\/?fref=ts","article_modified_time":"2017-03-03T15:07:39+00:00","twitter_card":"summary_large_image","twitter_misc":{"Est. reading time":"3 minutes"},"schema":{"@context":"https:\/\/schema.org","@graph":[{"@type":"WebPage","@id":"https:\/\/www.ethicetapes-sologne.com\/en\/majo-association\/ecomobility\/","url":"https:\/\/www.ethicetapes-sologne.com\/en\/majo-association\/ecomobility\/","name":"Ecomobility - ETHIC ETAPES SOLOGNE ROMORANTIN","isPartOf":{"@id":"https:\/\/www.ethicetapes-sologne.com\/#website"},"datePublished":"2017-01-30T15:28:31+00:00","dateModified":"2017-03-03T15:07:39+00:00","description":"Train from Romorantin or Gi\u00e8vres station (direct correspondences towards Paris), bus line 4, bike possible for the rent or carsharing.","breadcrumb":{"@id":"https:\/\/www.ethicetapes-sologne.com\/en\/majo-association\/ecomobility\/#breadcrumb"},"inLanguage":"en-US","potentialAction":[{"@type":"ReadAction","target":["https:\/\/www.ethicetapes-sologne.com\/en\/majo-association\/ecomobility\/"]}]},{"@type":"BreadcrumbList","@id":"https:\/\/www.ethicetapes-sologne.com\/en\/majo-association\/ecomobility\/#breadcrumb","itemListElement":[{"@type":"ListItem","position":1,"name":"Accueil","item":"https:\/\/www.ethicetapes-sologne.com\/en\/"},{"@type":"ListItem","position":2,"name":"Who are we?","item":"https:\/\/www.ethicetapes-sologne.com\/en\/majo-association\/"},{"@type":"ListItem","position":3,"name":"Ecomobility"}]},{"@type":"WebSite","@id":"https:\/\/www.ethicetapes-sologne.com\/#website","url":"https:\/\/www.ethicetapes-sologne.com\/","name":"ETHICETAPES-SOLOGNE","description":"Association MAJO","potentialAction":[{"@type":"SearchAction","target":{"@type":"EntryPoint","urlTemplate":"https:\/\/www.ethicetapes-sologne.com\/?s={search_term_string}"},"query-input":{"@type":"PropertyValueSpecification","valueRequired":true,"valueName":"search_term_string"}}],"inLanguage":"en-US"}]}},"_links":{"self":[{"href":"https:\/\/www.ethicetapes-sologne.com\/en\/wp-json\/wp\/v2\/pages\/4712","targetHints":{"allow":["GET"]}}],"collection":[{"href":"https:\/\/www.ethicetapes-sologne.com\/en\/wp-json\/wp\/v2\/pages"}],"about":[{"href":"https:\/\/www.ethicetapes-sologne.com\/en\/wp-json\/wp\/v2\/types\/page"}],"author":[{"embeddable":true,"href":"https:\/\/www.ethicetapes-sologne.com\/en\/wp-json\/wp\/v2\/users\/1"}],"replies":[{"embeddable":true,"href":"https:\/\/www.ethicetapes-sologne.com\/en\/wp-json\/wp\/v2\/comments?post=4712"}],"version-history":[{"count":0,"href":"https:\/\/www.ethicetapes-sologne.com\/en\/wp-json\/wp\/v2\/pages\/4712\/revisions"}],"up":[{"embeddable":true,"href":"https:\/\/www.ethicetapes-sologne.com\/en\/wp-json\/wp\/v2\/pages\/4695"}],"wp:attachment":[{"href":"https:\/\/www.ethicetapes-sologne.com\/en\/wp-json\/wp\/v2\/media?parent=4712"}],"curies":[{"name":"wp","href":"https:\/\/api.w.org\/{rel}","templated":true}]}}