{"id":4711,"date":"2017-01-31T12:00:47","date_gmt":"2017-01-31T11:00:47","guid":{"rendered":"https:\/\/www.ethicetapes-sologne.com\/?page_id=4711"},"modified":"2017-03-09T11:37:16","modified_gmt":"2017-03-09T10:37:16","slug":"european-eco-label","status":"publish","type":"page","link":"https:\/\/www.ethicetapes-sologne.com\/en\/majo-association\/european-eco-label\/","title":{"rendered":"European Eco-label"},"content":{"rendered":"\n<style type=\"text\/css\" data-created_by=\"avia_inline_auto\" id=\"style-css-av-av_image-1f89b7cb9408659afce656b0d7926ead\">\n.avia-image-container.av-av_image-1f89b7cb9408659afce656b0d7926ead img.avia_image{\nbox-shadow:none;\n}\n.avia-image-container.av-av_image-1f89b7cb9408659afce656b0d7926ead .av-image-caption-overlay-center{\ncolor:#ffffff;\n}\n<\/style>\n<div  class='avia-image-container av-av_image-1f89b7cb9408659afce656b0d7926ead av-styling- avia-align-center  avia-builder-el-0  el_before_av_hr  avia-builder-el-first '   itemprop=\"image\" itemscope=\"itemscope\" itemtype=\"https:\/\/schema.org\/ImageObject\" ><div class=\"avia-image-container-inner\"><div class=\"avia-image-overlay-wrap\"><img decoding=\"async\" fetchpriority=\"high\" class='wp-image-3725 avia-img-lazy-loading-not-3725 avia_image ' src=\"https:\/\/www.ethicetapes-sologne.com\/wp-content\/uploads\/2017\/01\/majo-ethic-etapes-ecolabel-europeen.jpg\" alt='L\u2019Ethic Etapes Jean Monnet est \u00e9colabellis\u00e9 depuis D\u00e9cembre 2014.' title='ethicetapes-romorantin-ecolabel-europeen'  height=\"321\" width=\"845\"  itemprop=\"thumbnailUrl\" srcset=\"https:\/\/www.ethicetapes-sologne.com\/wp-content\/uploads\/2017\/01\/majo-ethic-etapes-ecolabel-europeen.jpg 845w, https:\/\/www.ethicetapes-sologne.com\/wp-content\/uploads\/2017\/01\/majo-ethic-etapes-ecolabel-europeen-300x114.jpg 300w, https:\/\/www.ethicetapes-sologne.com\/wp-content\/uploads\/2017\/01\/majo-ethic-etapes-ecolabel-europeen-768x292.jpg 768w, https:\/\/www.ethicetapes-sologne.com\/wp-content\/uploads\/2017\/01\/majo-ethic-etapes-ecolabel-europeen-705x268.jpg 705w, https:\/\/www.ethicetapes-sologne.com\/wp-content\/uploads\/2017\/01\/majo-ethic-etapes-ecolabel-europeen-450x171.jpg 450w\" sizes=\"(max-width: 845px) 100vw, 845px\" \/><\/div><\/div><\/div>\n\n<style type=\"text\/css\" data-created_by=\"avia_inline_auto\" id=\"style-css-av-av_hr-a6de236e6c183bbbd700292deacd2b52\">\n#top .hr.hr-invisible.av-av_hr-a6de236e6c183bbbd700292deacd2b52{\nheight:20px;\n}\n<\/style>\n<div  class='hr av-av_hr-a6de236e6c183bbbd700292deacd2b52 hr-invisible  avia-builder-el-1  el_after_av_image  el_before_av_one_full '><span class='hr-inner '><span class=\"hr-inner-style\"><\/span><\/span><\/div>\n\n<style type=\"text\/css\" data-created_by=\"avia_inline_auto\" id=\"style-css-av-av_one_full-6126cab7d8fab8d08143dd2dacdf673c\">\n.flex_column.av-av_one_full-6126cab7d8fab8d08143dd2dacdf673c{\nborder-radius:0px 0px 0px 0px;\npadding:0px 0px 0px 0px;\n}\n<\/style>\n<div  class='flex_column av-av_one_full-6126cab7d8fab8d08143dd2dacdf673c av_one_full  avia-builder-el-2  el_after_av_hr  el_before_av_one_half  first flex_column_div av-zero-column-padding  '     ><style type=\"text\/css\" data-created_by=\"avia_inline_auto\" id=\"style-css-av-av_heading-44229baa78294da11165cb2fe08f5436\">\n#top .av-special-heading.av-av_heading-44229baa78294da11165cb2fe08f5436{\npadding-bottom:0;\n}\nbody .av-special-heading.av-av_heading-44229baa78294da11165cb2fe08f5436 .av-special-heading-tag .heading-char{\nfont-size:25px;\n}\n.av-special-heading.av-av_heading-44229baa78294da11165cb2fe08f5436 .av-subheading{\nfont-size:15px;\n}\n<\/style>\n<div  class='av-special-heading av-av_heading-44229baa78294da11165cb2fe08f5436 av-special-heading-h3  avia-builder-el-3  avia-builder-el-no-sibling '><h3 class='av-special-heading-tag '  itemprop=\"headline\"  >Eco label<\/h3><div class=\"special-heading-border\"><div class=\"special-heading-inner-border\"><\/div><\/div><\/div><\/div>\n\n<style type=\"text\/css\" data-created_by=\"avia_inline_auto\" id=\"style-css-av-av_one_half-a5e2831965b853694226e46307909e68\">\n#top .flex_column.av-av_one_half-a5e2831965b853694226e46307909e68{\nmargin-top:1%;\nmargin-bottom:0px;\n}\n.flex_column.av-av_one_half-a5e2831965b853694226e46307909e68{\nborder-radius:0px 0px 0px 0px;\npadding:0px 0px 0px 0px;\n}\n.responsive #top #wrap_all .flex_column.av-av_one_half-a5e2831965b853694226e46307909e68{\nmargin-top:1%;\nmargin-bottom:0px;\n}\n<\/style>\n<div  class='flex_column av-av_one_half-a5e2831965b853694226e46307909e68 av_one_half  avia-builder-el-4  el_after_av_one_full  el_before_av_one_half  first flex_column_div av-zero-column-padding  column-top-margin'     ><p><section  class='av_textblock_section av-av_textblock-0366cc7376be6c9e82a3e9cc8987b64f '   itemscope=\"itemscope\" itemtype=\"https:\/\/schema.org\/CreativeWork\" ><div class='avia_textblock'  itemprop=\"text\" ><p>Ethic Etapes Jean Monnet obtainined the European Ecolabel in December 2014.<\/p>\n<\/div><\/section><br \/>\n<div  class='avia-icon-list-container av-av_iconlist-1f04fd4420054bf009d428f978a58dc3  avia-builder-el-6  el_after_av_textblock  avia-builder-el-last '><ul class='avia-icon-list avia_animate_when_almost_visible avia-icon-list-left av-iconlist-small av-av_iconlist-1f04fd4420054bf009d428f978a58dc3 avia-iconlist-animate'>\n<li><div class='iconlist_icon av-av_iconlist_item-808692c0b910f1d66dc9b1c66aee8c48 avia-font-entypo-fontello avia-iconfont avia-font-entypo-fontello'><span class='av-icon-char' data-av_icon='\ue81c' data-av_iconfont='entypo-fontello' aria-hidden=\"true\"><\/span><\/div><article class=\"article-icon-entry \"  itemscope=\"itemscope\" itemtype=\"https:\/\/schema.org\/CreativeWork\" ><div class=\"iconlist_content_wrap\"><header class=\"entry-content-header\" aria-label=\"Icon: What does the European Ecolabel mean for tourist accommodation?\"><div class='av_iconlist_title iconlist_title_small  '  itemprop=\"headline\" >What does the European Ecolabel mean for tourist accommodation?<\/div><\/header><div class='iconlist_content '  itemprop=\"text\" ><p>The aim of this procedure is to address current concerns and customer requirements in terms of sustainable development. It is an effort to reduce the impact of any facility on its environment.<br \/>\nTo find out more, please go to <a href=\"http:\/\/www.ecolabels.fr\/fr\" target=\"_blank\">www.ecolabels.fr\/<\/a>.<\/p>\n<\/div><\/div><footer class=\"entry-footer\"><\/footer><\/article><div class=\"iconlist-timeline\"><\/div><\/li>\n<li><div class='iconlist_icon av-av_iconlist_item-ea6e92e05e44ca78ce1f087a3a246191 avia-font-entypo-fontello avia-iconfont avia-font-entypo-fontello'><span class='av-icon-char' data-av_icon='\ue81c' data-av_iconfont='entypo-fontello' aria-hidden=\"true\"><\/span><\/div><article class=\"article-icon-entry \"  itemscope=\"itemscope\" itemtype=\"https:\/\/schema.org\/CreativeWork\" ><div class=\"iconlist_content_wrap\"><header class=\"entry-content-header\" aria-label=\"Icon: What is sustainable tourism?\"><div class='av_iconlist_title iconlist_title_small  '  itemprop=\"headline\" >What is sustainable tourism?<\/div><\/header><div class='iconlist_content '  itemprop=\"text\" ><p>According to the official definition on <a href=\"http:\/\/developpement-durable.gouv.fr\" target=\"_blank\">developpement-durable.gouv.fr<\/a> :<\/p>\n<blockquote>\n<p>Sustainable tourism is based on sustainability criteria. It needs to be environmentally sustainable over the long term, economically viable and fair to local populations in social and ethical terms.<\/p>\n<\/blockquote>\n<\/div><\/div><footer class=\"entry-footer\"><\/footer><\/article><div class=\"iconlist-timeline\"><\/div><\/li>\n<\/ul><\/div><\/p><\/div>\n\n<style type=\"text\/css\" data-created_by=\"avia_inline_auto\" id=\"style-css-av-av_one_half-531d5d4d3d3a74d4c56d8363993d8877\">\n#top .flex_column.av-av_one_half-531d5d4d3d3a74d4c56d8363993d8877{\nmargin-top:1%;\nmargin-bottom:0px;\n}\n.flex_column.av-av_one_half-531d5d4d3d3a74d4c56d8363993d8877{\nborder-radius:0px 0px 0px 0px;\npadding:0px 0px 0px 0px;\n}\n.responsive #top #wrap_all .flex_column.av-av_one_half-531d5d4d3d3a74d4c56d8363993d8877{\nmargin-top:1%;\nmargin-bottom:0px;\n}\n<\/style>\n<div  class='flex_column av-av_one_half-531d5d4d3d3a74d4c56d8363993d8877 av_one_half  avia-builder-el-7  el_after_av_one_half  el_before_av_one_full  flex_column_div av-zero-column-padding  column-top-margin'     ><p><section  class='av_textblock_section av-av_textblock-0366cc7376be6c9e82a3e9cc8987b64f '   itemscope=\"itemscope\" itemtype=\"https:\/\/schema.org\/CreativeWork\" ><div class='avia_textblock'  itemprop=\"text\" ><p>As a result, ethical tourism is required to:<\/p>\n<\/div><\/section><br \/>\n<div  class='avia-icon-list-container av-av_iconlist-1f04fd4420054bf009d428f978a58dc3  avia-builder-el-9  el_after_av_textblock  el_before_av_textblock '><ul class='avia-icon-list avia_animate_when_almost_visible avia-icon-list-left av-iconlist-small av-av_iconlist-1f04fd4420054bf009d428f978a58dc3 avia-iconlist-animate'>\n<li><div class='iconlist_icon av-av_iconlist_item-fbcd76fbe557f249ad71e5c470cbd533 avia-font-entypo-fontello avia-iconfont avia-font-entypo-fontello'><span class='av-icon-char' data-av_icon='\ue8b8' data-av_iconfont='entypo-fontello' aria-hidden=\"true\"><\/span><\/div><article class=\"article-icon-entry av-iconlist-empty\"  itemscope=\"itemscope\" itemtype=\"https:\/\/schema.org\/CreativeWork\" ><div class=\"iconlist_content_wrap\"><header class=\"entry-content-header\" aria-label=\"Icon: Make best use of the environmental resources that are a key aspect of the tourist offering, protecting essential ecological processes and helping to preserve natural resources and biodiversity.\"><div class='av_iconlist_title iconlist_title_small  '  itemprop=\"headline\" >Make best use of the environmental resources that are a key aspect of the tourist offering, protecting essential ecological processes and helping to preserve natural resources and biodiversity.<\/div><\/header><div class='iconlist_content '  itemprop=\"text\" ><\/div><\/div><footer class=\"entry-footer\"><\/footer><\/article><div class=\"iconlist-timeline\"><\/div><\/li>\n<li><div class='iconlist_icon av-av_iconlist_item-1b3319c998b31bec00ae2c06a7c31977 avia-font-entypo-fontello avia-iconfont avia-font-entypo-fontello'><span class='av-icon-char' data-av_icon='\ue8b8' data-av_iconfont='entypo-fontello' aria-hidden=\"true\"><\/span><\/div><article class=\"article-icon-entry av-iconlist-empty\"  itemscope=\"itemscope\" itemtype=\"https:\/\/schema.org\/CreativeWork\" ><div class=\"iconlist_content_wrap\"><header class=\"entry-content-header\" aria-label=\"Icon: Show due respect for the original social culture of host communities, maintain their traditional values and contribute to harmony and tolerance between different cultures.\u2028\u2028\u2028\u2028\u2028\"><div class='av_iconlist_title iconlist_title_small  '  itemprop=\"headline\" >Show due respect for the original social culture of host communities, maintain their traditional values and contribute to harmony and tolerance between different cultures.\u2028\u2028\u2028\u2028\u2028<\/div><\/header><div class='iconlist_content '  itemprop=\"text\" ><\/div><\/div><footer class=\"entry-footer\"><\/footer><\/article><div class=\"iconlist-timeline\"><\/div><\/li>\n<li><div class='iconlist_icon av-av_iconlist_item-8edc0537e01e837334e0bae8393f2fbd avia-font-entypo-fontello avia-iconfont avia-font-entypo-fontello'><span class='av-icon-char' data-av_icon='\ue8b8' data-av_iconfont='entypo-fontello' aria-hidden=\"true\"><\/span><\/div><article class=\"article-icon-entry av-iconlist-empty\"  itemscope=\"itemscope\" itemtype=\"https:\/\/schema.org\/CreativeWork\" ><div class=\"iconlist_content_wrap\"><header class=\"entry-content-header\" aria-label=\"Icon: Ensure viable economic activity for the long term, providing all those involved with fairly distributed socio-economic benefits, including stable employment and the chance of social benefits and services for host communities, and contributing to reducing poverty.\u2028\u2028\u2028\u2028\u2028\"><div class='av_iconlist_title iconlist_title_small  '  itemprop=\"headline\" >Ensure viable economic activity for the long term, providing all those involved with fairly distributed socio-economic benefits, including stable employment and the chance of social benefits and services for host communities, and contributing to reducing poverty.\u2028\u2028\u2028\u2028\u2028<\/div><\/header><div class='iconlist_content '  itemprop=\"text\" ><\/div><\/div><footer class=\"entry-footer\"><\/footer><\/article><div class=\"iconlist-timeline\"><\/div><\/li>\n<\/ul><\/div><br \/>\n<section  class='av_textblock_section av-av_textblock-0366cc7376be6c9e82a3e9cc8987b64f '   itemscope=\"itemscope\" itemtype=\"https:\/\/schema.org\/CreativeWork\" ><div class='avia_textblock'  itemprop=\"text\" ><blockquote>\n<p>Sustainable tourism also needs to deliver the highest levels of customer satisfaction, providing visitors with a useful experience, raising their awareness of sustainability issues and encouraging them to adopt the appropriate behaviour.<\/p>\n<\/blockquote>\n<\/div><\/section><\/p><\/div>\n\n<style type=\"text\/css\" data-created_by=\"avia_inline_auto\" id=\"style-css-av-av_one_full-6126cab7d8fab8d08143dd2dacdf673c\">\n.flex_column.av-av_one_full-6126cab7d8fab8d08143dd2dacdf673c{\nborder-radius:0px 0px 0px 0px;\npadding:0px 0px 0px 0px;\n}\n<\/style>\n<div  class='flex_column av-av_one_full-6126cab7d8fab8d08143dd2dacdf673c av_one_full  avia-builder-el-11  el_after_av_one_half  el_before_av_image  first flex_column_div av-zero-column-padding  column-top-margin'     ><style type=\"text\/css\" data-created_by=\"avia_inline_auto\" id=\"style-css-av-av_heading-d3d7c041428f2d3eb2ffc3954c7225c6\">\n#top .av-special-heading.av-av_heading-d3d7c041428f2d3eb2ffc3954c7225c6{\npadding-bottom:30px;\n}\nbody .av-special-heading.av-av_heading-d3d7c041428f2d3eb2ffc3954c7225c6 .av-special-heading-tag .heading-char{\nfont-size:25px;\n}\n.av-special-heading.av-av_heading-d3d7c041428f2d3eb2ffc3954c7225c6 .av-subheading{\nfont-size:15px;\n}\n<\/style>\n<div  class='av-special-heading av-av_heading-d3d7c041428f2d3eb2ffc3954c7225c6 av-special-heading-h3  avia-builder-el-12  avia-builder-el-no-sibling '><h3 class='av-special-heading-tag '  itemprop=\"headline\"  >Plan of action across 3 major areas: water\/water\/energy<\/h3><div class=\"special-heading-border\"><div class=\"special-heading-inner-border\"><\/div><\/div><\/div><\/div>\n\n<style type=\"text\/css\" data-created_by=\"avia_inline_auto\" id=\"style-css-av-av_image-ef9f71bbb6d461b7fee3b76c92638afb\">\n.avia-image-container.av-av_image-ef9f71bbb6d461b7fee3b76c92638afb img.avia_image{\nbox-shadow:none;\n}\n.avia-image-container.av-av_image-ef9f71bbb6d461b7fee3b76c92638afb .av-image-caption-overlay-center{\ncolor:#ffffff;\n}\n<\/style>\n<div  class='avia-image-container av-av_image-ef9f71bbb6d461b7fee3b76c92638afb av-styling- avia_animated_image av-animated-when-visible-95 pop-up avia-align-center  avia-builder-el-13  el_after_av_one_full  el_before_av_image '   itemprop=\"image\" itemscope=\"itemscope\" itemtype=\"https:\/\/schema.org\/ImageObject\" ><div class=\"avia-image-container-inner\"><div class=\"avia-image-overlay-wrap\"><img decoding=\"async\" fetchpriority=\"high\" class='wp-image-5680 avia-img-lazy-loading-not-5680 avia_image ' src=\"https:\/\/www.ethicetapes-sologne.com\/wp-content\/uploads\/2017\/01\/C-log-schema-dechets-GB.svg\" alt='Plan of action across 1 major area: waste' title='C-log-schema-dechets-GB'   itemprop=\"thumbnailUrl\"  \/><\/div><\/div><\/div>\n\n<style type=\"text\/css\" data-created_by=\"avia_inline_auto\" id=\"style-css-av-av_image-1bdabe3928ed0646173e38fe2bc1a26d\">\n.avia-image-container.av-av_image-1bdabe3928ed0646173e38fe2bc1a26d img.avia_image{\nbox-shadow:none;\n}\n.avia-image-container.av-av_image-1bdabe3928ed0646173e38fe2bc1a26d .av-image-caption-overlay-center{\ncolor:#ffffff;\n}\n<\/style>\n<div  class='avia-image-container av-av_image-1bdabe3928ed0646173e38fe2bc1a26d av-styling- avia_animated_image av-animated-when-visible-95 pop-up avia-align-center  avia-builder-el-14  el_after_av_image  el_before_av_image '   itemprop=\"image\" itemscope=\"itemscope\" itemtype=\"https:\/\/schema.org\/ImageObject\" ><div class=\"avia-image-container-inner\"><div class=\"avia-image-overlay-wrap\"><img decoding=\"async\" fetchpriority=\"high\" class='wp-image-5683 avia-img-lazy-loading-not-5683 avia_image ' src=\"https:\/\/www.ethicetapes-sologne.com\/wp-content\/uploads\/2017\/01\/C-log-schema-eau-GB-1.svg\" alt='Plan of action across 1 major area: water' title='C-log-schema-eau-GB'   itemprop=\"thumbnailUrl\"  \/><\/div><\/div><\/div>\n\n<style type=\"text\/css\" data-created_by=\"avia_inline_auto\" id=\"style-css-av-av_image-899b25ebc8c366a1007bb025bb3c5bc5\">\n.avia-image-container.av-av_image-899b25ebc8c366a1007bb025bb3c5bc5 img.avia_image{\nbox-shadow:none;\n}\n.avia-image-container.av-av_image-899b25ebc8c366a1007bb025bb3c5bc5 .av-image-caption-overlay-center{\ncolor:#ffffff;\n}\n<\/style>\n<div  class='avia-image-container av-av_image-899b25ebc8c366a1007bb025bb3c5bc5 av-styling- avia_animated_image av-animated-when-visible-95 pop-up avia-align-center  avia-builder-el-15  el_after_av_image  avia-builder-el-last '   itemprop=\"image\" itemscope=\"itemscope\" itemtype=\"https:\/\/schema.org\/ImageObject\" ><div class=\"avia-image-container-inner\"><div class=\"avia-image-overlay-wrap\"><img decoding=\"async\" fetchpriority=\"high\" class='wp-image-5682 avia-img-lazy-loading-not-5682 avia_image ' src=\"https:\/\/www.ethicetapes-sologne.com\/wp-content\/uploads\/2017\/01\/C-log-schema-energie-GB.svg\" alt='Plan of action across 1 major area: energy' title='C-log-schema-energie-GB'   itemprop=\"thumbnailUrl\"  \/><\/div><\/div><\/div>\n","protected":false},"excerpt":{"rendered":"","protected":false},"author":1,"featured_media":0,"parent":4695,"menu_order":0,"comment_status":"closed","ping_status":"closed","template":"","meta":{"footnotes":""},"class_list":["post-4711","page","type-page","status-publish","hentry"],"yoast_head":"<!-- This site is optimized with the Yoast SEO plugin v27.5 - https:\/\/yoast.com\/product\/yoast-seo-wordpress\/ -->\n<title>European ecolabel - ETHIC ETAPES SOLOGNE ROMORANTIN<\/title>\n<meta name=\"description\" content=\"Ethic Etapes Jean Monnet obtainined the European Ecolabel in December 2014 and meets the requirements customers regarding sustainable development.\" \/>\n<meta name=\"robots\" content=\"index, follow, max-snippet:-1, max-image-preview:large, max-video-preview:-1\" \/>\n<link rel=\"canonical\" href=\"https:\/\/www.ethicetapes-sologne.com\/en\/majo-association\/european-eco-label\/\" \/>\n<meta property=\"og:locale\" content=\"en_US\" \/>\n<meta property=\"og:type\" content=\"article\" \/>\n<meta property=\"og:title\" content=\"European ecolabel - ETHIC ETAPES SOLOGNE ROMORANTIN\" \/>\n<meta property=\"og:description\" content=\"Ethic Etapes Jean Monnet obtainined the European Ecolabel in December 2014 and meets the requirements customers regarding sustainable development.\" \/>\n<meta property=\"og:url\" content=\"https:\/\/www.ethicetapes-sologne.com\/en\/majo-association\/european-eco-label\/\" \/>\n<meta property=\"og:site_name\" content=\"ETHICETAPES-SOLOGNE\" \/>\n<meta property=\"article:publisher\" content=\"https:\/\/www.facebook.com\/ethicetapessologneromorantin\/?fref=ts\" \/>\n<meta property=\"article:modified_time\" content=\"2017-03-09T10:37:16+00:00\" \/>\n<meta name=\"twitter:card\" content=\"summary_large_image\" \/>\n<meta name=\"twitter:label1\" content=\"Est. reading time\" \/>\n\t<meta name=\"twitter:data1\" content=\"5 minutes\" \/>\n<script type=\"application\/ld+json\" class=\"yoast-schema-graph\">{\"@context\":\"https:\\\/\\\/schema.org\",\"@graph\":[{\"@type\":\"WebPage\",\"@id\":\"https:\\\/\\\/www.ethicetapes-sologne.com\\\/en\\\/majo-association\\\/european-eco-label\\\/\",\"url\":\"https:\\\/\\\/www.ethicetapes-sologne.com\\\/en\\\/majo-association\\\/european-eco-label\\\/\",\"name\":\"European ecolabel - ETHIC ETAPES SOLOGNE ROMORANTIN\",\"isPartOf\":{\"@id\":\"https:\\\/\\\/www.ethicetapes-sologne.com\\\/#website\"},\"datePublished\":\"2017-01-31T11:00:47+00:00\",\"dateModified\":\"2017-03-09T10:37:16+00:00\",\"description\":\"Ethic Etapes Jean Monnet obtainined the European Ecolabel in December 2014 and meets the requirements customers regarding sustainable development.\",\"breadcrumb\":{\"@id\":\"https:\\\/\\\/www.ethicetapes-sologne.com\\\/en\\\/majo-association\\\/european-eco-label\\\/#breadcrumb\"},\"inLanguage\":\"en-US\",\"potentialAction\":[{\"@type\":\"ReadAction\",\"target\":[\"https:\\\/\\\/www.ethicetapes-sologne.com\\\/en\\\/majo-association\\\/european-eco-label\\\/\"]}]},{\"@type\":\"BreadcrumbList\",\"@id\":\"https:\\\/\\\/www.ethicetapes-sologne.com\\\/en\\\/majo-association\\\/european-eco-label\\\/#breadcrumb\",\"itemListElement\":[{\"@type\":\"ListItem\",\"position\":1,\"name\":\"Accueil\",\"item\":\"https:\\\/\\\/www.ethicetapes-sologne.com\\\/en\\\/\"},{\"@type\":\"ListItem\",\"position\":2,\"name\":\"Who are we?\",\"item\":\"https:\\\/\\\/www.ethicetapes-sologne.com\\\/en\\\/majo-association\\\/\"},{\"@type\":\"ListItem\",\"position\":3,\"name\":\"European Eco-label\"}]},{\"@type\":\"WebSite\",\"@id\":\"https:\\\/\\\/www.ethicetapes-sologne.com\\\/#website\",\"url\":\"https:\\\/\\\/www.ethicetapes-sologne.com\\\/\",\"name\":\"ETHICETAPES-SOLOGNE\",\"description\":\"Association MAJO\",\"potentialAction\":[{\"@type\":\"SearchAction\",\"target\":{\"@type\":\"EntryPoint\",\"urlTemplate\":\"https:\\\/\\\/www.ethicetapes-sologne.com\\\/?s={search_term_string}\"},\"query-input\":{\"@type\":\"PropertyValueSpecification\",\"valueRequired\":true,\"valueName\":\"search_term_string\"}}],\"inLanguage\":\"en-US\"}]}<\/script>\n<!-- \/ Yoast SEO plugin. -->","yoast_head_json":{"title":"European ecolabel - ETHIC ETAPES SOLOGNE ROMORANTIN","description":"Ethic Etapes Jean Monnet obtainined the European Ecolabel in December 2014 and meets the requirements customers regarding sustainable development.","robots":{"index":"index","follow":"follow","max-snippet":"max-snippet:-1","max-image-preview":"max-image-preview:large","max-video-preview":"max-video-preview:-1"},"canonical":"https:\/\/www.ethicetapes-sologne.com\/en\/majo-association\/european-eco-label\/","og_locale":"en_US","og_type":"article","og_title":"European ecolabel - ETHIC ETAPES SOLOGNE ROMORANTIN","og_description":"Ethic Etapes Jean Monnet obtainined the European Ecolabel in December 2014 and meets the requirements customers regarding sustainable development.","og_url":"https:\/\/www.ethicetapes-sologne.com\/en\/majo-association\/european-eco-label\/","og_site_name":"ETHICETAPES-SOLOGNE","article_publisher":"https:\/\/www.facebook.com\/ethicetapessologneromorantin\/?fref=ts","article_modified_time":"2017-03-09T10:37:16+00:00","twitter_card":"summary_large_image","twitter_misc":{"Est. reading time":"5 minutes"},"schema":{"@context":"https:\/\/schema.org","@graph":[{"@type":"WebPage","@id":"https:\/\/www.ethicetapes-sologne.com\/en\/majo-association\/european-eco-label\/","url":"https:\/\/www.ethicetapes-sologne.com\/en\/majo-association\/european-eco-label\/","name":"European ecolabel - ETHIC ETAPES SOLOGNE ROMORANTIN","isPartOf":{"@id":"https:\/\/www.ethicetapes-sologne.com\/#website"},"datePublished":"2017-01-31T11:00:47+00:00","dateModified":"2017-03-09T10:37:16+00:00","description":"Ethic Etapes Jean Monnet obtainined the European Ecolabel in December 2014 and meets the requirements customers regarding sustainable development.","breadcrumb":{"@id":"https:\/\/www.ethicetapes-sologne.com\/en\/majo-association\/european-eco-label\/#breadcrumb"},"inLanguage":"en-US","potentialAction":[{"@type":"ReadAction","target":["https:\/\/www.ethicetapes-sologne.com\/en\/majo-association\/european-eco-label\/"]}]},{"@type":"BreadcrumbList","@id":"https:\/\/www.ethicetapes-sologne.com\/en\/majo-association\/european-eco-label\/#breadcrumb","itemListElement":[{"@type":"ListItem","position":1,"name":"Accueil","item":"https:\/\/www.ethicetapes-sologne.com\/en\/"},{"@type":"ListItem","position":2,"name":"Who are we?","item":"https:\/\/www.ethicetapes-sologne.com\/en\/majo-association\/"},{"@type":"ListItem","position":3,"name":"European Eco-label"}]},{"@type":"WebSite","@id":"https:\/\/www.ethicetapes-sologne.com\/#website","url":"https:\/\/www.ethicetapes-sologne.com\/","name":"ETHICETAPES-SOLOGNE","description":"Association MAJO","potentialAction":[{"@type":"SearchAction","target":{"@type":"EntryPoint","urlTemplate":"https:\/\/www.ethicetapes-sologne.com\/?s={search_term_string}"},"query-input":{"@type":"PropertyValueSpecification","valueRequired":true,"valueName":"search_term_string"}}],"inLanguage":"en-US"}]}},"_links":{"self":[{"href":"https:\/\/www.ethicetapes-sologne.com\/en\/wp-json\/wp\/v2\/pages\/4711","targetHints":{"allow":["GET"]}}],"collection":[{"href":"https:\/\/www.ethicetapes-sologne.com\/en\/wp-json\/wp\/v2\/pages"}],"about":[{"href":"https:\/\/www.ethicetapes-sologne.com\/en\/wp-json\/wp\/v2\/types\/page"}],"author":[{"embeddable":true,"href":"https:\/\/www.ethicetapes-sologne.com\/en\/wp-json\/wp\/v2\/users\/1"}],"replies":[{"embeddable":true,"href":"https:\/\/www.ethicetapes-sologne.com\/en\/wp-json\/wp\/v2\/comments?post=4711"}],"version-history":[{"count":0,"href":"https:\/\/www.ethicetapes-sologne.com\/en\/wp-json\/wp\/v2\/pages\/4711\/revisions"}],"up":[{"embeddable":true,"href":"https:\/\/www.ethicetapes-sologne.com\/en\/wp-json\/wp\/v2\/pages\/4695"}],"wp:attachment":[{"href":"https:\/\/www.ethicetapes-sologne.com\/en\/wp-json\/wp\/v2\/media?parent=4711"}],"curies":[{"name":"wp","href":"https:\/\/api.w.org\/{rel}","templated":true}]}}