{"id":4667,"date":"2017-01-30T14:35:22","date_gmt":"2017-01-30T13:35:22","guid":{"rendered":"https:\/\/www.ethicetapes-sologne.com\/?page_id=4667"},"modified":"2019-01-15T18:23:09","modified_gmt":"2019-01-15T17:23:09","slug":"habitat-jeunes-accommodation","status":"publish","type":"page","link":"https:\/\/www.ethicetapes-sologne.com\/en\/habitat-jeunes-accommodation\/","title":{"rendered":"Habitat jeunes accommodation"},"content":{"rendered":"\n<style type=\"text\/css\" data-created_by=\"avia_inline_auto\" id=\"style-css-av-av_image-c50202621a41481f301022c2f450d96f\">\n.avia-image-container.av-av_image-c50202621a41481f301022c2f450d96f img.avia_image{\nbox-shadow:none;\n}\n.avia-image-container.av-av_image-c50202621a41481f301022c2f450d96f .av-image-caption-overlay-center{\ncolor:#ffffff;\n}\n<\/style>\n<div  class='avia-image-container av-av_image-c50202621a41481f301022c2f450d96f av-styling- avia-align-center  avia-builder-el-0  el_before_av_hr  avia-builder-el-first '   itemprop=\"image\" itemscope=\"itemscope\" itemtype=\"https:\/\/schema.org\/ImageObject\" ><div class=\"avia-image-container-inner\"><div class=\"avia-image-overlay-wrap\"><img decoding=\"async\" fetchpriority=\"high\" class='wp-image-4065 avia-img-lazy-loading-not-4065 avia_image ' src=\"https:\/\/www.ethicetapes-sologne.com\/wp-content\/uploads\/2016\/12\/majo-ethic-etapes-logement-jeunes-habitat.jpg\" alt='Vous avez entre 16 et 30 ans, l\u2019\u00e9quipe Habitat Jeunes vous accueille et vous accompagne tout au long de votre s\u00e9jour ! Que vous soyez salari\u00e9(e), apprenti(e), stagiaire, scolaire, \u00e9tudiant, ou inscrit dans un parcours de formation, nous vous proposons une large gamme de logements.' title='ethicetapes-romorantin-logement-habitat-jeunes'  height=\"321\" width=\"845\"  itemprop=\"thumbnailUrl\" srcset=\"https:\/\/www.ethicetapes-sologne.com\/wp-content\/uploads\/2016\/12\/majo-ethic-etapes-logement-jeunes-habitat.jpg 845w, https:\/\/www.ethicetapes-sologne.com\/wp-content\/uploads\/2016\/12\/majo-ethic-etapes-logement-jeunes-habitat-300x114.jpg 300w, https:\/\/www.ethicetapes-sologne.com\/wp-content\/uploads\/2016\/12\/majo-ethic-etapes-logement-jeunes-habitat-768x292.jpg 768w, https:\/\/www.ethicetapes-sologne.com\/wp-content\/uploads\/2016\/12\/majo-ethic-etapes-logement-jeunes-habitat-600x228.jpg 600w, https:\/\/www.ethicetapes-sologne.com\/wp-content\/uploads\/2016\/12\/majo-ethic-etapes-logement-jeunes-habitat-705x268.jpg 705w, https:\/\/www.ethicetapes-sologne.com\/wp-content\/uploads\/2016\/12\/majo-ethic-etapes-logement-jeunes-habitat-450x171.jpg 450w\" sizes=\"(max-width: 845px) 100vw, 845px\" \/><\/div><\/div><\/div>\n\n<style type=\"text\/css\" data-created_by=\"avia_inline_auto\" id=\"style-css-av-av_hr-a6de236e6c183bbbd700292deacd2b52\">\n#top .hr.hr-invisible.av-av_hr-a6de236e6c183bbbd700292deacd2b52{\nheight:20px;\n}\n<\/style>\n<div  class='hr av-av_hr-a6de236e6c183bbbd700292deacd2b52 hr-invisible  avia-builder-el-1  el_after_av_image  el_before_av_one_full '><span class='hr-inner '><span class=\"hr-inner-style\"><\/span><\/span><\/div>\n\n<style type=\"text\/css\" data-created_by=\"avia_inline_auto\" id=\"style-css-av-av_one_full-6126cab7d8fab8d08143dd2dacdf673c\">\n.flex_column.av-av_one_full-6126cab7d8fab8d08143dd2dacdf673c{\nborder-radius:0px 0px 0px 0px;\npadding:0px 0px 0px 0px;\n}\n<\/style>\n<div  class='flex_column av-av_one_full-6126cab7d8fab8d08143dd2dacdf673c av_one_full  avia-builder-el-2  el_after_av_hr  avia-builder-el-last  first flex_column_div av-zero-column-padding  '     ><p>\n<style type=\"text\/css\" data-created_by=\"avia_inline_auto\" id=\"style-css-av-av_heading-25b711aff214c5c7765847d1e90f4846\">\n#top .av-special-heading.av-av_heading-25b711aff214c5c7765847d1e90f4846{\npadding-bottom:30px;\n}\nbody .av-special-heading.av-av_heading-25b711aff214c5c7765847d1e90f4846 .av-special-heading-tag .heading-char{\nfont-size:25px;\n}\n.av-special-heading.av-av_heading-25b711aff214c5c7765847d1e90f4846 .av-subheading{\nfont-size:15px;\n}\n<\/style>\n<div  class='av-special-heading av-av_heading-25b711aff214c5c7765847d1e90f4846 av-special-heading-h3  avia-builder-el-3  el_before_av_textblock  avia-builder-el-first '><h3 class='av-special-heading-tag '  itemprop=\"headline\"  >Welcome<\/h3><div class=\"special-heading-border\"><div class=\"special-heading-inner-border\"><\/div><\/div><\/div><br \/>\n<section  class='av_textblock_section av-av_textblock-2de302bf1aa3cf4c9157dbe6f50ac7eb '   itemscope=\"itemscope\" itemtype=\"https:\/\/schema.org\/CreativeWork\" ><div class='avia_textblock'  itemprop=\"text\" ><p>In addition to the practical advantages, living in Habitat Jeunes accommodation means you won\u2019t be on your own, you will be able to share the ups and downs of everyday life with others, get involved in community life and learn how to be independent.<\/p>\n<p>If you are aged <strong>between 16 and 30<\/strong>, the Habitat Jeune team is on hand to welcome and assist you throughout your stay!<\/p>\n<p>Whether you are employed, a trainee, student or enrolled in a training programme, we have a large range of accommodation available.<\/p>\n<p>For more information, please contact-us :\u00a0<a href=\"mailto:habitatjeunes.org\" target=\"_blank\" rel=\"noopener\">habitatjeunes@lamajo.org<\/a>.<\/p>\n<\/div><\/section><\/p><\/div>\n","protected":false},"excerpt":{"rendered":"","protected":false},"author":1,"featured_media":0,"parent":0,"menu_order":0,"comment_status":"closed","ping_status":"closed","template":"","meta":{"footnotes":""},"class_list":["post-4667","page","type-page","status-publish","hentry"],"yoast_head":"<!-- This site is optimized with the Yoast SEO plugin v27.3 - https:\/\/yoast.com\/product\/yoast-seo-wordpress\/ -->\n<title>Habitat jeunes accomodation - ETHIC ETAPES SOLOGNE ROMORANTIN<\/title>\n<meta name=\"description\" content=\"You are aged between 16 and 30, you are employed, a trainee, student or enrolled in a training programme, we have a large range of accommodation available.\" \/>\n<meta name=\"robots\" content=\"index, follow, max-snippet:-1, max-image-preview:large, max-video-preview:-1\" \/>\n<link rel=\"canonical\" href=\"https:\/\/www.ethicetapes-sologne.com\/en\/habitat-jeunes-accommodation\/\" \/>\n<meta property=\"og:locale\" content=\"en_US\" \/>\n<meta property=\"og:type\" content=\"article\" \/>\n<meta property=\"og:title\" content=\"Habitat jeunes accomodation - ETHIC ETAPES SOLOGNE ROMORANTIN\" \/>\n<meta property=\"og:description\" content=\"You are aged between 16 and 30, you are employed, a trainee, student or enrolled in a training programme, we have a large range of accommodation available.\" \/>\n<meta property=\"og:url\" content=\"https:\/\/www.ethicetapes-sologne.com\/en\/habitat-jeunes-accommodation\/\" \/>\n<meta property=\"og:site_name\" content=\"ETHICETAPES-SOLOGNE\" \/>\n<meta property=\"article:publisher\" content=\"https:\/\/www.facebook.com\/ethicetapessologneromorantin\/?fref=ts\" \/>\n<meta property=\"article:modified_time\" content=\"2019-01-15T17:23:09+00:00\" \/>\n<meta name=\"twitter:card\" content=\"summary_large_image\" \/>\n<meta name=\"twitter:label1\" content=\"Est. reading time\" \/>\n\t<meta name=\"twitter:data1\" content=\"2 minutes\" \/>\n<script type=\"application\/ld+json\" class=\"yoast-schema-graph\">{\"@context\":\"https:\\\/\\\/schema.org\",\"@graph\":[{\"@type\":\"WebPage\",\"@id\":\"https:\\\/\\\/www.ethicetapes-sologne.com\\\/en\\\/habitat-jeunes-accommodation\\\/\",\"url\":\"https:\\\/\\\/www.ethicetapes-sologne.com\\\/en\\\/habitat-jeunes-accommodation\\\/\",\"name\":\"Habitat jeunes accomodation - ETHIC ETAPES SOLOGNE ROMORANTIN\",\"isPartOf\":{\"@id\":\"https:\\\/\\\/www.ethicetapes-sologne.com\\\/#website\"},\"datePublished\":\"2017-01-30T13:35:22+00:00\",\"dateModified\":\"2019-01-15T17:23:09+00:00\",\"description\":\"You are aged between 16 and 30, you are employed, a trainee, student or enrolled in a training programme, we have a large range of accommodation available.\",\"breadcrumb\":{\"@id\":\"https:\\\/\\\/www.ethicetapes-sologne.com\\\/en\\\/habitat-jeunes-accommodation\\\/#breadcrumb\"},\"inLanguage\":\"en-US\",\"potentialAction\":[{\"@type\":\"ReadAction\",\"target\":[\"https:\\\/\\\/www.ethicetapes-sologne.com\\\/en\\\/habitat-jeunes-accommodation\\\/\"]}]},{\"@type\":\"BreadcrumbList\",\"@id\":\"https:\\\/\\\/www.ethicetapes-sologne.com\\\/en\\\/habitat-jeunes-accommodation\\\/#breadcrumb\",\"itemListElement\":[{\"@type\":\"ListItem\",\"position\":1,\"name\":\"Accueil\",\"item\":\"https:\\\/\\\/www.ethicetapes-sologne.com\\\/en\\\/\"},{\"@type\":\"ListItem\",\"position\":2,\"name\":\"Habitat jeunes accommodation\"}]},{\"@type\":\"WebSite\",\"@id\":\"https:\\\/\\\/www.ethicetapes-sologne.com\\\/#website\",\"url\":\"https:\\\/\\\/www.ethicetapes-sologne.com\\\/\",\"name\":\"ETHICETAPES-SOLOGNE\",\"description\":\"Association MAJO\",\"potentialAction\":[{\"@type\":\"SearchAction\",\"target\":{\"@type\":\"EntryPoint\",\"urlTemplate\":\"https:\\\/\\\/www.ethicetapes-sologne.com\\\/?s={search_term_string}\"},\"query-input\":{\"@type\":\"PropertyValueSpecification\",\"valueRequired\":true,\"valueName\":\"search_term_string\"}}],\"inLanguage\":\"en-US\"}]}<\/script>\n<!-- \/ Yoast SEO plugin. -->","yoast_head_json":{"title":"Habitat jeunes accomodation - ETHIC ETAPES SOLOGNE ROMORANTIN","description":"You are aged between 16 and 30, you are employed, a trainee, student or enrolled in a training programme, we have a large range of accommodation available.","robots":{"index":"index","follow":"follow","max-snippet":"max-snippet:-1","max-image-preview":"max-image-preview:large","max-video-preview":"max-video-preview:-1"},"canonical":"https:\/\/www.ethicetapes-sologne.com\/en\/habitat-jeunes-accommodation\/","og_locale":"en_US","og_type":"article","og_title":"Habitat jeunes accomodation - ETHIC ETAPES SOLOGNE ROMORANTIN","og_description":"You are aged between 16 and 30, you are employed, a trainee, student or enrolled in a training programme, we have a large range of accommodation available.","og_url":"https:\/\/www.ethicetapes-sologne.com\/en\/habitat-jeunes-accommodation\/","og_site_name":"ETHICETAPES-SOLOGNE","article_publisher":"https:\/\/www.facebook.com\/ethicetapessologneromorantin\/?fref=ts","article_modified_time":"2019-01-15T17:23:09+00:00","twitter_card":"summary_large_image","twitter_misc":{"Est. reading time":"2 minutes"},"schema":{"@context":"https:\/\/schema.org","@graph":[{"@type":"WebPage","@id":"https:\/\/www.ethicetapes-sologne.com\/en\/habitat-jeunes-accommodation\/","url":"https:\/\/www.ethicetapes-sologne.com\/en\/habitat-jeunes-accommodation\/","name":"Habitat jeunes accomodation - ETHIC ETAPES SOLOGNE ROMORANTIN","isPartOf":{"@id":"https:\/\/www.ethicetapes-sologne.com\/#website"},"datePublished":"2017-01-30T13:35:22+00:00","dateModified":"2019-01-15T17:23:09+00:00","description":"You are aged between 16 and 30, you are employed, a trainee, student or enrolled in a training programme, we have a large range of accommodation available.","breadcrumb":{"@id":"https:\/\/www.ethicetapes-sologne.com\/en\/habitat-jeunes-accommodation\/#breadcrumb"},"inLanguage":"en-US","potentialAction":[{"@type":"ReadAction","target":["https:\/\/www.ethicetapes-sologne.com\/en\/habitat-jeunes-accommodation\/"]}]},{"@type":"BreadcrumbList","@id":"https:\/\/www.ethicetapes-sologne.com\/en\/habitat-jeunes-accommodation\/#breadcrumb","itemListElement":[{"@type":"ListItem","position":1,"name":"Accueil","item":"https:\/\/www.ethicetapes-sologne.com\/en\/"},{"@type":"ListItem","position":2,"name":"Habitat jeunes accommodation"}]},{"@type":"WebSite","@id":"https:\/\/www.ethicetapes-sologne.com\/#website","url":"https:\/\/www.ethicetapes-sologne.com\/","name":"ETHICETAPES-SOLOGNE","description":"Association MAJO","potentialAction":[{"@type":"SearchAction","target":{"@type":"EntryPoint","urlTemplate":"https:\/\/www.ethicetapes-sologne.com\/?s={search_term_string}"},"query-input":{"@type":"PropertyValueSpecification","valueRequired":true,"valueName":"search_term_string"}}],"inLanguage":"en-US"}]}},"_links":{"self":[{"href":"https:\/\/www.ethicetapes-sologne.com\/en\/wp-json\/wp\/v2\/pages\/4667","targetHints":{"allow":["GET"]}}],"collection":[{"href":"https:\/\/www.ethicetapes-sologne.com\/en\/wp-json\/wp\/v2\/pages"}],"about":[{"href":"https:\/\/www.ethicetapes-sologne.com\/en\/wp-json\/wp\/v2\/types\/page"}],"author":[{"embeddable":true,"href":"https:\/\/www.ethicetapes-sologne.com\/en\/wp-json\/wp\/v2\/users\/1"}],"replies":[{"embeddable":true,"href":"https:\/\/www.ethicetapes-sologne.com\/en\/wp-json\/wp\/v2\/comments?post=4667"}],"version-history":[{"count":0,"href":"https:\/\/www.ethicetapes-sologne.com\/en\/wp-json\/wp\/v2\/pages\/4667\/revisions"}],"wp:attachment":[{"href":"https:\/\/www.ethicetapes-sologne.com\/en\/wp-json\/wp\/v2\/media?parent=4667"}],"curies":[{"name":"wp","href":"https:\/\/api.w.org\/{rel}","templated":true}]}}