{"id":4642,"date":"2017-01-30T11:57:48","date_gmt":"2017-01-30T10:57:48","guid":{"rendered":"https:\/\/www.ethicetapes-sologne.com\/?page_id=4642"},"modified":"2017-03-09T11:53:26","modified_gmt":"2017-03-09T10:53:26","slug":"self-service","status":"publish","type":"page","link":"https:\/\/www.ethicetapes-sologne.com\/en\/restaurant\/self-service\/","title":{"rendered":"Self service"},"content":{"rendered":"\n<style type=\"text\/css\" data-created_by=\"avia_inline_auto\" id=\"style-css-av-av_image-9ccad890b60bb9c78cd9ea5e1c5422d0\">\n.avia-image-container.av-av_image-9ccad890b60bb9c78cd9ea5e1c5422d0 img.avia_image{\nbox-shadow:none;\n}\n.avia-image-container.av-av_image-9ccad890b60bb9c78cd9ea5e1c5422d0 .av-image-caption-overlay-center{\ncolor:#ffffff;\n}\n<\/style>\n<div  class='avia-image-container av-av_image-9ccad890b60bb9c78cd9ea5e1c5422d0 av-styling- avia-align-center  avia-builder-el-0  el_before_av_hr  avia-builder-el-first '   itemprop=\"image\" itemscope=\"itemscope\" itemtype=\"https:\/\/schema.org\/ImageObject\" ><div class=\"avia-image-container-inner\"><div class=\"avia-image-overlay-wrap\"><img decoding=\"async\" fetchpriority=\"high\" class='wp-image-3923 avia-img-lazy-loading-not-3923 avia_image ' src=\"https:\/\/www.ethicetapes-sologne.com\/wp-content\/uploads\/2016\/12\/majo-ethic-etapes-restaurant.jpg\" alt='L\u2019ensemble de l\u2019\u00e9quipe de cuisine est heureuse de servir, chaque jour, une cuisine vari\u00e9e, \u00e9labor\u00e9e en grande majorit\u00e9 \u00e0 partir de produits frais.' title='ethicetapes-romorantin-restaurant-associatif'  height=\"321\" width=\"845\"  itemprop=\"thumbnailUrl\" srcset=\"https:\/\/www.ethicetapes-sologne.com\/wp-content\/uploads\/2016\/12\/majo-ethic-etapes-restaurant.jpg 845w, https:\/\/www.ethicetapes-sologne.com\/wp-content\/uploads\/2016\/12\/majo-ethic-etapes-restaurant-300x114.jpg 300w, https:\/\/www.ethicetapes-sologne.com\/wp-content\/uploads\/2016\/12\/majo-ethic-etapes-restaurant-768x292.jpg 768w, https:\/\/www.ethicetapes-sologne.com\/wp-content\/uploads\/2016\/12\/majo-ethic-etapes-restaurant-705x268.jpg 705w, https:\/\/www.ethicetapes-sologne.com\/wp-content\/uploads\/2016\/12\/majo-ethic-etapes-restaurant-450x171.jpg 450w\" sizes=\"(max-width: 845px) 100vw, 845px\" \/><\/div><\/div><\/div>\n\n<style type=\"text\/css\" data-created_by=\"avia_inline_auto\" id=\"style-css-av-av_hr-a6de236e6c183bbbd700292deacd2b52\">\n#top .hr.hr-invisible.av-av_hr-a6de236e6c183bbbd700292deacd2b52{\nheight:20px;\n}\n<\/style>\n<div  class='hr av-av_hr-a6de236e6c183bbbd700292deacd2b52 hr-invisible  avia-builder-el-1  el_after_av_image  el_before_av_one_full '><span class='hr-inner '><span class=\"hr-inner-style\"><\/span><\/span><\/div>\n\n<style type=\"text\/css\" data-created_by=\"avia_inline_auto\" id=\"style-css-av-av_one_full-6126cab7d8fab8d08143dd2dacdf673c\">\n.flex_column.av-av_one_full-6126cab7d8fab8d08143dd2dacdf673c{\nborder-radius:0px 0px 0px 0px;\npadding:0px 0px 0px 0px;\n}\n<\/style>\n<div  class='flex_column av-av_one_full-6126cab7d8fab8d08143dd2dacdf673c av_one_full  avia-builder-el-2  el_after_av_hr  avia-builder-el-last  first flex_column_div av-zero-column-padding  '     ><p>\n<style type=\"text\/css\" data-created_by=\"avia_inline_auto\" id=\"style-css-av-av_heading-18f9e7d863cfd9cfcd6225e617e070aa\">\n#top .av-special-heading.av-av_heading-18f9e7d863cfd9cfcd6225e617e070aa{\npadding-bottom:10px;\n}\nbody .av-special-heading.av-av_heading-18f9e7d863cfd9cfcd6225e617e070aa .av-special-heading-tag .heading-char{\nfont-size:25px;\n}\n.av-special-heading.av-av_heading-18f9e7d863cfd9cfcd6225e617e070aa .av-subheading{\nfont-size:15px;\n}\n<\/style>\n<div  class='av-special-heading av-av_heading-18f9e7d863cfd9cfcd6225e617e070aa av-special-heading-h3  avia-builder-el-3  el_before_av_textblock  avia-builder-el-first '><h3 class='av-special-heading-tag '  itemprop=\"headline\"  >The associative restaurant<\/h3><div class=\"special-heading-border\"><div class=\"special-heading-inner-border\"><\/div><\/div><\/div><br \/>\n<section  class='av_textblock_section av-av_textblock-0366cc7376be6c9e82a3e9cc8987b64f '   itemscope=\"itemscope\" itemtype=\"https:\/\/schema.org\/CreativeWork\" ><div class='avia_textblock'  itemprop=\"text\" ><p>The restaurant is opened to all <strong>from Monday to Friday noon<\/strong> and <strong>from Friday evening till Sunday evening<\/strong> on reservation for the groups (minimum 30 people).<\/p>\n<\/div><\/section><br \/>\n\n<style type=\"text\/css\" data-created_by=\"avia_inline_auto\" id=\"style-css-av-av_heading-3f7178f950873280cfbdbb33cada31ed\">\n#top .av-special-heading.av-av_heading-3f7178f950873280cfbdbb33cada31ed{\npadding-bottom:0;\n}\nbody .av-special-heading.av-av_heading-3f7178f950873280cfbdbb33cada31ed .av-special-heading-tag .heading-char{\nfont-size:25px;\n}\n.av-special-heading.av-av_heading-3f7178f950873280cfbdbb33cada31ed .av-subheading{\nfont-size:15px;\n}\n<\/style>\n<div  class='av-special-heading av-av_heading-3f7178f950873280cfbdbb33cada31ed av-special-heading-h3  avia-builder-el-5  el_after_av_textblock  el_before_av_table '><h3 class='av-special-heading-tag '  itemprop=\"headline\"  >The self service<\/h3><div class=\"special-heading-border\"><div class=\"special-heading-inner-border\"><\/div><\/div><\/div><br \/>\n<div class='avia-data-table-wrap av-av_table-f2f5653b237612437be487fef4f15c3c avia_scrollable_table avia-table-1'><table  class='avia-table avia-data-table avia_pricing_default  avia-builder-el-6  el_after_av_heading  avia-builder-el-last '  itemscope=\"itemscope\" itemtype=\"https:\/\/schema.org\/Table\" ><caption>SELF SERVICE SELECTION (not valid for groups)<\/caption><tbody><tr class='avia-heading-row'><th class=''>MEAL CHOICE<\/th><th class='avia-center-col'>COMPOSITION OF THE MEAL<\/th><\/tr><tr class=''><td class=''>Meal choice 2<\/td><td class='avia-center-col'>1 main course + 1 starter or 1 cheese or 1 dessert<\/td><\/tr><tr class=''><td class=''>Meal choice 3<\/td><td class='avia-center-col'>1 starter + 1 main course + 1 cheese or 1 dessert<\/td><\/tr><tr class=''><td class=''>Meal choice 4<\/td><td class='avia-center-col'>1 strater + 1 main course + 1 cheese + 1 dessert<\/td><\/tr><tr class=''><td class=''>Meal chocie 5 (reservation 72 hours in advance)<\/td><td class='avia-center-col'>1 buffet starter + 1 main course served at table, 1 cheese or 1 dessert, 1 drink 25cl, 1 coffee<\/td><\/tr><tr class='avia-heading-row'><th class=''>SUPPLEMENT DRINK TICKET<\/th><th class='avia-center-col'><\/th><\/tr><tr class=''><td class=''>Drink 25cl<\/td><td class='avia-center-col'>1,50\u20ac<\/td><\/tr><tr class=''><td class=''>Coffee taken at the bar<\/td><td class='avia-center-col'>1,10\u20ac<\/td><\/tr><\/tbody><\/table><\/div><\/p><\/div>\n","protected":false},"excerpt":{"rendered":"","protected":false},"author":1,"featured_media":0,"parent":4616,"menu_order":0,"comment_status":"closed","ping_status":"closed","template":"","meta":{"footnotes":""},"class_list":["post-4642","page","type-page","status-publish","hentry"],"yoast_head":"<!-- This site is optimized with the Yoast SEO plugin v27.5 - https:\/\/yoast.com\/product\/yoast-seo-wordpress\/ -->\n<title>The self-service restaurant - ETHIC ETAPES SOLOGNE ROMORANTIN<\/title>\n<meta name=\"description\" content=\"The self-service restaurant Jean Monnet Romorantin is opened to all from Monday to Friday noon.\" \/>\n<meta name=\"robots\" content=\"index, follow, max-snippet:-1, max-image-preview:large, max-video-preview:-1\" \/>\n<link rel=\"canonical\" href=\"https:\/\/www.ethicetapes-sologne.com\/en\/restaurant\/self-service\/\" \/>\n<meta property=\"og:locale\" content=\"en_US\" \/>\n<meta property=\"og:type\" content=\"article\" \/>\n<meta property=\"og:title\" content=\"The self-service restaurant - ETHIC ETAPES SOLOGNE ROMORANTIN\" \/>\n<meta property=\"og:description\" content=\"The self-service restaurant Jean Monnet Romorantin is opened to all from Monday to Friday noon.\" \/>\n<meta property=\"og:url\" content=\"https:\/\/www.ethicetapes-sologne.com\/en\/restaurant\/self-service\/\" \/>\n<meta property=\"og:site_name\" content=\"ETHICETAPES-SOLOGNE\" \/>\n<meta property=\"article:publisher\" content=\"https:\/\/www.facebook.com\/ethicetapessologneromorantin\/?fref=ts\" \/>\n<meta property=\"article:modified_time\" content=\"2017-03-09T10:53:26+00:00\" \/>\n<meta name=\"twitter:card\" content=\"summary_large_image\" \/>\n<meta name=\"twitter:label1\" content=\"Est. reading time\" \/>\n\t<meta name=\"twitter:data1\" content=\"3 minutes\" \/>\n<script type=\"application\/ld+json\" class=\"yoast-schema-graph\">{\"@context\":\"https:\\\/\\\/schema.org\",\"@graph\":[{\"@type\":\"WebPage\",\"@id\":\"https:\\\/\\\/www.ethicetapes-sologne.com\\\/en\\\/restaurant\\\/self-service\\\/\",\"url\":\"https:\\\/\\\/www.ethicetapes-sologne.com\\\/en\\\/restaurant\\\/self-service\\\/\",\"name\":\"The self-service restaurant - ETHIC ETAPES SOLOGNE ROMORANTIN\",\"isPartOf\":{\"@id\":\"https:\\\/\\\/www.ethicetapes-sologne.com\\\/#website\"},\"datePublished\":\"2017-01-30T10:57:48+00:00\",\"dateModified\":\"2017-03-09T10:53:26+00:00\",\"description\":\"The self-service restaurant Jean Monnet Romorantin is opened to all from Monday to Friday noon.\",\"breadcrumb\":{\"@id\":\"https:\\\/\\\/www.ethicetapes-sologne.com\\\/en\\\/restaurant\\\/self-service\\\/#breadcrumb\"},\"inLanguage\":\"en-US\",\"potentialAction\":[{\"@type\":\"ReadAction\",\"target\":[\"https:\\\/\\\/www.ethicetapes-sologne.com\\\/en\\\/restaurant\\\/self-service\\\/\"]}]},{\"@type\":\"BreadcrumbList\",\"@id\":\"https:\\\/\\\/www.ethicetapes-sologne.com\\\/en\\\/restaurant\\\/self-service\\\/#breadcrumb\",\"itemListElement\":[{\"@type\":\"ListItem\",\"position\":1,\"name\":\"Accueil\",\"item\":\"https:\\\/\\\/www.ethicetapes-sologne.com\\\/en\\\/\"},{\"@type\":\"ListItem\",\"position\":2,\"name\":\"The restaurant\",\"item\":\"https:\\\/\\\/www.ethicetapes-sologne.com\\\/en\\\/restaurant\\\/\"},{\"@type\":\"ListItem\",\"position\":3,\"name\":\"Self service\"}]},{\"@type\":\"WebSite\",\"@id\":\"https:\\\/\\\/www.ethicetapes-sologne.com\\\/#website\",\"url\":\"https:\\\/\\\/www.ethicetapes-sologne.com\\\/\",\"name\":\"ETHICETAPES-SOLOGNE\",\"description\":\"Association MAJO\",\"potentialAction\":[{\"@type\":\"SearchAction\",\"target\":{\"@type\":\"EntryPoint\",\"urlTemplate\":\"https:\\\/\\\/www.ethicetapes-sologne.com\\\/?s={search_term_string}\"},\"query-input\":{\"@type\":\"PropertyValueSpecification\",\"valueRequired\":true,\"valueName\":\"search_term_string\"}}],\"inLanguage\":\"en-US\"}]}<\/script>\n<!-- \/ Yoast SEO plugin. -->","yoast_head_json":{"title":"The self-service restaurant - ETHIC ETAPES SOLOGNE ROMORANTIN","description":"The self-service restaurant Jean Monnet Romorantin is opened to all from Monday to Friday noon.","robots":{"index":"index","follow":"follow","max-snippet":"max-snippet:-1","max-image-preview":"max-image-preview:large","max-video-preview":"max-video-preview:-1"},"canonical":"https:\/\/www.ethicetapes-sologne.com\/en\/restaurant\/self-service\/","og_locale":"en_US","og_type":"article","og_title":"The self-service restaurant - ETHIC ETAPES SOLOGNE ROMORANTIN","og_description":"The self-service restaurant Jean Monnet Romorantin is opened to all from Monday to Friday noon.","og_url":"https:\/\/www.ethicetapes-sologne.com\/en\/restaurant\/self-service\/","og_site_name":"ETHICETAPES-SOLOGNE","article_publisher":"https:\/\/www.facebook.com\/ethicetapessologneromorantin\/?fref=ts","article_modified_time":"2017-03-09T10:53:26+00:00","twitter_card":"summary_large_image","twitter_misc":{"Est. reading time":"3 minutes"},"schema":{"@context":"https:\/\/schema.org","@graph":[{"@type":"WebPage","@id":"https:\/\/www.ethicetapes-sologne.com\/en\/restaurant\/self-service\/","url":"https:\/\/www.ethicetapes-sologne.com\/en\/restaurant\/self-service\/","name":"The self-service restaurant - ETHIC ETAPES SOLOGNE ROMORANTIN","isPartOf":{"@id":"https:\/\/www.ethicetapes-sologne.com\/#website"},"datePublished":"2017-01-30T10:57:48+00:00","dateModified":"2017-03-09T10:53:26+00:00","description":"The self-service restaurant Jean Monnet Romorantin is opened to all from Monday to Friday noon.","breadcrumb":{"@id":"https:\/\/www.ethicetapes-sologne.com\/en\/restaurant\/self-service\/#breadcrumb"},"inLanguage":"en-US","potentialAction":[{"@type":"ReadAction","target":["https:\/\/www.ethicetapes-sologne.com\/en\/restaurant\/self-service\/"]}]},{"@type":"BreadcrumbList","@id":"https:\/\/www.ethicetapes-sologne.com\/en\/restaurant\/self-service\/#breadcrumb","itemListElement":[{"@type":"ListItem","position":1,"name":"Accueil","item":"https:\/\/www.ethicetapes-sologne.com\/en\/"},{"@type":"ListItem","position":2,"name":"The restaurant","item":"https:\/\/www.ethicetapes-sologne.com\/en\/restaurant\/"},{"@type":"ListItem","position":3,"name":"Self service"}]},{"@type":"WebSite","@id":"https:\/\/www.ethicetapes-sologne.com\/#website","url":"https:\/\/www.ethicetapes-sologne.com\/","name":"ETHICETAPES-SOLOGNE","description":"Association MAJO","potentialAction":[{"@type":"SearchAction","target":{"@type":"EntryPoint","urlTemplate":"https:\/\/www.ethicetapes-sologne.com\/?s={search_term_string}"},"query-input":{"@type":"PropertyValueSpecification","valueRequired":true,"valueName":"search_term_string"}}],"inLanguage":"en-US"}]}},"_links":{"self":[{"href":"https:\/\/www.ethicetapes-sologne.com\/en\/wp-json\/wp\/v2\/pages\/4642","targetHints":{"allow":["GET"]}}],"collection":[{"href":"https:\/\/www.ethicetapes-sologne.com\/en\/wp-json\/wp\/v2\/pages"}],"about":[{"href":"https:\/\/www.ethicetapes-sologne.com\/en\/wp-json\/wp\/v2\/types\/page"}],"author":[{"embeddable":true,"href":"https:\/\/www.ethicetapes-sologne.com\/en\/wp-json\/wp\/v2\/users\/1"}],"replies":[{"embeddable":true,"href":"https:\/\/www.ethicetapes-sologne.com\/en\/wp-json\/wp\/v2\/comments?post=4642"}],"version-history":[{"count":0,"href":"https:\/\/www.ethicetapes-sologne.com\/en\/wp-json\/wp\/v2\/pages\/4642\/revisions"}],"up":[{"embeddable":true,"href":"https:\/\/www.ethicetapes-sologne.com\/en\/wp-json\/wp\/v2\/pages\/4616"}],"wp:attachment":[{"href":"https:\/\/www.ethicetapes-sologne.com\/en\/wp-json\/wp\/v2\/media?parent=4642"}],"curies":[{"name":"wp","href":"https:\/\/api.w.org\/{rel}","templated":true}]}}