{"id":4623,"date":"2017-01-30T11:43:33","date_gmt":"2017-01-30T10:43:33","guid":{"rendered":"https:\/\/www.ethicetapes-sologne.com\/?page_id=4623"},"modified":"2019-01-11T16:13:30","modified_gmt":"2019-01-11T15:13:30","slug":"become-a-member","status":"publish","type":"page","link":"https:\/\/www.ethicetapes-sologne.com\/en\/restaurant\/become-a-member\/","title":{"rendered":"Become a member"},"content":{"rendered":"\n<style type=\"text\/css\" data-created_by=\"avia_inline_auto\" id=\"style-css-av-av_image-8c444eaadc1111d4f2260ebcadb2d728\">\n.avia-image-container.av-av_image-8c444eaadc1111d4f2260ebcadb2d728 img.avia_image{\nbox-shadow:none;\n}\n.avia-image-container.av-av_image-8c444eaadc1111d4f2260ebcadb2d728 .av-image-caption-overlay-center{\ncolor:#ffffff;\n}\n<\/style>\n<div  class='avia-image-container av-av_image-8c444eaadc1111d4f2260ebcadb2d728 av-styling- avia-align-center  avia-builder-el-0  el_before_av_hr  avia-builder-el-first '   itemprop=\"image\" itemscope=\"itemscope\" itemtype=\"https:\/\/schema.org\/ImageObject\" ><div class=\"avia-image-container-inner\"><div class=\"avia-image-overlay-wrap\"><img decoding=\"async\" fetchpriority=\"high\" class='wp-image-3949 avia-img-lazy-loading-not-3949 avia_image ' src=\"https:\/\/www.ethicetapes-sologne.com\/wp-content\/uploads\/2017\/01\/majo-ethic-etapes-carte-adhesion.jpg\" alt='Vous \u00eates une entreprise, une association, un individuel ? En adh\u00e9rant \u00e0 notre association la MAJO, vous pourrez b\u00e9n\u00e9ficier du tarif pr\u00e9f\u00e9rentiel pour notre restaurant.' title='ethicetapes-romorantin-restaurant-associatif-adhesion'  height=\"321\" width=\"845\"  itemprop=\"thumbnailUrl\" srcset=\"https:\/\/www.ethicetapes-sologne.com\/wp-content\/uploads\/2017\/01\/majo-ethic-etapes-carte-adhesion.jpg 845w, https:\/\/www.ethicetapes-sologne.com\/wp-content\/uploads\/2017\/01\/majo-ethic-etapes-carte-adhesion-300x114.jpg 300w, https:\/\/www.ethicetapes-sologne.com\/wp-content\/uploads\/2017\/01\/majo-ethic-etapes-carte-adhesion-768x292.jpg 768w, https:\/\/www.ethicetapes-sologne.com\/wp-content\/uploads\/2017\/01\/majo-ethic-etapes-carte-adhesion-705x268.jpg 705w, https:\/\/www.ethicetapes-sologne.com\/wp-content\/uploads\/2017\/01\/majo-ethic-etapes-carte-adhesion-450x171.jpg 450w\" sizes=\"(max-width: 845px) 100vw, 845px\" \/><\/div><\/div><\/div>\n\n<style type=\"text\/css\" data-created_by=\"avia_inline_auto\" id=\"style-css-av-av_hr-a6de236e6c183bbbd700292deacd2b52\">\n#top .hr.hr-invisible.av-av_hr-a6de236e6c183bbbd700292deacd2b52{\nheight:20px;\n}\n<\/style>\n<div  class='hr av-av_hr-a6de236e6c183bbbd700292deacd2b52 hr-invisible  avia-builder-el-1  el_after_av_image  el_before_av_one_full '><span class='hr-inner '><span class=\"hr-inner-style\"><\/span><\/span><\/div>\n\n<style type=\"text\/css\" data-created_by=\"avia_inline_auto\" id=\"style-css-av-av_one_full-6126cab7d8fab8d08143dd2dacdf673c\">\n.flex_column.av-av_one_full-6126cab7d8fab8d08143dd2dacdf673c{\nborder-radius:0px 0px 0px 0px;\npadding:0px 0px 0px 0px;\n}\n<\/style>\n<div  class='flex_column av-av_one_full-6126cab7d8fab8d08143dd2dacdf673c av_one_full  avia-builder-el-2  el_after_av_hr  avia-builder-el-last  first flex_column_div av-zero-column-padding  '     ><p>\n<style type=\"text\/css\" data-created_by=\"avia_inline_auto\" id=\"style-css-av-av_heading-bbc4e2b9509444fd8e5f28c2962be513\">\n#top .av-special-heading.av-av_heading-bbc4e2b9509444fd8e5f28c2962be513{\npadding-bottom:10px;\n}\nbody .av-special-heading.av-av_heading-bbc4e2b9509444fd8e5f28c2962be513 .av-special-heading-tag .heading-char{\nfont-size:25px;\n}\n.av-special-heading.av-av_heading-bbc4e2b9509444fd8e5f28c2962be513 .av-subheading{\nfont-size:15px;\n}\n<\/style>\n<div  class='av-special-heading av-av_heading-bbc4e2b9509444fd8e5f28c2962be513 av-special-heading-h3  avia-builder-el-3  el_before_av_textblock  avia-builder-el-first '><h3 class='av-special-heading-tag '  itemprop=\"headline\"  >The associative restaurant<\/h3><div class=\"special-heading-border\"><div class=\"special-heading-inner-border\"><\/div><\/div><\/div><br \/>\n<section  class='av_textblock_section av-av_textblock-2de302bf1aa3cf4c9157dbe6f50ac7eb '   itemscope=\"itemscope\" itemtype=\"https:\/\/schema.org\/CreativeWork\" ><div class='avia_textblock'  itemprop=\"text\" ><p>You are a company, an association, an individual one? By subscribing to our association the MAJO, you can benefit from the preferential rate for our restaurant.<br \/>\nComplete the form below and you will receive your card.<\/p>\n<p><strong>Prices 2019<\/strong><br \/>\nAssociation MAJO individual membership: <strong>8\u20ac<\/strong><br \/>\nAssociation MAJO family membership: <strong>12 \u20ac<\/strong><\/p>\n<\/div><\/section><br \/>\n\n<style type=\"text\/css\" data-created_by=\"avia_inline_auto\" id=\"style-css-av-av_heading-3fde4bd75681b15da43c58d3d7ad7225\">\n#top .av-special-heading.av-av_heading-3fde4bd75681b15da43c58d3d7ad7225{\npadding-bottom:10px;\n}\nbody .av-special-heading.av-av_heading-3fde4bd75681b15da43c58d3d7ad7225 .av-special-heading-tag .heading-char{\nfont-size:25px;\n}\n.av-special-heading.av-av_heading-3fde4bd75681b15da43c58d3d7ad7225 .av-subheading{\nfont-size:15px;\n}\n<\/style>\n<div  class='av-special-heading av-av_heading-3fde4bd75681b15da43c58d3d7ad7225 av-special-heading-h3  avia-builder-el-5  el_after_av_textblock  el_before_av_contact '><h3 class='av-special-heading-tag '  itemprop=\"headline\"  >Complete the form<\/h3><div class=\"special-heading-border\"><div class=\"special-heading-inner-border\"><\/div><\/div><\/div><br \/>\n<form action=\"https:\/\/www.ethicetapes-sologne.com\/en\/restaurant\/become-a-member\/\" method=\"post\" data-fields-with-error=\"Found errors in the following field(s):\" class=\"avia_ajax_form av-form-labels-visible   avia-builder-el-6  el_after_av_heading  avia-builder-el-last   \" data-avia-form-id=\"1\" data-avia-redirect='' ><fieldset><p class='  first_form  form_element form_element_third' id='element_avia_1_1'><label for=\"avia_1_1\">Last Name <abbr class=\"required\" title=\"required\">*<\/abbr><\/label> <input name=\"avia_1_1\" class=\"text_input is_empty\" type=\"text\" id=\"avia_1_1\" value=\"\" \/><\/p><p class='  form_element form_element_third' id='element_avia_2_1'><label for=\"avia_2_1\">First Name <abbr class=\"required\" title=\"required\">*<\/abbr><\/label> <input name=\"avia_2_1\" class=\"text_input is_empty\" type=\"text\" id=\"avia_2_1\" value=\"\" \/><\/p><p class='  form_element form_element_third' id='element_avia_3_1'><label for=\"avia_3_1\">Date of birth <abbr class=\"required\" title=\"required\">*<\/abbr><\/label> <input name=\"avia_3_1\" class=\"avia_datepicker text_input is_empty\" type=\"text\" id=\"avia_3_1\" value=\"\" placeholder=\"DD \/ MM \/ YY\" inputmode=\"none\" \/><\/p><p class='  first_form  form_element form_fullwidth' id='element_avia_4_1'><label for=\"avia_4_1\">Company<\/label> <input name=\"avia_4_1\" class=\"text_input \" type=\"text\" id=\"avia_4_1\" value=\"\" \/><\/p><p class='  first_form  form_element form_fullwidth' id='element_avia_5_1'><label for=\"avia_5_1\">Full address <abbr class=\"required\" title=\"required\">*<\/abbr><\/label> <input name=\"avia_5_1\" class=\"text_input is_empty\" type=\"text\" id=\"avia_5_1\" value=\"\" \/><\/p><p class='  first_form  form_element form_element_half' id='element_avia_6_1'><label for=\"avia_6_1\">Zip code <abbr class=\"required\" title=\"required\">*<\/abbr><\/label> <input name=\"avia_6_1\" class=\"text_input is_empty\" type=\"text\" id=\"avia_6_1\" value=\"\" \/><\/p><p class='  form_element form_element_half' id='element_avia_7_1'><label for=\"avia_7_1\">City <abbr class=\"required\" title=\"required\">*<\/abbr><\/label> <input name=\"avia_7_1\" class=\"text_input is_empty\" type=\"text\" id=\"avia_7_1\" value=\"\" \/><\/p><p class='  first_form  form_element form_element_half' id='element_avia_8_1'><label for=\"avia_8_1\">Phone <abbr class=\"required\" title=\"required\">*<\/abbr><\/label> <input name=\"avia_8_1\" class=\"text_input is_phone\" type=\"text\" id=\"avia_8_1\" value=\"\" \/><\/p><p class='  form_element form_element_half' id='element_avia_9_1'><label for=\"avia_9_1\">Cellphone <abbr class=\"required\" title=\"required\">*<\/abbr><\/label> <input name=\"avia_9_1\" class=\"text_input is_phone\" type=\"text\" id=\"avia_9_1\" value=\"\" \/><\/p><p class='  first_form  form_element form_fullwidth' id='element_avia_10_1'><label for=\"avia_10_1\">Email <abbr class=\"required\" title=\"required\">*<\/abbr><\/label> <input name=\"avia_10_1\" class=\"text_input is_email\" type=\"text\" id=\"avia_10_1\" value=\"\" \/><\/p><p class=\"hidden\"><input type=\"text\" name=\"avia_11_1\" class=\"hidden \" id=\"avia_11_1\" value=\"\" \/><\/p><p class='   form_element form_fullwidth' id='element_avia_12_1'><span class='value_verifier_label'>0 + 2 = ?<\/span><input name=\"avia_12_1_verifier\" type=\"hidden\" id=\"avia_12_1_verifier\" value=\"214662755\"\/><label for=\"avia_12_1\">Please prove that you are human by solving the equation <abbr class=\"required\" title=\"required\">*<\/abbr><\/label><input name=\"avia_12_1\" class=\"text_input captcha\" type=\"text\" id=\"avia_12_1\" value=\"\"\/><\/p><p class=\"form_element \"><input type=\"hidden\" value=\"1\" name=\"avia_generated_form1\" \/><input type=\"submit\" value=\"Submit\" class=\"button\"  data-sending-label=\"Sending\"\/><\/p><\/fieldset><\/form><div id=\"ajaxresponse_1\" class=\"ajaxresponse ajaxresponse_1 hidden\"><\/div><\/p><\/div>\n","protected":false},"excerpt":{"rendered":"","protected":false},"author":1,"featured_media":0,"parent":4616,"menu_order":0,"comment_status":"closed","ping_status":"closed","template":"","meta":{"footnotes":""},"class_list":["post-4623","page","type-page","status-publish","hentry"],"yoast_head":"<!-- This site is optimized with the Yoast SEO plugin v27.3 - https:\/\/yoast.com\/product\/yoast-seo-wordpress\/ -->\n<title>Become a member of the restaurant - ETHIC ETAPES SOLOGNE ROMORANTIN<\/title>\n<meta name=\"description\" content=\"You are a company, an association, an individual one? By subscribing to our association you can benefit from the preferential rate for our restaurant.\" \/>\n<meta name=\"robots\" content=\"index, follow, max-snippet:-1, max-image-preview:large, max-video-preview:-1\" \/>\n<link rel=\"canonical\" href=\"https:\/\/www.ethicetapes-sologne.com\/en\/restaurant\/become-a-member\/\" \/>\n<meta property=\"og:locale\" content=\"en_US\" \/>\n<meta property=\"og:type\" content=\"article\" \/>\n<meta property=\"og:title\" content=\"Become a member of the restaurant - ETHIC ETAPES SOLOGNE ROMORANTIN\" \/>\n<meta property=\"og:description\" content=\"You are a company, an association, an individual one? By subscribing to our association you can benefit from the preferential rate for our restaurant.\" \/>\n<meta property=\"og:url\" content=\"https:\/\/www.ethicetapes-sologne.com\/en\/restaurant\/become-a-member\/\" \/>\n<meta property=\"og:site_name\" content=\"ETHICETAPES-SOLOGNE\" \/>\n<meta property=\"article:publisher\" content=\"https:\/\/www.facebook.com\/ethicetapessologneromorantin\/?fref=ts\" \/>\n<meta property=\"article:modified_time\" content=\"2019-01-11T15:13:30+00:00\" \/>\n<meta name=\"twitter:card\" content=\"summary_large_image\" \/>\n<meta name=\"twitter:label1\" content=\"Est. reading time\" \/>\n\t<meta name=\"twitter:data1\" content=\"3 minutes\" \/>\n<script type=\"application\/ld+json\" class=\"yoast-schema-graph\">{\"@context\":\"https:\\\/\\\/schema.org\",\"@graph\":[{\"@type\":\"WebPage\",\"@id\":\"https:\\\/\\\/www.ethicetapes-sologne.com\\\/en\\\/restaurant\\\/become-a-member\\\/\",\"url\":\"https:\\\/\\\/www.ethicetapes-sologne.com\\\/en\\\/restaurant\\\/become-a-member\\\/\",\"name\":\"Become a member of the restaurant - ETHIC ETAPES SOLOGNE ROMORANTIN\",\"isPartOf\":{\"@id\":\"https:\\\/\\\/www.ethicetapes-sologne.com\\\/#website\"},\"datePublished\":\"2017-01-30T10:43:33+00:00\",\"dateModified\":\"2019-01-11T15:13:30+00:00\",\"description\":\"You are a company, an association, an individual one? By subscribing to our association you can benefit from the preferential rate for our restaurant.\",\"breadcrumb\":{\"@id\":\"https:\\\/\\\/www.ethicetapes-sologne.com\\\/en\\\/restaurant\\\/become-a-member\\\/#breadcrumb\"},\"inLanguage\":\"en-US\",\"potentialAction\":[{\"@type\":\"ReadAction\",\"target\":[\"https:\\\/\\\/www.ethicetapes-sologne.com\\\/en\\\/restaurant\\\/become-a-member\\\/\"]}]},{\"@type\":\"BreadcrumbList\",\"@id\":\"https:\\\/\\\/www.ethicetapes-sologne.com\\\/en\\\/restaurant\\\/become-a-member\\\/#breadcrumb\",\"itemListElement\":[{\"@type\":\"ListItem\",\"position\":1,\"name\":\"Accueil\",\"item\":\"https:\\\/\\\/www.ethicetapes-sologne.com\\\/en\\\/\"},{\"@type\":\"ListItem\",\"position\":2,\"name\":\"The restaurant\",\"item\":\"https:\\\/\\\/www.ethicetapes-sologne.com\\\/en\\\/restaurant\\\/\"},{\"@type\":\"ListItem\",\"position\":3,\"name\":\"Become a member\"}]},{\"@type\":\"WebSite\",\"@id\":\"https:\\\/\\\/www.ethicetapes-sologne.com\\\/#website\",\"url\":\"https:\\\/\\\/www.ethicetapes-sologne.com\\\/\",\"name\":\"ETHICETAPES-SOLOGNE\",\"description\":\"Association MAJO\",\"potentialAction\":[{\"@type\":\"SearchAction\",\"target\":{\"@type\":\"EntryPoint\",\"urlTemplate\":\"https:\\\/\\\/www.ethicetapes-sologne.com\\\/?s={search_term_string}\"},\"query-input\":{\"@type\":\"PropertyValueSpecification\",\"valueRequired\":true,\"valueName\":\"search_term_string\"}}],\"inLanguage\":\"en-US\"}]}<\/script>\n<!-- \/ Yoast SEO plugin. -->","yoast_head_json":{"title":"Become a member of the restaurant - ETHIC ETAPES SOLOGNE ROMORANTIN","description":"You are a company, an association, an individual one? By subscribing to our association you can benefit from the preferential rate for our restaurant.","robots":{"index":"index","follow":"follow","max-snippet":"max-snippet:-1","max-image-preview":"max-image-preview:large","max-video-preview":"max-video-preview:-1"},"canonical":"https:\/\/www.ethicetapes-sologne.com\/en\/restaurant\/become-a-member\/","og_locale":"en_US","og_type":"article","og_title":"Become a member of the restaurant - ETHIC ETAPES SOLOGNE ROMORANTIN","og_description":"You are a company, an association, an individual one? By subscribing to our association you can benefit from the preferential rate for our restaurant.","og_url":"https:\/\/www.ethicetapes-sologne.com\/en\/restaurant\/become-a-member\/","og_site_name":"ETHICETAPES-SOLOGNE","article_publisher":"https:\/\/www.facebook.com\/ethicetapessologneromorantin\/?fref=ts","article_modified_time":"2019-01-11T15:13:30+00:00","twitter_card":"summary_large_image","twitter_misc":{"Est. reading time":"3 minutes"},"schema":{"@context":"https:\/\/schema.org","@graph":[{"@type":"WebPage","@id":"https:\/\/www.ethicetapes-sologne.com\/en\/restaurant\/become-a-member\/","url":"https:\/\/www.ethicetapes-sologne.com\/en\/restaurant\/become-a-member\/","name":"Become a member of the restaurant - ETHIC ETAPES SOLOGNE ROMORANTIN","isPartOf":{"@id":"https:\/\/www.ethicetapes-sologne.com\/#website"},"datePublished":"2017-01-30T10:43:33+00:00","dateModified":"2019-01-11T15:13:30+00:00","description":"You are a company, an association, an individual one? By subscribing to our association you can benefit from the preferential rate for our restaurant.","breadcrumb":{"@id":"https:\/\/www.ethicetapes-sologne.com\/en\/restaurant\/become-a-member\/#breadcrumb"},"inLanguage":"en-US","potentialAction":[{"@type":"ReadAction","target":["https:\/\/www.ethicetapes-sologne.com\/en\/restaurant\/become-a-member\/"]}]},{"@type":"BreadcrumbList","@id":"https:\/\/www.ethicetapes-sologne.com\/en\/restaurant\/become-a-member\/#breadcrumb","itemListElement":[{"@type":"ListItem","position":1,"name":"Accueil","item":"https:\/\/www.ethicetapes-sologne.com\/en\/"},{"@type":"ListItem","position":2,"name":"The restaurant","item":"https:\/\/www.ethicetapes-sologne.com\/en\/restaurant\/"},{"@type":"ListItem","position":3,"name":"Become a member"}]},{"@type":"WebSite","@id":"https:\/\/www.ethicetapes-sologne.com\/#website","url":"https:\/\/www.ethicetapes-sologne.com\/","name":"ETHICETAPES-SOLOGNE","description":"Association MAJO","potentialAction":[{"@type":"SearchAction","target":{"@type":"EntryPoint","urlTemplate":"https:\/\/www.ethicetapes-sologne.com\/?s={search_term_string}"},"query-input":{"@type":"PropertyValueSpecification","valueRequired":true,"valueName":"search_term_string"}}],"inLanguage":"en-US"}]}},"_links":{"self":[{"href":"https:\/\/www.ethicetapes-sologne.com\/en\/wp-json\/wp\/v2\/pages\/4623","targetHints":{"allow":["GET"]}}],"collection":[{"href":"https:\/\/www.ethicetapes-sologne.com\/en\/wp-json\/wp\/v2\/pages"}],"about":[{"href":"https:\/\/www.ethicetapes-sologne.com\/en\/wp-json\/wp\/v2\/types\/page"}],"author":[{"embeddable":true,"href":"https:\/\/www.ethicetapes-sologne.com\/en\/wp-json\/wp\/v2\/users\/1"}],"replies":[{"embeddable":true,"href":"https:\/\/www.ethicetapes-sologne.com\/en\/wp-json\/wp\/v2\/comments?post=4623"}],"version-history":[{"count":0,"href":"https:\/\/www.ethicetapes-sologne.com\/en\/wp-json\/wp\/v2\/pages\/4623\/revisions"}],"up":[{"embeddable":true,"href":"https:\/\/www.ethicetapes-sologne.com\/en\/wp-json\/wp\/v2\/pages\/4616"}],"wp:attachment":[{"href":"https:\/\/www.ethicetapes-sologne.com\/en\/wp-json\/wp\/v2\/media?parent=4623"}],"curies":[{"name":"wp","href":"https:\/\/api.w.org\/{rel}","templated":true}]}}