{"id":4599,"date":"2017-01-30T11:17:21","date_gmt":"2017-01-30T10:17:21","guid":{"rendered":"https:\/\/www.ethicetapes-sologne.com\/?page_id=4599"},"modified":"2019-12-31T15:01:51","modified_gmt":"2019-12-31T14:01:51","slug":"accomodation-group","status":"publish","type":"page","link":"https:\/\/www.ethicetapes-sologne.com\/en\/accomodation-jean-monnet\/accomodation-group\/","title":{"rendered":"Groups prices"},"content":{"rendered":"\n<style type=\"text\/css\" data-created_by=\"avia_inline_auto\" id=\"style-css-av-av_section-2c009d2977a4f483989e8e7b207b187d\">\n.avia-section.av-av_section-2c009d2977a4f483989e8e7b207b187d{\nbackground-color:#540000;\nbackground-image:unset;\n}\n<\/style>\n<div id='av_section_1'  class='avia-section av-av_section-2c009d2977a4f483989e8e7b207b187d main_color avia-section-no-padding avia-no-border-styling  avia-builder-el-0  el_before_av_image  avia-builder-el-first  avia-bg-style-scroll av-minimum-height av-minimum-height-custom av-height-custom  container_wrap fullsize'   data-av_minimum_height_px='200'><div class='container av-section-cont-open' style='height:200px'><main  role=\"main\" itemprop=\"mainContentOfPage\"  class='template-page content  av-content-full alpha units'><div class='post-entry post-entry-type-page post-entry-4599'><div class='entry-content-wrapper clearfix'>\n\n<style type=\"text\/css\" data-created_by=\"avia_inline_auto\" id=\"style-css-av-av_hr-a6de236e6c183bbbd700292deacd2b52\">\n#top .hr.hr-invisible.av-av_hr-a6de236e6c183bbbd700292deacd2b52{\nheight:20px;\n}\n<\/style>\n<div  class='hr av-av_hr-a6de236e6c183bbbd700292deacd2b52 hr-invisible  avia-builder-el-1  el_before_av_textblock  avia-builder-el-first '><span class='hr-inner '><span class=\"hr-inner-style\"><\/span><\/span><\/div>\n<section  class='av_textblock_section av-av_textblock-0366cc7376be6c9e82a3e9cc8987b64f '   itemscope=\"itemscope\" itemtype=\"https:\/\/schema.org\/CreativeWork\" ><div class='avia_textblock'  itemprop=\"text\" ><h3 style=\"text-align: center;\"><span style=\"color: #c3512f;\">Accommodation: book your stay in Romorantin-Lanthenay<\/span><\/h3>\n<\/div><\/section>\n\n<style type=\"text\/css\" data-created_by=\"avia_inline_auto\" id=\"style-css-av-av_hr-a6de236e6c183bbbd700292deacd2b52\">\n#top .hr.hr-invisible.av-av_hr-a6de236e6c183bbbd700292deacd2b52{\nheight:20px;\n}\n<\/style>\n<div  class='hr av-av_hr-a6de236e6c183bbbd700292deacd2b52 hr-invisible  avia-builder-el-3  el_after_av_textblock  el_before_av_codeblock '><span class='hr-inner '><span class=\"hr-inner-style\"><\/span><\/span><\/div>\n\n<section  class='av_textblock_section av-av_textblock-0366cc7376be6c9e82a3e9cc8987b64f '   itemscope=\"itemscope\" itemtype=\"https:\/\/schema.org\/CreativeWork\" ><div class='avia_textblock'  itemprop=\"text\" ><p style=\"text-align: center;\"><span style=\"color: #c3512f;\">You wish to make a reservation for more than 12 people? Thank you for contacting <a style=\"color: #c3512f;\" href=\"https:\/\/www.ethicetapes-sologne.com\/contact\/?lang=en\">our services<\/a>.<\/span><\/p>\n<\/div><\/section>\n<\/div><\/div><\/main><!-- close content main element --><\/div><\/div><div id='after_section_1'  class='main_color av_default_container_wrap container_wrap fullsize'  ><div class='container av-section-cont-open' ><div class='template-page content  av-content-full alpha units'><div class='post-entry post-entry-type-page post-entry-4599'><div class='entry-content-wrapper clearfix'>\n\n<style type=\"text\/css\" data-created_by=\"avia_inline_auto\" id=\"style-css-av-av_image-9609ed884f0f89a8cba07c663b1bba7c\">\n.avia-image-container.av-av_image-9609ed884f0f89a8cba07c663b1bba7c img.avia_image{\nbox-shadow:none;\n}\n.avia-image-container.av-av_image-9609ed884f0f89a8cba07c663b1bba7c .av-image-caption-overlay-center{\ncolor:#ffffff;\n}\n<\/style>\n<div  class='avia-image-container av-av_image-9609ed884f0f89a8cba07c663b1bba7c av-styling- avia-align-center  avia-builder-el-6  el_after_av_section  el_before_av_hr  avia-builder-el-first '   itemprop=\"image\" itemscope=\"itemscope\" itemtype=\"https:\/\/schema.org\/ImageObject\" ><div class=\"avia-image-container-inner\"><div class=\"avia-image-overlay-wrap\"><img decoding=\"async\" fetchpriority=\"high\" class='wp-image-3865 avia-img-lazy-loading-not-3865 avia_image ' src=\"https:\/\/www.ethicetapes-sologne.com\/wp-content\/uploads\/2017\/01\/majo-ethic-etapes-tarifs-groupe.jpg\" alt='Un h\u00e9bergement confortable en Sologne Val de Loire, adapt\u00e9 \u00e0 l\u2019accueil de groupes, des espaces partag\u00e9s de qualit\u00e9, une ambiance conviviale, le savoir-faire de nos \u00e9quipes et notre secret : le sourire pour vous accueillir !' title='ethicetapes-romorantin-tarifs-hebergement-groupe'  height=\"321\" width=\"845\"  itemprop=\"thumbnailUrl\" srcset=\"https:\/\/www.ethicetapes-sologne.com\/wp-content\/uploads\/2017\/01\/majo-ethic-etapes-tarifs-groupe.jpg 845w, https:\/\/www.ethicetapes-sologne.com\/wp-content\/uploads\/2017\/01\/majo-ethic-etapes-tarifs-groupe-300x114.jpg 300w, https:\/\/www.ethicetapes-sologne.com\/wp-content\/uploads\/2017\/01\/majo-ethic-etapes-tarifs-groupe-768x292.jpg 768w, https:\/\/www.ethicetapes-sologne.com\/wp-content\/uploads\/2017\/01\/majo-ethic-etapes-tarifs-groupe-705x268.jpg 705w, https:\/\/www.ethicetapes-sologne.com\/wp-content\/uploads\/2017\/01\/majo-ethic-etapes-tarifs-groupe-450x171.jpg 450w\" sizes=\"(max-width: 845px) 100vw, 845px\" \/><\/div><\/div><\/div>\n\n<style type=\"text\/css\" data-created_by=\"avia_inline_auto\" id=\"style-css-av-av_hr-a6de236e6c183bbbd700292deacd2b52\">\n#top .hr.hr-invisible.av-av_hr-a6de236e6c183bbbd700292deacd2b52{\nheight:20px;\n}\n<\/style>\n<div  class='hr av-av_hr-a6de236e6c183bbbd700292deacd2b52 hr-invisible  avia-builder-el-7  el_after_av_image  el_before_av_one_full '><span class='hr-inner '><span class=\"hr-inner-style\"><\/span><\/span><\/div>\n\n<style type=\"text\/css\" data-created_by=\"avia_inline_auto\" id=\"style-css-av-av_one_full-b18ec1635791c30194c2fc90ea77ba9c\">\n.flex_column.av-av_one_full-b18ec1635791c30194c2fc90ea77ba9c{\nborder-radius:0px 0px 0px 0px;\npadding:0px 0px 0px 0px;\n}\n<\/style>\n<div  class='flex_column av-av_one_full-b18ec1635791c30194c2fc90ea77ba9c av_one_full  avia-builder-el-8  el_after_av_hr  el_before_av_one_full  first flex_column_div av-zero-column-padding  '     ><p>\n<style type=\"text\/css\" data-created_by=\"avia_inline_auto\" id=\"style-css-av-av_heading-30baad2aabc55164264a6ac56203eeb5\">\n#top .av-special-heading.av-av_heading-30baad2aabc55164264a6ac56203eeb5{\npadding-bottom:10px;\n}\nbody .av-special-heading.av-av_heading-30baad2aabc55164264a6ac56203eeb5 .av-special-heading-tag .heading-char{\nfont-size:25px;\n}\n.av-special-heading.av-av_heading-30baad2aabc55164264a6ac56203eeb5 .av-subheading{\nfont-size:15px;\n}\n<\/style>\n<div  class='av-special-heading av-av_heading-30baad2aabc55164264a6ac56203eeb5 av-special-heading-h3  avia-builder-el-9  el_before_av_textblock  avia-builder-el-first '><h3 class='av-special-heading-tag '  itemprop=\"headline\"  >Be together: a lifestyle<\/h3><div class=\"special-heading-border\"><div class=\"special-heading-inner-border\"><\/div><\/div><\/div><br \/>\n<section  class='av_textblock_section av-av_textblock-0366cc7376be6c9e82a3e9cc8987b64f '   itemscope=\"itemscope\" itemtype=\"https:\/\/schema.org\/CreativeWork\" ><div class='avia_textblock'  itemprop=\"text\" ><p>The art of welcoming is a real skill. For us, it is also a way of life. In our Ethic Etapes Jean Monnet Centre we don\u2019t just want you to stay, we are happy for you to stay!<\/p>\n<\/div><\/section><br \/>\n\n<style type=\"text\/css\" data-created_by=\"avia_inline_auto\" id=\"style-css-av-av_promobox-b9c8fa55cc8367de4b7d025e9646c109\">\n.av_promobox.av-av_promobox-b9c8fa55cc8367de4b7d025e9646c109{\ncolor:#666666;\nbackground:#f2f2f2;\n}\n<\/style>\n<div  class='av_promobox av-av_promobox-b9c8fa55cc8367de4b7d025e9646c109 avia-button-yes  avia-builder-el-11  el_after_av_textblock  avia-builder-el-last '><div class='avia-promocontent'><\/p>\n<p style=\"text-align: center;\">You wish to make a reservation for more than 12 people?<br \/>\nThank you for contacting our services.<\/p>\n<p>\n<\/div><div  class='avia-button-wrap av-av_button-5bda565ab451ea5a6ea4826f1ae95af8-wrap avia-button-right '>\n<style type=\"text\/css\" data-created_by=\"avia_inline_auto\" id=\"style-css-av-av_button-5bda565ab451ea5a6ea4826f1ae95af8\">\n#top #wrap_all .avia-button.av-av_button-5bda565ab451ea5a6ea4826f1ae95af8{\nbackground-color:#c3512f;\nborder-color:#c3512f;\ncolor:#ffffff;\ntransition:all 0.4s ease-in-out;\n}\n#top #wrap_all .avia-button.av-av_button-5bda565ab451ea5a6ea4826f1ae95af8 .avia-svg-icon svg:first-child{\nfill:#ffffff;\nstroke:#ffffff;\n}\n<\/style>\n<a href='https:\/\/www.ethicetapes-sologne.com\/contact\/?lang=en'  class='avia-button av-av_button-5bda565ab451ea5a6ea4826f1ae95af8 av-link-btn avia-icon_select-yes-left-icon avia-size-medium avia-position-right'   aria-label=\"Contact us\"><span class='avia_button_icon avia_button_icon_left avia-iconfont avia-font-entypo-fontello' data-av_icon='\ue84b' data-av_iconfont='entypo-fontello' ><\/span><span class='avia_iconbox_title' >Contact us<\/span><\/a><\/div><\/div><\/p><\/div>\n\n<style type=\"text\/css\" data-created_by=\"avia_inline_auto\" id=\"style-css-av-av_one_full-6126cab7d8fab8d08143dd2dacdf673c\">\n.flex_column.av-av_one_full-6126cab7d8fab8d08143dd2dacdf673c{\nborder-radius:0px 0px 0px 0px;\npadding:0px 0px 0px 0px;\n}\n<\/style>\n<div  class='flex_column av-av_one_full-6126cab7d8fab8d08143dd2dacdf673c av_one_full  avia-builder-el-12  el_after_av_one_full  el_before_av_one_full  first flex_column_div av-zero-column-padding  column-top-margin'     ><p>\n<style type=\"text\/css\" data-created_by=\"avia_inline_auto\" id=\"style-css-av-av_heading-cfa0ced28154f9e2854f9bcf8d0f74aa\">\n#top .av-special-heading.av-av_heading-cfa0ced28154f9e2854f9bcf8d0f74aa{\npadding-bottom:0;\n}\nbody .av-special-heading.av-av_heading-cfa0ced28154f9e2854f9bcf8d0f74aa .av-special-heading-tag .heading-char{\nfont-size:25px;\n}\n.av-special-heading.av-av_heading-cfa0ced28154f9e2854f9bcf8d0f74aa .av-subheading{\nfont-size:15px;\n}\n<\/style>\n<div  class='av-special-heading av-av_heading-cfa0ced28154f9e2854f9bcf8d0f74aa av-special-heading-h3  avia-builder-el-13  el_before_av_table  avia-builder-el-first '><h3 class='av-special-heading-tag '  itemprop=\"headline\"  >Prices group young people &#8211; 20 years<\/h3><div class=\"special-heading-border\"><div class=\"special-heading-inner-border\"><\/div><\/div><\/div><br \/>\n<div class='avia-data-table-wrap av-av_table-c6b35ff0c662395868f72d927db266d2 avia_scrollable_table avia-table-1'><table  class='avia-table avia-data-table avia_pricing_default  avia-builder-el-14  el_after_av_heading  el_before_av_table '  itemscope=\"itemscope\" itemtype=\"https:\/\/schema.org\/Table\" ><caption>PRICES LOW SEASON FROM 01\/01 TILL 31\/03 &amp; FROM 01\/09 TILL 31\/12\/2020(compulsory membership + 0,85\u20ac)<\/caption><tbody><tr class='avia-heading-row'><th class=''>Teenager (-20 years) Packages in multiple room<\/th><th class='avia-center-col'>B&amp;B<\/th><th class='avia-center-col'>HALF BOARD<\/th><th class='avia-center-col'>FULL BOARD<\/th><\/tr><tr class=''><td class=''>1 night<\/td><td class='avia-center-col'>22,95\u20ac<\/td><td class='avia-center-col'>32,90\u20ac<\/td><td class='avia-center-col'>41,65\u20ac<\/td><\/tr><tr class=''><td class=''>2 nights and more<\/td><td class='avia-center-col'>20,80\u20ac<\/td><td class='avia-center-col'>30,15\u20ac<\/td><td class='avia-center-col'>39,50\u20ac<\/td><\/tr><\/tbody><\/table><\/div><br \/>\n<div class='avia-data-table-wrap av-av_table-b1d3831c5ffa1397f9ae6d6a83281338 avia_scrollable_table avia-table-2'><table  class='avia-table avia-data-table avia_pricing_default  avia-builder-el-15  el_after_av_table  avia-builder-el-last '  itemscope=\"itemscope\" itemtype=\"https:\/\/schema.org\/Table\" ><caption>PRICES HIGH SEASON FROM 01\/04 TILL 31\/08\/2020 (compulsory membership + 0,85\u20ac)<\/caption><tbody><tr class='avia-heading-row'><th class=''>Teenager (-20 years) Packages in multiple room<\/th><th class='avia-center-col'>B&amp;B<\/th><th class='avia-center-col'>HALF BOARD<\/th><th class='avia-center-col'>FULL BOARD<\/th><\/tr><tr class=''><td class=''>1 night<\/td><td class='avia-center-col'>22,95\u20ac<\/td><td class='avia-center-col'>32,30\u20ac<\/td><td class='avia-center-col'>41,65\u20ac<\/td><\/tr><tr class=''><td class=''>2 nights and more<\/td><td class='avia-center-col'>20,80\u20ac<\/td><td class='avia-center-col'>30,15\u20ac<\/td><td class='avia-center-col'>39,50\u20ac<br \/>\n<\/td><\/tr><\/tbody><\/table><\/div><\/p><\/div>\n\n<style type=\"text\/css\" data-created_by=\"avia_inline_auto\" id=\"style-css-av-av_one_full-6126cab7d8fab8d08143dd2dacdf673c\">\n.flex_column.av-av_one_full-6126cab7d8fab8d08143dd2dacdf673c{\nborder-radius:0px 0px 0px 0px;\npadding:0px 0px 0px 0px;\n}\n<\/style>\n<div  class='flex_column av-av_one_full-6126cab7d8fab8d08143dd2dacdf673c av_one_full  avia-builder-el-16  el_after_av_one_full  el_before_av_one_full  first flex_column_div av-zero-column-padding  column-top-margin'     ><p>\n<style type=\"text\/css\" data-created_by=\"avia_inline_auto\" id=\"style-css-av-av_heading-1b754870271ae40cdb01011f623083e9\">\n#top .av-special-heading.av-av_heading-1b754870271ae40cdb01011f623083e9{\npadding-bottom:0;\n}\nbody .av-special-heading.av-av_heading-1b754870271ae40cdb01011f623083e9 .av-special-heading-tag .heading-char{\nfont-size:25px;\n}\n.av-special-heading.av-av_heading-1b754870271ae40cdb01011f623083e9 .av-subheading{\nfont-size:15px;\n}\n<\/style>\n<div  class='av-special-heading av-av_heading-1b754870271ae40cdb01011f623083e9 av-special-heading-h3  avia-builder-el-17  el_before_av_table  avia-builder-el-first '><h3 class='av-special-heading-tag '  itemprop=\"headline\"  >Prices group adults<\/h3><div class=\"special-heading-border\"><div class=\"special-heading-inner-border\"><\/div><\/div><\/div><br \/>\n<div class='avia-data-table-wrap av-av_table-c023cb1957694abe12db278c82779587 avia_scrollable_table avia-table-3'><table  class='avia-table avia-data-table avia_pricing_default  avia-builder-el-18  el_after_av_heading  el_before_av_table '  itemscope=\"itemscope\" itemtype=\"https:\/\/schema.org\/Table\" ><caption>PRICES LOW SEASON FROM 01\/01 TILL 31\/03 &amp; FROM 01\/09 TILL 31\/12\/2020 (compulsory membership + 0,85\u20ac)<\/caption><tbody><tr class='avia-heading-row'><th class=''>Packages Adults<\/th><th class='avia-center-col'>B&amp;B<\/th><th class='avia-center-col'>HALF BOARD<\/th><th class='avia-center-col'>FULL BOARD<\/th><\/tr><tr class=''><td class=''>1 night in single room<\/td><td class='avia-center-col'>32,90\u20ac<\/td><td class='avia-center-col'>42,60\u20ac<\/td><td class='avia-center-col'>51,95\u20ac<\/td><\/tr><tr class=''><td class=''>2 nights and more in single room<\/td><td class='avia-center-col'>30,60\u20ac<\/td><td class='avia-center-col'>40,30\u20ac<\/td><td class='avia-center-col'>50\u20ac<br \/>\n<\/td><\/tr><tr class=''><td class=''>1 night in double room<\/td><td class='avia-center-col'>25,85\u20ac<\/td><td class='avia-center-col'>35,55\u20ac<\/td><td class='avia-center-col'>45,25\u20ac<\/td><\/tr><tr class=''><td class=''>2 nights and more in double room<\/td><td class='avia-center-col'>24,90\u20ac<\/td><td class='avia-center-col'>34,10\u20ac<\/td><td class='avia-center-col'>43,80\u20ac<\/td><\/tr><tr class=''><td class=''>1 night in multiple room<\/td><td class='avia-center-col'>24,15\u20ac<\/td><td class='avia-center-col'>33,85\u20ac<\/td><td class='avia-center-col'>43,55\u20ac<\/td><\/tr><tr class=''><td class=''>2 nights and more in multiple room<\/td><td class='avia-center-col'>22,40\u20ac<\/td><td class='avia-center-col'>32,10\u20ac<\/td><td class='avia-center-col'>41,80\u20ac<\/td><\/tr><\/tbody><\/table><\/div><br \/>\n<div class='avia-data-table-wrap av-av_table-12b3aea10d658723bba4e75eda355bcd avia_scrollable_table avia-table-4'><table  class='avia-table avia-data-table avia_pricing_default  avia-builder-el-19  el_after_av_table  avia-builder-el-last '  itemscope=\"itemscope\" itemtype=\"https:\/\/schema.org\/Table\" ><caption>PRICES HIGH SEASON FROM 01\/04 TILL 31\/12\/2020 (compulsory membership + 0,85\u20ac)<\/caption><tbody><tr class='avia-heading-row'><th class=''>Packages Adults<\/th><th class='avia-center-col'>B&amp;B<\/th><th class='avia-center-col'>HALF BOARD<\/th><th class='avia-center-col'>FULL BOARD<\/th><\/tr><tr class=''><td class=''>1 night in single room<\/td><td class='avia-center-col'>33,55\u20ac<\/td><td class='avia-center-col'>43,25\u20ac<\/td><td class='avia-center-col'>52,95\u20ac<\/td><\/tr><tr class=''><td class=''>2 nights and more in single room<\/td><td class='avia-center-col'>31,35\u20ac<\/td><td class='avia-center-col'>41,05\u20ac<\/td><td class='avia-center-col'>50,75\u20ac<br \/>\n<\/td><\/tr><tr class=''><td class=''>1 night in double room<\/td><td class='avia-center-col'>27,05\u20ac<\/td><td class='avia-center-col'>36,75\u20ac<\/td><td class='avia-center-col'>46,45\u20ac<\/td><\/tr><tr class=''><td class=''>2 nights and more in double room<\/td><td class='avia-center-col'>24,95\u20ac<\/td><td class='avia-center-col'>34,65\u20ac<\/td><td class='avia-center-col'>44,35\u20ac<\/td><\/tr><tr class=''><td class=''>1 night in multiple room<\/td><td class='avia-center-col'>25,30\u20ac<\/td><td class='avia-center-col'>35\u20ac<\/td><td class='avia-center-col'>44,70\u20ac<\/td><\/tr><tr class=''><td class=''>2 nights and more in multiple room<\/td><td class='avia-center-col'>23,35\u20ac<\/td><td class='avia-center-col'>33,05\u20ac<\/td><td class='avia-center-col'>42,75\u20ac<\/td><\/tr><\/tbody><\/table><\/div><\/p><\/div>\n\n<style type=\"text\/css\" data-created_by=\"avia_inline_auto\" id=\"style-css-av-av_one_full-6126cab7d8fab8d08143dd2dacdf673c\">\n.flex_column.av-av_one_full-6126cab7d8fab8d08143dd2dacdf673c{\nborder-radius:0px 0px 0px 0px;\npadding:0px 0px 0px 0px;\n}\n<\/style>\n<div  class='flex_column av-av_one_full-6126cab7d8fab8d08143dd2dacdf673c av_one_full  avia-builder-el-20  el_after_av_one_full  avia-builder-el-last  first flex_column_div av-zero-column-padding  column-top-margin'     ><p>\n<style type=\"text\/css\" data-created_by=\"avia_inline_auto\" id=\"style-css-av-av_heading-e71cf77c2091d77af336b96f43d5cf7a\">\n#top .av-special-heading.av-av_heading-e71cf77c2091d77af336b96f43d5cf7a{\npadding-bottom:0;\n}\nbody .av-special-heading.av-av_heading-e71cf77c2091d77af336b96f43d5cf7a .av-special-heading-tag .heading-char{\nfont-size:25px;\n}\n.av-special-heading.av-av_heading-e71cf77c2091d77af336b96f43d5cf7a .av-subheading{\nfont-size:15px;\n}\n<\/style>\n<div  class='av-special-heading av-av_heading-e71cf77c2091d77af336b96f43d5cf7a av-special-heading-h3  avia-builder-el-21  el_before_av_table  avia-builder-el-first '><h3 class='av-special-heading-tag '  itemprop=\"headline\"  >Extra charge<\/h3><div class=\"special-heading-border\"><div class=\"special-heading-inner-border\"><\/div><\/div><\/div><br \/>\n<div class='avia-data-table-wrap av-av_table-fa5892f3598fc28c9bb72ab0dd5cfc18 avia_scrollable_table avia-table-5'><table  class='avia-table avia-data-table avia_pricing_default  avia-builder-el-22  el_after_av_heading  avia-builder-el-last '  itemscope=\"itemscope\" itemtype=\"https:\/\/schema.org\/Table\" ><tbody><tr class='avia-heading-row'><th class=''><\/th><th class='avia-center-col'>PRICE<\/th><\/tr><tr class=''><td class=''>Towels<\/td><td class='avia-center-col'>4\u20ac \/ pers.<\/td><\/tr><tr class=''><td class=''>Snack (cake + fruit + small bottle of fruit juice)<\/td><td class='avia-center-col'>1,50\u20ac \/ pers.<\/td><\/tr><\/tbody><\/table><\/div><\/p><\/div>\n","protected":false},"excerpt":{"rendered":"","protected":false},"author":1,"featured_media":0,"parent":4575,"menu_order":0,"comment_status":"closed","ping_status":"closed","template":"","meta":{"footnotes":""},"class_list":["post-4599","page","type-page","status-publish","hentry"],"yoast_head":"<!-- This site is optimized with the Yoast SEO plugin v27.3 - https:\/\/yoast.com\/product\/yoast-seo-wordpress\/ -->\n<title>Accomodation group - ETHIC ETAPES SOLOGNE ROMORANTIN<\/title>\n<meta name=\"description\" content=\"A comfortable accommodation in Sologne Val de loire adapted to the welcome of groups, spaces shared by quality and a friendly atmosphere!\" \/>\n<meta name=\"robots\" content=\"index, follow, max-snippet:-1, max-image-preview:large, max-video-preview:-1\" \/>\n<link rel=\"canonical\" href=\"https:\/\/www.ethicetapes-sologne.com\/en\/accomodation-jean-monnet\/accomodation-group\/\" \/>\n<meta property=\"og:locale\" content=\"en_US\" \/>\n<meta property=\"og:type\" content=\"article\" \/>\n<meta property=\"og:title\" content=\"Accomodation group - ETHIC ETAPES SOLOGNE ROMORANTIN\" \/>\n<meta property=\"og:description\" content=\"A comfortable accommodation in Sologne Val de loire adapted to the welcome of groups, spaces shared by quality and a friendly atmosphere!\" \/>\n<meta property=\"og:url\" content=\"https:\/\/www.ethicetapes-sologne.com\/en\/accomodation-jean-monnet\/accomodation-group\/\" \/>\n<meta property=\"og:site_name\" content=\"ETHICETAPES-SOLOGNE\" \/>\n<meta property=\"article:publisher\" content=\"https:\/\/www.facebook.com\/ethicetapessologneromorantin\/?fref=ts\" \/>\n<meta property=\"article:modified_time\" content=\"2019-12-31T14:01:51+00:00\" \/>\n<meta name=\"twitter:card\" content=\"summary_large_image\" \/>\n<meta name=\"twitter:label1\" content=\"Est. reading time\" \/>\n\t<meta name=\"twitter:data1\" content=\"10 minutes\" \/>\n<script type=\"application\/ld+json\" class=\"yoast-schema-graph\">{\"@context\":\"https:\\\/\\\/schema.org\",\"@graph\":[{\"@type\":\"WebPage\",\"@id\":\"https:\\\/\\\/www.ethicetapes-sologne.com\\\/en\\\/accomodation-jean-monnet\\\/accomodation-group\\\/\",\"url\":\"https:\\\/\\\/www.ethicetapes-sologne.com\\\/en\\\/accomodation-jean-monnet\\\/accomodation-group\\\/\",\"name\":\"Accomodation group - ETHIC ETAPES SOLOGNE ROMORANTIN\",\"isPartOf\":{\"@id\":\"https:\\\/\\\/www.ethicetapes-sologne.com\\\/#website\"},\"datePublished\":\"2017-01-30T10:17:21+00:00\",\"dateModified\":\"2019-12-31T14:01:51+00:00\",\"description\":\"A comfortable accommodation in Sologne Val de loire adapted to the welcome of groups, spaces shared by quality and a friendly atmosphere!\",\"breadcrumb\":{\"@id\":\"https:\\\/\\\/www.ethicetapes-sologne.com\\\/en\\\/accomodation-jean-monnet\\\/accomodation-group\\\/#breadcrumb\"},\"inLanguage\":\"en-US\",\"potentialAction\":[{\"@type\":\"ReadAction\",\"target\":[\"https:\\\/\\\/www.ethicetapes-sologne.com\\\/en\\\/accomodation-jean-monnet\\\/accomodation-group\\\/\"]}]},{\"@type\":\"BreadcrumbList\",\"@id\":\"https:\\\/\\\/www.ethicetapes-sologne.com\\\/en\\\/accomodation-jean-monnet\\\/accomodation-group\\\/#breadcrumb\",\"itemListElement\":[{\"@type\":\"ListItem\",\"position\":1,\"name\":\"Accueil\",\"item\":\"https:\\\/\\\/www.ethicetapes-sologne.com\\\/en\\\/\"},{\"@type\":\"ListItem\",\"position\":2,\"name\":\"Accommodation\",\"item\":\"https:\\\/\\\/www.ethicetapes-sologne.com\\\/en\\\/accomodation-jean-monnet\\\/\"},{\"@type\":\"ListItem\",\"position\":3,\"name\":\"Groups prices\"}]},{\"@type\":\"WebSite\",\"@id\":\"https:\\\/\\\/www.ethicetapes-sologne.com\\\/#website\",\"url\":\"https:\\\/\\\/www.ethicetapes-sologne.com\\\/\",\"name\":\"ETHICETAPES-SOLOGNE\",\"description\":\"Association MAJO\",\"potentialAction\":[{\"@type\":\"SearchAction\",\"target\":{\"@type\":\"EntryPoint\",\"urlTemplate\":\"https:\\\/\\\/www.ethicetapes-sologne.com\\\/?s={search_term_string}\"},\"query-input\":{\"@type\":\"PropertyValueSpecification\",\"valueRequired\":true,\"valueName\":\"search_term_string\"}}],\"inLanguage\":\"en-US\"}]}<\/script>\n<!-- \/ Yoast SEO plugin. -->","yoast_head_json":{"title":"Accomodation group - ETHIC ETAPES SOLOGNE ROMORANTIN","description":"A comfortable accommodation in Sologne Val de loire adapted to the welcome of groups, spaces shared by quality and a friendly atmosphere!","robots":{"index":"index","follow":"follow","max-snippet":"max-snippet:-1","max-image-preview":"max-image-preview:large","max-video-preview":"max-video-preview:-1"},"canonical":"https:\/\/www.ethicetapes-sologne.com\/en\/accomodation-jean-monnet\/accomodation-group\/","og_locale":"en_US","og_type":"article","og_title":"Accomodation group - ETHIC ETAPES SOLOGNE ROMORANTIN","og_description":"A comfortable accommodation in Sologne Val de loire adapted to the welcome of groups, spaces shared by quality and a friendly atmosphere!","og_url":"https:\/\/www.ethicetapes-sologne.com\/en\/accomodation-jean-monnet\/accomodation-group\/","og_site_name":"ETHICETAPES-SOLOGNE","article_publisher":"https:\/\/www.facebook.com\/ethicetapessologneromorantin\/?fref=ts","article_modified_time":"2019-12-31T14:01:51+00:00","twitter_card":"summary_large_image","twitter_misc":{"Est. reading time":"10 minutes"},"schema":{"@context":"https:\/\/schema.org","@graph":[{"@type":"WebPage","@id":"https:\/\/www.ethicetapes-sologne.com\/en\/accomodation-jean-monnet\/accomodation-group\/","url":"https:\/\/www.ethicetapes-sologne.com\/en\/accomodation-jean-monnet\/accomodation-group\/","name":"Accomodation group - ETHIC ETAPES SOLOGNE ROMORANTIN","isPartOf":{"@id":"https:\/\/www.ethicetapes-sologne.com\/#website"},"datePublished":"2017-01-30T10:17:21+00:00","dateModified":"2019-12-31T14:01:51+00:00","description":"A comfortable accommodation in Sologne Val de loire adapted to the welcome of groups, spaces shared by quality and a friendly atmosphere!","breadcrumb":{"@id":"https:\/\/www.ethicetapes-sologne.com\/en\/accomodation-jean-monnet\/accomodation-group\/#breadcrumb"},"inLanguage":"en-US","potentialAction":[{"@type":"ReadAction","target":["https:\/\/www.ethicetapes-sologne.com\/en\/accomodation-jean-monnet\/accomodation-group\/"]}]},{"@type":"BreadcrumbList","@id":"https:\/\/www.ethicetapes-sologne.com\/en\/accomodation-jean-monnet\/accomodation-group\/#breadcrumb","itemListElement":[{"@type":"ListItem","position":1,"name":"Accueil","item":"https:\/\/www.ethicetapes-sologne.com\/en\/"},{"@type":"ListItem","position":2,"name":"Accommodation","item":"https:\/\/www.ethicetapes-sologne.com\/en\/accomodation-jean-monnet\/"},{"@type":"ListItem","position":3,"name":"Groups prices"}]},{"@type":"WebSite","@id":"https:\/\/www.ethicetapes-sologne.com\/#website","url":"https:\/\/www.ethicetapes-sologne.com\/","name":"ETHICETAPES-SOLOGNE","description":"Association MAJO","potentialAction":[{"@type":"SearchAction","target":{"@type":"EntryPoint","urlTemplate":"https:\/\/www.ethicetapes-sologne.com\/?s={search_term_string}"},"query-input":{"@type":"PropertyValueSpecification","valueRequired":true,"valueName":"search_term_string"}}],"inLanguage":"en-US"}]}},"_links":{"self":[{"href":"https:\/\/www.ethicetapes-sologne.com\/en\/wp-json\/wp\/v2\/pages\/4599","targetHints":{"allow":["GET"]}}],"collection":[{"href":"https:\/\/www.ethicetapes-sologne.com\/en\/wp-json\/wp\/v2\/pages"}],"about":[{"href":"https:\/\/www.ethicetapes-sologne.com\/en\/wp-json\/wp\/v2\/types\/page"}],"author":[{"embeddable":true,"href":"https:\/\/www.ethicetapes-sologne.com\/en\/wp-json\/wp\/v2\/users\/1"}],"replies":[{"embeddable":true,"href":"https:\/\/www.ethicetapes-sologne.com\/en\/wp-json\/wp\/v2\/comments?post=4599"}],"version-history":[{"count":0,"href":"https:\/\/www.ethicetapes-sologne.com\/en\/wp-json\/wp\/v2\/pages\/4599\/revisions"}],"up":[{"embeddable":true,"href":"https:\/\/www.ethicetapes-sologne.com\/en\/wp-json\/wp\/v2\/pages\/4575"}],"wp:attachment":[{"href":"https:\/\/www.ethicetapes-sologne.com\/en\/wp-json\/wp\/v2\/media?parent=4599"}],"curies":[{"name":"wp","href":"https:\/\/api.w.org\/{rel}","templated":true}]}}