{"id":4566,"date":"2017-01-27T18:05:24","date_gmt":"2017-01-27T17:05:24","guid":{"rendered":"https:\/\/www.ethicetapes-sologne.com\/?page_id=4566"},"modified":"2017-03-02T10:14:51","modified_gmt":"2017-03-02T09:14:51","slug":"activities","status":"publish","type":"page","link":"https:\/\/www.ethicetapes-sologne.com\/en\/activities\/","title":{"rendered":"Activities"},"content":{"rendered":"\n<style type=\"text\/css\" data-created_by=\"avia_inline_auto\" id=\"style-css-av-av_image-e27491a5668aca9989ca905928122440\">\n.avia-image-container.av-av_image-e27491a5668aca9989ca905928122440 img.avia_image{\nbox-shadow:none;\n}\n.avia-image-container.av-av_image-e27491a5668aca9989ca905928122440 .av-image-caption-overlay-center{\ncolor:#ffffff;\n}\n<\/style>\n<div  class='avia-image-container av-av_image-e27491a5668aca9989ca905928122440 av-styling- avia-align-center  avia-builder-el-0  el_before_av_hr  avia-builder-el-first '   itemprop=\"image\" itemscope=\"itemscope\" itemtype=\"https:\/\/schema.org\/ImageObject\" ><div class=\"avia-image-container-inner\"><div class=\"avia-image-overlay-wrap\"><img decoding=\"async\" fetchpriority=\"high\" class='wp-image-4347 avia-img-lazy-loading-not-4347 avia_image ' src=\"https:\/\/www.ethicetapes-sologne.com\/wp-content\/uploads\/2017\/01\/Chateau-Villesavin.jpg\" alt='' title='Chateau-Villesavin'  height=\"321\" width=\"845\"  itemprop=\"thumbnailUrl\" srcset=\"https:\/\/www.ethicetapes-sologne.com\/wp-content\/uploads\/2017\/01\/Chateau-Villesavin.jpg 845w, https:\/\/www.ethicetapes-sologne.com\/wp-content\/uploads\/2017\/01\/Chateau-Villesavin-300x114.jpg 300w, https:\/\/www.ethicetapes-sologne.com\/wp-content\/uploads\/2017\/01\/Chateau-Villesavin-768x292.jpg 768w, https:\/\/www.ethicetapes-sologne.com\/wp-content\/uploads\/2017\/01\/Chateau-Villesavin-705x268.jpg 705w, https:\/\/www.ethicetapes-sologne.com\/wp-content\/uploads\/2017\/01\/Chateau-Villesavin-450x171.jpg 450w\" sizes=\"(max-width: 845px) 100vw, 845px\" \/><\/div><\/div><\/div>\n\n<style type=\"text\/css\" data-created_by=\"avia_inline_auto\" id=\"style-css-av-av_hr-a6de236e6c183bbbd700292deacd2b52\">\n#top .hr.hr-invisible.av-av_hr-a6de236e6c183bbbd700292deacd2b52{\nheight:20px;\n}\n<\/style>\n<div  class='hr av-av_hr-a6de236e6c183bbbd700292deacd2b52 hr-invisible  avia-builder-el-1  el_after_av_image  el_before_av_one_half '><span class='hr-inner '><span class=\"hr-inner-style\"><\/span><\/span><\/div>\n\n<style type=\"text\/css\" data-created_by=\"avia_inline_auto\" id=\"style-css-av-av_one_half-6126cab7d8fab8d08143dd2dacdf673c\">\n.flex_column.av-av_one_half-6126cab7d8fab8d08143dd2dacdf673c{\nborder-radius:0px 0px 0px 0px;\npadding:0px 0px 0px 0px;\n}\n<\/style>\n<div  class='flex_column av-av_one_half-6126cab7d8fab8d08143dd2dacdf673c av_one_half  avia-builder-el-2  el_after_av_hr  el_before_av_one_half  first flex_column_div av-zero-column-padding  '     ><p>\n<style type=\"text\/css\" data-created_by=\"avia_inline_auto\" id=\"style-css-av-av_heading-72f447a7e2506c85d030e88f7d757821\">\n#top .av-special-heading.av-av_heading-72f447a7e2506c85d030e88f7d757821{\npadding-bottom:10px;\n}\nbody .av-special-heading.av-av_heading-72f447a7e2506c85d030e88f7d757821 .av-special-heading-tag .heading-char{\nfont-size:25px;\n}\n.av-special-heading.av-av_heading-72f447a7e2506c85d030e88f7d757821 .av-subheading{\nfont-size:15px;\n}\n<\/style>\n<div  class='av-special-heading av-av_heading-72f447a7e2506c85d030e88f7d757821 av-special-heading-h3  avia-builder-el-3  el_before_av_textblock  avia-builder-el-first '><h3 class='av-special-heading-tag '  itemprop=\"headline\"  >Hiking<\/h3><div class=\"special-heading-border\"><div class=\"special-heading-inner-border\"><\/div><\/div><\/div><br \/>\n<section  class='av_textblock_section av-av_textblock-0366cc7376be6c9e82a3e9cc8987b64f '   itemscope=\"itemscope\" itemtype=\"https:\/\/schema.org\/CreativeWork\" ><div class='avia_textblock'  itemprop=\"text\" ><p>Sologne spans through three departments in the Loire Valley: Cher, Loir-et-Cher.<\/p>\n<p>Home to 500,000 hectares of varied landscapes where flora and fauna coexist harmoniously, you will find nearly 3,000 ponds, conifer forests, moorland covered in heather and broom and farming land.<\/p>\n<p>This area attracts nature lovers: hikers, anglers, photographers\u2026<\/p>\n<\/div><\/section><br \/>\n\n<style type=\"text\/css\" data-created_by=\"avia_inline_auto\" id=\"style-css-av-av_heading-b269ee5008a8c77afc2128c9b060cfa5\">\n#top .av-special-heading.av-av_heading-b269ee5008a8c77afc2128c9b060cfa5{\npadding-bottom:10px;\n}\nbody .av-special-heading.av-av_heading-b269ee5008a8c77afc2128c9b060cfa5 .av-special-heading-tag .heading-char{\nfont-size:25px;\n}\n.av-special-heading.av-av_heading-b269ee5008a8c77afc2128c9b060cfa5 .av-subheading{\nfont-size:15px;\n}\n<\/style>\n<div  class='av-special-heading av-av_heading-b269ee5008a8c77afc2128c9b060cfa5 av-special-heading-h3  avia-builder-el-5  el_after_av_textblock  el_before_av_textblock '><h3 class='av-special-heading-tag '  itemprop=\"headline\"  >Cycling<\/h3><div class=\"special-heading-border\"><div class=\"special-heading-inner-border\"><\/div><\/div><\/div><br \/>\n<section  class='av_textblock_section av-av_textblock-0366cc7376be6c9e82a3e9cc8987b64f '   itemscope=\"itemscope\" itemtype=\"https:\/\/schema.org\/CreativeWork\" ><div class='avia_textblock'  itemprop=\"text\" ><p>Discover typical villages as you cycle along the small roads of Sologne. In conjunction with Sologne Cycling Club, we can provide you with information and intineraries for 4 circuits starting from Ethic Etapes Jean Monnet.<\/p>\n<p>These itineraries highlight tourist sites not to be missed along the way, such as the Maison des \u00c9tangs and Maison du Cerf, the \u00c9tang de Beaumont and the rich heritage of the towns\u2026The medieval city of Mennoutou sur Cher, and the castles of Chambord and Cheverny\u2026. Sologne Cycling Club can provide you with longer tours \u2026 Please do not hesitate to ask us for more information.<\/p>\n<\/div><\/section><\/p><\/div>\n\n<style type=\"text\/css\" data-created_by=\"avia_inline_auto\" id=\"style-css-av-av_one_half-0aa7055fe62c3622faec82866afbaeb2\">\n.flex_column.av-av_one_half-0aa7055fe62c3622faec82866afbaeb2{\nborder-radius:0px 0px 0px 0px;\npadding:0px 0px 0px 0px;\n}\n<\/style>\n<div  class='flex_column av-av_one_half-0aa7055fe62c3622faec82866afbaeb2 av_one_half  avia-builder-el-7  el_after_av_one_half  avia-builder-el-last  flex_column_div av-zero-column-padding  '     ><p>\n<style type=\"text\/css\" data-created_by=\"avia_inline_auto\" id=\"style-css-av-av_heading-1e34c3314514074fc733a782649bd55c\">\n#top .av-special-heading.av-av_heading-1e34c3314514074fc733a782649bd55c{\npadding-bottom:10px;\n}\nbody .av-special-heading.av-av_heading-1e34c3314514074fc733a782649bd55c .av-special-heading-tag .heading-char{\nfont-size:25px;\n}\n.av-special-heading.av-av_heading-1e34c3314514074fc733a782649bd55c .av-subheading{\nfont-size:15px;\n}\n<\/style>\n<div  class='av-special-heading av-av_heading-1e34c3314514074fc733a782649bd55c av-special-heading-h3  avia-builder-el-8  el_before_av_textblock  avia-builder-el-first '><h3 class='av-special-heading-tag '  itemprop=\"headline\"  >Fishing<\/h3><div class=\"special-heading-border\"><div class=\"special-heading-inner-border\"><\/div><\/div><\/div><br \/>\n<section  class='av_textblock_section av-av_textblock-0366cc7376be6c9e82a3e9cc8987b64f '   itemscope=\"itemscope\" itemtype=\"https:\/\/schema.org\/CreativeWork\" ><div class='avia_textblock'  itemprop=\"text\" ><p>In Sologne, anglers enjoy freshwater fishing at the edge of ponds and rivers. There are some 3,200 ponds (totalling almost 11,500 hectares of water), most of which are artificial, dating back to the time of Napoleon III.<\/p>\n<p>In autumn, pond fishing remains a tradition. A few days before the official opening of the fishing season, the sluice gates are opened in order to drain the ponds. The fish trapped in the remaining water (carp, pike, pike-perch) become easy prey to catch\u2026. with a net.<\/p>\n<\/div><\/section><br \/>\n\n<style type=\"text\/css\" data-created_by=\"avia_inline_auto\" id=\"style-css-av-av_hr-a6de236e6c183bbbd700292deacd2b52\">\n#top .hr.hr-invisible.av-av_hr-a6de236e6c183bbbd700292deacd2b52{\nheight:20px;\n}\n<\/style>\n<div  class='hr av-av_hr-a6de236e6c183bbbd700292deacd2b52 hr-invisible  avia-builder-el-10  el_after_av_textblock  el_before_av_image '><span class='hr-inner '><span class=\"hr-inner-style\"><\/span><\/span><\/div><br \/>\n\n<style type=\"text\/css\" data-created_by=\"avia_inline_auto\" id=\"style-css-av-av_image-47edcd91f95ab645483e134a1c10fe6a\">\n.avia-image-container.av-av_image-47edcd91f95ab645483e134a1c10fe6a img.avia_image{\nbox-shadow:none;\n}\n.avia-image-container.av-av_image-47edcd91f95ab645483e134a1c10fe6a .av-image-caption-overlay-center{\ncolor:#ffffff;\n}\n<\/style>\n<div  class='avia-image-container av-av_image-47edcd91f95ab645483e134a1c10fe6a av-styling- avia-align-center  avia-builder-el-11  el_after_av_hr  el_before_av_promobox '   itemprop=\"image\" itemscope=\"itemscope\" itemtype=\"https:\/\/schema.org\/ImageObject\" ><div class=\"avia-image-container-inner\"><div class=\"avia-image-overlay-wrap\"><img decoding=\"async\" fetchpriority=\"high\" class='wp-image-4435 avia-img-lazy-loading-not-4435 avia_image ' src=\"https:\/\/www.ethicetapes-sologne.com\/wp-content\/uploads\/2017\/01\/majo-ethic-etapes-activites-panier-repas.jpg\" alt='La Sologne s\u2019\u00e9tend sur trois d\u00e9partements, le Cher, le Loir-et-Cher \u00e6et le Loiret. Cette r\u00e9gion attire les amoureux de la nature : randonneurs, p\u00eacheurs, photographes\u2026' title='majo-ethic-etapes-activites-panier-repas'  height=\"250\" width=\"450\"  itemprop=\"thumbnailUrl\" srcset=\"https:\/\/www.ethicetapes-sologne.com\/wp-content\/uploads\/2017\/01\/majo-ethic-etapes-activites-panier-repas.jpg 450w, https:\/\/www.ethicetapes-sologne.com\/wp-content\/uploads\/2017\/01\/majo-ethic-etapes-activites-panier-repas-300x167.jpg 300w\" sizes=\"(max-width: 450px) 100vw, 450px\" \/><\/div><\/div><\/div><br \/>\n\n<style type=\"text\/css\" data-created_by=\"avia_inline_auto\" id=\"style-css-av-av_promobox-b9d1813b88834f51b6f7dd42ccf9b1ba\">\n.av_promobox.av-av_promobox-b9d1813b88834f51b6f7dd42ccf9b1ba{\ncolor:#666666;\nbackground:#f2f2f2;\n}\n<\/style>\n<div  class='av_promobox av-av_promobox-b9d1813b88834f51b6f7dd42ccf9b1ba avia-button-no  avia-builder-el-12  el_after_av_image  avia-builder-el-last '><div class='avia-promocontent'><\/p>\n<p style=\"text-align: center;\">For your outings relaxation and \/ or discovery, consult <a href=\"https:\/\/www.ethicetapes-sologne.com\/restaurant\/groups\/?lang=en\">our lunch box<\/a>.<\/p>\n<p>\n<\/div><\/div><\/p><\/div>\n","protected":false},"excerpt":{"rendered":"","protected":false},"author":1,"featured_media":0,"parent":0,"menu_order":0,"comment_status":"closed","ping_status":"closed","template":"","meta":{"footnotes":""},"class_list":["post-4566","page","type-page","status-publish","hentry"],"yoast_head":"<!-- This site is optimized with the Yoast SEO plugin v27.5 - https:\/\/yoast.com\/product\/yoast-seo-wordpress\/ -->\n<title>Activities Sologne - ETHIC ETAPES SOLOGNE ROMORANTIN<\/title>\n<meta name=\"description\" content=\"In Sologne, several activities are offered: hiking, fishing, cycling. This region also attracts nature lovers: hikers, fishermen, photographers\" \/>\n<meta name=\"robots\" content=\"index, follow, max-snippet:-1, max-image-preview:large, max-video-preview:-1\" \/>\n<link rel=\"canonical\" href=\"https:\/\/www.ethicetapes-sologne.com\/en\/activities\/\" \/>\n<meta property=\"og:locale\" content=\"en_US\" \/>\n<meta property=\"og:type\" content=\"article\" \/>\n<meta property=\"og:title\" content=\"Activities Sologne - ETHIC ETAPES SOLOGNE ROMORANTIN\" \/>\n<meta property=\"og:description\" content=\"In Sologne, several activities are offered: hiking, fishing, cycling. This region also attracts nature lovers: hikers, fishermen, photographers\" \/>\n<meta property=\"og:url\" content=\"https:\/\/www.ethicetapes-sologne.com\/en\/activities\/\" \/>\n<meta property=\"og:site_name\" content=\"ETHICETAPES-SOLOGNE\" \/>\n<meta property=\"article:publisher\" content=\"https:\/\/www.facebook.com\/ethicetapessologneromorantin\/?fref=ts\" \/>\n<meta property=\"article:modified_time\" content=\"2017-03-02T09:14:51+00:00\" \/>\n<meta name=\"twitter:card\" content=\"summary_large_image\" \/>\n<meta name=\"twitter:label1\" content=\"Est. reading time\" \/>\n\t<meta name=\"twitter:data1\" content=\"4 minutes\" \/>\n<script type=\"application\/ld+json\" class=\"yoast-schema-graph\">{\"@context\":\"https:\\\/\\\/schema.org\",\"@graph\":[{\"@type\":\"WebPage\",\"@id\":\"https:\\\/\\\/www.ethicetapes-sologne.com\\\/en\\\/activities\\\/\",\"url\":\"https:\\\/\\\/www.ethicetapes-sologne.com\\\/en\\\/activities\\\/\",\"name\":\"Activities Sologne - ETHIC ETAPES SOLOGNE ROMORANTIN\",\"isPartOf\":{\"@id\":\"https:\\\/\\\/www.ethicetapes-sologne.com\\\/#website\"},\"datePublished\":\"2017-01-27T17:05:24+00:00\",\"dateModified\":\"2017-03-02T09:14:51+00:00\",\"description\":\"In Sologne, several activities are offered: hiking, fishing, cycling. This region also attracts nature lovers: hikers, fishermen, photographers\",\"breadcrumb\":{\"@id\":\"https:\\\/\\\/www.ethicetapes-sologne.com\\\/en\\\/activities\\\/#breadcrumb\"},\"inLanguage\":\"en-US\",\"potentialAction\":[{\"@type\":\"ReadAction\",\"target\":[\"https:\\\/\\\/www.ethicetapes-sologne.com\\\/en\\\/activities\\\/\"]}]},{\"@type\":\"BreadcrumbList\",\"@id\":\"https:\\\/\\\/www.ethicetapes-sologne.com\\\/en\\\/activities\\\/#breadcrumb\",\"itemListElement\":[{\"@type\":\"ListItem\",\"position\":1,\"name\":\"Accueil\",\"item\":\"https:\\\/\\\/www.ethicetapes-sologne.com\\\/en\\\/\"},{\"@type\":\"ListItem\",\"position\":2,\"name\":\"Activities\"}]},{\"@type\":\"WebSite\",\"@id\":\"https:\\\/\\\/www.ethicetapes-sologne.com\\\/#website\",\"url\":\"https:\\\/\\\/www.ethicetapes-sologne.com\\\/\",\"name\":\"ETHICETAPES-SOLOGNE\",\"description\":\"Association MAJO\",\"potentialAction\":[{\"@type\":\"SearchAction\",\"target\":{\"@type\":\"EntryPoint\",\"urlTemplate\":\"https:\\\/\\\/www.ethicetapes-sologne.com\\\/?s={search_term_string}\"},\"query-input\":{\"@type\":\"PropertyValueSpecification\",\"valueRequired\":true,\"valueName\":\"search_term_string\"}}],\"inLanguage\":\"en-US\"}]}<\/script>\n<!-- \/ Yoast SEO plugin. -->","yoast_head_json":{"title":"Activities Sologne - ETHIC ETAPES SOLOGNE ROMORANTIN","description":"In Sologne, several activities are offered: hiking, fishing, cycling. This region also attracts nature lovers: hikers, fishermen, photographers","robots":{"index":"index","follow":"follow","max-snippet":"max-snippet:-1","max-image-preview":"max-image-preview:large","max-video-preview":"max-video-preview:-1"},"canonical":"https:\/\/www.ethicetapes-sologne.com\/en\/activities\/","og_locale":"en_US","og_type":"article","og_title":"Activities Sologne - ETHIC ETAPES SOLOGNE ROMORANTIN","og_description":"In Sologne, several activities are offered: hiking, fishing, cycling. This region also attracts nature lovers: hikers, fishermen, photographers","og_url":"https:\/\/www.ethicetapes-sologne.com\/en\/activities\/","og_site_name":"ETHICETAPES-SOLOGNE","article_publisher":"https:\/\/www.facebook.com\/ethicetapessologneromorantin\/?fref=ts","article_modified_time":"2017-03-02T09:14:51+00:00","twitter_card":"summary_large_image","twitter_misc":{"Est. reading time":"4 minutes"},"schema":{"@context":"https:\/\/schema.org","@graph":[{"@type":"WebPage","@id":"https:\/\/www.ethicetapes-sologne.com\/en\/activities\/","url":"https:\/\/www.ethicetapes-sologne.com\/en\/activities\/","name":"Activities Sologne - ETHIC ETAPES SOLOGNE ROMORANTIN","isPartOf":{"@id":"https:\/\/www.ethicetapes-sologne.com\/#website"},"datePublished":"2017-01-27T17:05:24+00:00","dateModified":"2017-03-02T09:14:51+00:00","description":"In Sologne, several activities are offered: hiking, fishing, cycling. This region also attracts nature lovers: hikers, fishermen, photographers","breadcrumb":{"@id":"https:\/\/www.ethicetapes-sologne.com\/en\/activities\/#breadcrumb"},"inLanguage":"en-US","potentialAction":[{"@type":"ReadAction","target":["https:\/\/www.ethicetapes-sologne.com\/en\/activities\/"]}]},{"@type":"BreadcrumbList","@id":"https:\/\/www.ethicetapes-sologne.com\/en\/activities\/#breadcrumb","itemListElement":[{"@type":"ListItem","position":1,"name":"Accueil","item":"https:\/\/www.ethicetapes-sologne.com\/en\/"},{"@type":"ListItem","position":2,"name":"Activities"}]},{"@type":"WebSite","@id":"https:\/\/www.ethicetapes-sologne.com\/#website","url":"https:\/\/www.ethicetapes-sologne.com\/","name":"ETHICETAPES-SOLOGNE","description":"Association MAJO","potentialAction":[{"@type":"SearchAction","target":{"@type":"EntryPoint","urlTemplate":"https:\/\/www.ethicetapes-sologne.com\/?s={search_term_string}"},"query-input":{"@type":"PropertyValueSpecification","valueRequired":true,"valueName":"search_term_string"}}],"inLanguage":"en-US"}]}},"_links":{"self":[{"href":"https:\/\/www.ethicetapes-sologne.com\/en\/wp-json\/wp\/v2\/pages\/4566","targetHints":{"allow":["GET"]}}],"collection":[{"href":"https:\/\/www.ethicetapes-sologne.com\/en\/wp-json\/wp\/v2\/pages"}],"about":[{"href":"https:\/\/www.ethicetapes-sologne.com\/en\/wp-json\/wp\/v2\/types\/page"}],"author":[{"embeddable":true,"href":"https:\/\/www.ethicetapes-sologne.com\/en\/wp-json\/wp\/v2\/users\/1"}],"replies":[{"embeddable":true,"href":"https:\/\/www.ethicetapes-sologne.com\/en\/wp-json\/wp\/v2\/comments?post=4566"}],"version-history":[{"count":0,"href":"https:\/\/www.ethicetapes-sologne.com\/en\/wp-json\/wp\/v2\/pages\/4566\/revisions"}],"wp:attachment":[{"href":"https:\/\/www.ethicetapes-sologne.com\/en\/wp-json\/wp\/v2\/media?parent=4566"}],"curies":[{"name":"wp","href":"https:\/\/api.w.org\/{rel}","templated":true}]}}