{"id":4455,"date":"2017-01-26T14:27:33","date_gmt":"2017-01-26T13:27:33","guid":{"rendered":"https:\/\/www.ethicetapes-sologne.com\/?page_id=4455"},"modified":"2020-09-01T10:59:17","modified_gmt":"2020-09-01T08:59:17","slug":"home","status":"publish","type":"page","link":"https:\/\/www.ethicetapes-sologne.com\/en\/","title":{"rendered":"Home"},"content":{"rendered":"<div id='layer_slider_1'  class='avia-layerslider main_color avia-shadow  avia-builder-el-0  el_before_av_section  avia-builder-el-first  container_wrap fullsize'  style='height: 501px;'  ><\/div>\n\n<style type=\"text\/css\" data-created_by=\"avia_inline_auto\" id=\"style-css-av-19dwm0n-d36e8ae091af2a25270836558168cf6b\">\n.avia-section.av-19dwm0n-d36e8ae091af2a25270836558168cf6b{\nbackground-color:#540000;\nbackground-image:unset;\n}\n<\/style>\n<div id='av_section_1'  class='avia-section av-19dwm0n-d36e8ae091af2a25270836558168cf6b main_color avia-section-no-padding avia-no-border-styling  avia-builder-el-1  el_after_av_layerslider  el_before_av_one_full  avia-bg-style-scroll av-minimum-height av-minimum-height-custom av-height-custom  container_wrap fullsize'   data-av_minimum_height_px='200'><div class='container av-section-cont-open' style='height:200px'><div class='template-page content  av-content-full alpha units'><div class='post-entry post-entry-type-page post-entry-4455'><div class='entry-content-wrapper clearfix'>\n\n<style type=\"text\/css\" data-created_by=\"avia_inline_auto\" id=\"style-css-av-fmamv-8abce02dc4acd37bcd5b2758734b9e68\">\n#top .hr.hr-invisible.av-fmamv-8abce02dc4acd37bcd5b2758734b9e68{\nheight:20px;\n}\n<\/style>\n<div  class='hr av-fmamv-8abce02dc4acd37bcd5b2758734b9e68 hr-invisible  avia-builder-el-2  el_before_av_textblock  avia-builder-el-first '><span class='hr-inner '><span class=\"hr-inner-style\"><\/span><\/span><\/div>\n<section  class='av_textblock_section av-15y45x3-3c62afeeebceec744cd4a4578ff4a460 '   itemscope=\"itemscope\" itemtype=\"https:\/\/schema.org\/CreativeWork\" ><div class='avia_textblock'  itemprop=\"text\" ><h3 style=\"text-align: center;\"><span style=\"color: #c3512f;\">Accommodation: book your stay in Romorantin-Lanthenay<\/span><\/h3>\n<\/div><\/section>\n\n\n<style type=\"text\/css\" data-created_by=\"avia_inline_auto\" id=\"style-css-av-12tc0sn-9a3c7cc54b0acc7ca2a985bd8a1c4c0a\">\n#top .hr.hr-invisible.av-12tc0sn-9a3c7cc54b0acc7ca2a985bd8a1c4c0a{\nheight:20px;\n}\n<\/style>\n<div  class='hr av-12tc0sn-9a3c7cc54b0acc7ca2a985bd8a1c4c0a hr-invisible  avia-builder-el-5  el_after_av_codeblock  el_before_av_textblock '><span class='hr-inner '><span class=\"hr-inner-style\"><\/span><\/span><\/div>\n<section  class='av_textblock_section av-10mf0k7-7b96143570807e33856fa76d8ac0ced3 '   itemscope=\"itemscope\" itemtype=\"https:\/\/schema.org\/CreativeWork\" ><div class='avia_textblock'  itemprop=\"text\" ><p style=\"text-align: center;\"><span style=\"color: #c3512f;\">You wish to make a reservation for more than 8 people? Thank you for contacting <a href=\"https:\/\/www.ethicetapes-sologne.com\/contact\/?lang=en\">our services<\/a>.<\/span><\/p>\n<\/div><\/section>\n<\/div><\/div><\/div><!-- close content main div --><\/div><\/div><div id='after_section_1'  class='main_color av_default_container_wrap container_wrap fullsize'  ><div class='container av-section-cont-open' ><div class='template-page content  av-content-full alpha units'><div class='post-entry post-entry-type-page post-entry-4455'><div class='entry-content-wrapper clearfix'>\n\n<style type=\"text\/css\" data-created_by=\"avia_inline_auto\" id=\"style-css-av-z0oebb-df1020dafd42d23155992416d3b57f95\">\n#top .flex_column.av-z0oebb-df1020dafd42d23155992416d3b57f95{\nmargin-top:-50px;\nmargin-bottom:0px;\n}\n.flex_column.av-z0oebb-df1020dafd42d23155992416d3b57f95{\nborder-radius:0px 0px 0px 0px;\npadding:0px 0px 0px 0px;\n}\n.responsive #top #wrap_all .flex_column.av-z0oebb-df1020dafd42d23155992416d3b57f95{\nmargin-top:-50px;\nmargin-bottom:0px;\n}\n<\/style>\n<div  class='flex_column av-z0oebb-df1020dafd42d23155992416d3b57f95 av_one_full  avia-builder-el-7  el_after_av_section  el_before_av_section  avia-builder-el-no-sibling  first flex_column_div av-zero-column-padding  '     ><p>\n<style type=\"text\/css\" data-created_by=\"avia_inline_auto\" id=\"style-css-av-12tc0sn-97304873986cb9ce052c5f73c894808b\">\n#top .hr.hr-invisible.av-12tc0sn-97304873986cb9ce052c5f73c894808b{\nheight:5px;\n}\n<\/style>\n<div  class='hr av-12tc0sn-97304873986cb9ce052c5f73c894808b hr-invisible  avia-builder-el-8  el_before_av_heading  avia-builder-el-first '><span class='hr-inner '><span class=\"hr-inner-style\"><\/span><\/span><\/div><br \/>\n\n<style type=\"text\/css\" data-created_by=\"avia_inline_auto\" id=\"style-css-av-av_heading-bae033ddfd5a394a1f8b5e5e2f869f4f\">\n#top .av-special-heading.av-av_heading-bae033ddfd5a394a1f8b5e5e2f869f4f{\npadding-bottom:25px;\n}\nbody .av-special-heading.av-av_heading-bae033ddfd5a394a1f8b5e5e2f869f4f .av-special-heading-tag .heading-char{\nfont-size:25px;\n}\n.av-special-heading.av-av_heading-bae033ddfd5a394a1f8b5e5e2f869f4f .av-subheading{\nfont-size:15px;\n}\n<\/style>\n<div  class='av-special-heading av-av_heading-bae033ddfd5a394a1f8b5e5e2f869f4f av-special-heading-h3  avia-builder-el-9  el_after_av_hr  avia-builder-el-last '><h3 class='av-special-heading-tag '  itemprop=\"headline\"  >Ethic Etapes Romorantin<\/h3><div class=\"special-heading-border\"><div class=\"special-heading-inner-border\"><\/div><\/div><\/div><\/p><\/div><\/div><\/div><\/div><!-- close content main div --><\/div><\/div><div id='av_section_2'  class='avia-section av-vmx1dz-e772577a5eba7f1a177aa05dd45bf53b main_color avia-section-no-padding avia-no-border-styling  avia-builder-el-10  el_after_av_one_full  el_before_av_section  avia-bg-style-scroll container_wrap fullsize'  ><div class='container av-section-cont-open' ><div class='template-page content  av-content-full alpha units'><div class='post-entry post-entry-type-page post-entry-4455'><div class='entry-content-wrapper clearfix'>\n\n<style type=\"text\/css\" data-created_by=\"avia_inline_auto\" id=\"style-css-av-uib27r-a96186e13ec302dccba4cadb891eb371\">\n#top .flex_column.av-uib27r-a96186e13ec302dccba4cadb891eb371{\nmargin-top:0px;\nmargin-bottom:0px;\n}\n.flex_column.av-uib27r-a96186e13ec302dccba4cadb891eb371{\nborder-radius:0px 0px 0px 0px;\npadding:0px 0px 0px 0px;\n}\n.responsive #top #wrap_all .flex_column.av-uib27r-a96186e13ec302dccba4cadb891eb371{\nmargin-top:0px;\nmargin-bottom:0px;\n}\n<\/style>\n<div  class='flex_column av-uib27r-a96186e13ec302dccba4cadb891eb371 av_one_third  avia-builder-el-11  el_before_av_one_third  avia-builder-el-first  first flex_column_div av-zero-column-padding  '     ><p>\n<style type=\"text\/css\" data-created_by=\"avia_inline_auto\" id=\"style-css-av-sl0ujr-334515962b435a9590e91e8bc4a82859\">\n.avia-image-container.av-sl0ujr-334515962b435a9590e91e8bc4a82859 img.avia_image{\nbox-shadow:none;\n}\n.avia-image-container.av-sl0ujr-334515962b435a9590e91e8bc4a82859 .av-image-caption-overlay-center{\ncolor:#ffffff;\n}\n<\/style>\n<div  class='avia-image-container av-sl0ujr-334515962b435a9590e91e8bc4a82859 av-styling- av-img-linked avia-align-left  avia-builder-el-12  el_before_av_hr  avia-builder-el-first '   itemprop=\"image\" itemscope=\"itemscope\" itemtype=\"https:\/\/schema.org\/ImageObject\" ><div class=\"avia-image-container-inner\"><div class=\"avia-image-overlay-wrap\"><a href=\"https:\/\/www.ethicetapes-sologne.com\/accomodation-jean-monnet\/?lang=en\" class='avia_image '  aria-label='ethicetapes-romorantin-hebergement'><img decoding=\"async\" fetchpriority=\"high\" class='wp-image-3296 avia-img-lazy-loading-not-3296 avia_image ' src=\"https:\/\/www.ethicetapes-sologne.com\/wp-content\/uploads\/2017\/01\/majo-hebergement-home.jpg\" alt='Que vous soyez seul, en famille, entre amis, en groupe\u2026 toute l\u2019\u00e9quipe se fera une joie de vous accueillir toute l\u2019ann\u00e9e pour des s\u00e9jours scolaires, des stages sportifs, des s\u00e9minaires, des formations, pour des vacances sportives, culturelles, ludiques ou en court s\u00e9jour.' title='ethicetapes-romorantin-hebergement'  height=\"396\" width=\"590\"  itemprop=\"thumbnailUrl\" srcset=\"https:\/\/www.ethicetapes-sologne.com\/wp-content\/uploads\/2017\/01\/majo-hebergement-home.jpg 590w, https:\/\/www.ethicetapes-sologne.com\/wp-content\/uploads\/2017\/01\/majo-hebergement-home-300x201.jpg 300w, https:\/\/www.ethicetapes-sologne.com\/wp-content\/uploads\/2017\/01\/majo-hebergement-home-450x302.jpg 450w\" sizes=\"(max-width: 590px) 100vw, 590px\" \/><\/a><\/div><\/div><\/div><br \/>\n\n<style type=\"text\/css\" data-created_by=\"avia_inline_auto\" id=\"style-css-av-rxbso7-8eeec30cb69d258d3e04cd743f57b8b9\">\n#top .hr.hr-invisible.av-rxbso7-8eeec30cb69d258d3e04cd743f57b8b9{\nheight:20px;\n}\n<\/style>\n<div  class='hr av-rxbso7-8eeec30cb69d258d3e04cd743f57b8b9 hr-invisible  avia-builder-el-13  el_after_av_image  el_before_av_textblock '><span class='hr-inner '><span class=\"hr-inner-style\"><\/span><\/span><\/div><br \/>\n<section  class='av_textblock_section av-pg04s7-a5b1e8deee6d88addac024cbab99fc30 '   itemscope=\"itemscope\" itemtype=\"https:\/\/schema.org\/CreativeWork\" ><div class='avia_textblock av_inherit_color'  itemprop=\"text\" ><h4><a href=\"https:\/\/www.ethicetapes-sologne.com\/accomodation-jean-monnet\/?lang=en\"><span style=\"color: #c3512f;\">Accomodation<\/span><\/a><\/h4>\n<p>Whether with your family, in a group or on your own, the Romorantin \u00e9thic \u00e9tapes staff will be pleased to welcome you all year round for cultural or leisure holidays, school trips, sports events, training courses, incentives, short breaks.<\/p>\n<\/div><\/section><\/p><\/div>\n<style type=\"text\/css\" data-created_by=\"avia_inline_auto\" id=\"style-css-av-o6kbw7-1940f91870517127dce5813fbc8ca180\">\n#top .flex_column.av-o6kbw7-1940f91870517127dce5813fbc8ca180{\nmargin-top:0px;\nmargin-bottom:0px;\n}\n.flex_column.av-o6kbw7-1940f91870517127dce5813fbc8ca180{\nborder-radius:0px 0px 0px 0px;\npadding:0px 0px 0px 0px;\n}\n.responsive #top #wrap_all .flex_column.av-o6kbw7-1940f91870517127dce5813fbc8ca180{\nmargin-top:0px;\nmargin-bottom:0px;\n}\n<\/style>\n<div  class='flex_column av-o6kbw7-1940f91870517127dce5813fbc8ca180 av_one_third  avia-builder-el-15  el_after_av_one_third  el_before_av_one_third  flex_column_div av-zero-column-padding  '     ><p>\n<style type=\"text\/css\" data-created_by=\"avia_inline_auto\" id=\"style-css-av-28iraf-2e19b3a25d17852eadc7e41ac36f816f\">\n.avia-image-container.av-28iraf-2e19b3a25d17852eadc7e41ac36f816f img.avia_image{\nbox-shadow:none;\n}\n.avia-image-container.av-28iraf-2e19b3a25d17852eadc7e41ac36f816f .av-image-caption-overlay-center{\ncolor:#ffffff;\n}\n<\/style>\n<div  class='avia-image-container av-28iraf-2e19b3a25d17852eadc7e41ac36f816f av-styling- av-img-linked avia-align-left  avia-builder-el-16  el_before_av_hr  avia-builder-el-first '   itemprop=\"image\" itemscope=\"itemscope\" itemtype=\"https:\/\/schema.org\/ImageObject\" ><div class=\"avia-image-container-inner\"><div class=\"avia-image-overlay-wrap\"><a href=\"https:\/\/www.ethicetapes-sologne.com\/en\/restaurant\/\" class='avia_image '  aria-label='groupe-restauration-home'><img decoding=\"async\" fetchpriority=\"high\" class='wp-image-8577 avia-img-lazy-loading-not-8577 avia_image ' src=\"https:\/\/www.ethicetapes-sologne.com\/wp-content\/uploads\/2016\/12\/groupe-restauration-home.jpg\" alt='' title='groupe-restauration-home'  height=\"396\" width=\"590\"  itemprop=\"thumbnailUrl\" srcset=\"https:\/\/www.ethicetapes-sologne.com\/wp-content\/uploads\/2016\/12\/groupe-restauration-home.jpg 590w, https:\/\/www.ethicetapes-sologne.com\/wp-content\/uploads\/2016\/12\/groupe-restauration-home-300x201.jpg 300w, https:\/\/www.ethicetapes-sologne.com\/wp-content\/uploads\/2016\/12\/groupe-restauration-home-450x302.jpg 450w\" sizes=\"(max-width: 590px) 100vw, 590px\" \/><\/a><\/div><\/div><\/div><br \/>\n\n<style type=\"text\/css\" data-created_by=\"avia_inline_auto\" id=\"style-css-av-k44zdj-4d3c2d4265b22157bd8bcea8b4fa2e91\">\n#top .hr.hr-invisible.av-k44zdj-4d3c2d4265b22157bd8bcea8b4fa2e91{\nheight:20px;\n}\n<\/style>\n<div  class='hr av-k44zdj-4d3c2d4265b22157bd8bcea8b4fa2e91 hr-invisible  avia-builder-el-17  el_after_av_image  el_before_av_textblock '><span class='hr-inner '><span class=\"hr-inner-style\"><\/span><\/span><\/div><br \/>\n<section  class='av_textblock_section av-jbu19z-ea8f5acc0bdb148b8a6a8acb2b1c5790 '   itemscope=\"itemscope\" itemtype=\"https:\/\/schema.org\/CreativeWork\" ><div class='avia_textblock av_inherit_color'  itemprop=\"text\" ><h4><a href=\"https:\/\/www.ethicetapes-sologne.com\/en\/restaurant\/\"><span style=\"color: #c3512f;\">Restaurant<\/span><\/a><\/h4>\n<p>The entire catering team is thrilled to be able to serve varied cuisine, made primarily from fresh produce every day.<br \/>\nWe pride ourselves on exceeding our guests\u2019 expectations.<\/p>\n<\/div><\/section><\/p><\/div>\n<style type=\"text\/css\" data-created_by=\"avia_inline_auto\" id=\"style-css-av-hgbh9z-134497e5c7ae817dd546de677f26c7a5\">\n#top .flex_column.av-hgbh9z-134497e5c7ae817dd546de677f26c7a5{\nmargin-top:0px;\nmargin-bottom:0px;\n}\n.flex_column.av-hgbh9z-134497e5c7ae817dd546de677f26c7a5{\nborder-radius:0px 0px 0px 0px;\npadding:0px 0px 0px 0px;\n}\n.responsive #top #wrap_all .flex_column.av-hgbh9z-134497e5c7ae817dd546de677f26c7a5{\nmargin-top:0px;\nmargin-bottom:0px;\n}\n<\/style>\n<div  class='flex_column av-hgbh9z-134497e5c7ae817dd546de677f26c7a5 av_one_third  avia-builder-el-19  el_after_av_one_third  avia-builder-el-last  flex_column_div av-zero-column-padding  '     ><p>\n<style type=\"text\/css\" data-created_by=\"avia_inline_auto\" id=\"style-css-av-gdk5sn-a87713fd9459614b66c6a404f4c4e34e\">\n.avia-image-container.av-gdk5sn-a87713fd9459614b66c6a404f4c4e34e img.avia_image{\nbox-shadow:none;\n}\n.avia-image-container.av-gdk5sn-a87713fd9459614b66c6a404f4c4e34e .av-image-caption-overlay-center{\ncolor:#ffffff;\n}\n<\/style>\n<div  class='avia-image-container av-gdk5sn-a87713fd9459614b66c6a404f4c4e34e av-styling- av-img-linked avia-align-left  avia-builder-el-20  el_before_av_hr  avia-builder-el-first '   itemprop=\"image\" itemscope=\"itemscope\" itemtype=\"https:\/\/schema.org\/ImageObject\" ><div class=\"avia-image-container-inner\"><div class=\"avia-image-overlay-wrap\"><a href=\"https:\/\/www.ethicetapes-sologne.com\/seminars-center-jean-monnet\/?lang=en\" class='avia_image '  aria-label='ethicetapes-romorantin-seminaires'><img decoding=\"async\" fetchpriority=\"high\" class='wp-image-8569 avia-img-lazy-loading-not-8569 avia_image ' src=\"https:\/\/www.ethicetapes-sologne.com\/wp-content\/uploads\/2016\/12\/majo-seminaires-home.jpg\" alt='' title='ethicetapes-romorantin-seminaires'  height=\"396\" width=\"590\"  itemprop=\"thumbnailUrl\" srcset=\"https:\/\/www.ethicetapes-sologne.com\/wp-content\/uploads\/2016\/12\/majo-seminaires-home.jpg 590w, https:\/\/www.ethicetapes-sologne.com\/wp-content\/uploads\/2016\/12\/majo-seminaires-home-300x201.jpg 300w, https:\/\/www.ethicetapes-sologne.com\/wp-content\/uploads\/2016\/12\/majo-seminaires-home-450x302.jpg 450w\" sizes=\"(max-width: 590px) 100vw, 590px\" \/><\/a><\/div><\/div><\/div><br \/>\n\n<style type=\"text\/css\" data-created_by=\"avia_inline_auto\" id=\"style-css-av-drlyjb-e47e914e9a27eebac9ee8571936f4120\">\n#top .hr.hr-invisible.av-drlyjb-e47e914e9a27eebac9ee8571936f4120{\nheight:20px;\n}\n<\/style>\n<div  class='hr av-drlyjb-e47e914e9a27eebac9ee8571936f4120 hr-invisible  avia-builder-el-21  el_after_av_image  el_before_av_textblock '><span class='hr-inner '><span class=\"hr-inner-style\"><\/span><\/span><\/div><br \/>\n<section  class='av_textblock_section av-bv2jdj-2cd1e93fa22f180a8036a9a95463057e '   itemscope=\"itemscope\" itemtype=\"https:\/\/schema.org\/CreativeWork\" ><div class='avia_textblock av_inherit_color'  itemprop=\"text\" ><h4><span style=\"color: #c3512f;\"><a href=\"https:\/\/www.ethicetapes-sologne.com\/seminars-center-jean-monnet\/?lang=en\">Seminars and conferences<\/a><br \/>\n<\/span><\/h4>\n<p>In a pleasant setting, we have multi-purpose rooms available for your meetings, conferences, seminars or events&#8230; Free WIFI and\/or Ethernet access.<\/p>\n<\/div><\/section><\/p><\/div>\n<\/p>\n<\/div><\/div><\/div><!-- close content main div --><\/div><\/div><div id='av_section_3'  class='avia-section av-b29l4n-2cc59468e09d55e2934328f3d8a213b8 main_color avia-section-no-padding avia-no-border-styling  avia-builder-el-23  el_after_av_section  el_before_av_google_map  avia-bg-style-scroll container_wrap fullsize'  ><div class='container av-section-cont-open' ><div class='template-page content  av-content-full alpha units'><div class='post-entry post-entry-type-page post-entry-4455'><div class='entry-content-wrapper clearfix'>\n\n<style type=\"text\/css\" data-created_by=\"avia_inline_auto\" id=\"style-css-av-8q8oiv-37c65cf49e2cce50055ef2c088d0dbf6\">\n.av_promobox.av-8q8oiv-37c65cf49e2cce50055ef2c088d0dbf6{\ncolor:#666666;\nbackground:#f2f2f2;\n}\n<\/style>\n<div  class='av_promobox av-8q8oiv-37c65cf49e2cce50055ef2c088d0dbf6 avia-button-yes  avia-builder-el-24  el_before_av_partner  avia-builder-el-first '><div class='avia-promocontent'><p style=\"text-align: center;\">Subscribe to our newsletter for exclusive offers and discover the Sologne Val de Loire!<\/p>\n<\/div><div  class='avia-button-wrap av-8q8oiv-2c2533a4f57aa0ceb6868e22b3e07bc9-wrap avia-button-right '>\n<style type=\"text\/css\" data-created_by=\"avia_inline_auto\" id=\"style-css-av-8q8oiv-2c2533a4f57aa0ceb6868e22b3e07bc9\">\n#top #wrap_all .avia-button.av-8q8oiv-2c2533a4f57aa0ceb6868e22b3e07bc9{\nbackground-color:#c3512f;\nborder-color:#c3512f;\ncolor:#ffffff;\ntransition:all 0.4s ease-in-out;\n}\n#top #wrap_all .avia-button.av-8q8oiv-2c2533a4f57aa0ceb6868e22b3e07bc9 .avia-svg-icon svg:first-child{\nfill:#ffffff;\nstroke:#ffffff;\n}\n<\/style>\n<a href='https:\/\/www.ethicetapes-sologne.com\/newsletter\/'  class='avia-button av-8q8oiv-2c2533a4f57aa0ceb6868e22b3e07bc9 av-link-btn avia-icon_select-no avia-size-large avia-position-right'   aria-label=\"Learn more\"><span class='avia_iconbox_title' >Learn more<\/span><\/a><\/div><\/div>\n\n\n<style type=\"text\/css\" data-created_by=\"avia_inline_auto\" id=\"style-css-av-lc21j-16ff2ce1aaabb4743de84f5046eec2a0\">\n#top .hr.hr-invisible.av-lc21j-16ff2ce1aaabb4743de84f5046eec2a0{\nheight:20px;\n}\n<\/style>\n<div  class='hr av-lc21j-16ff2ce1aaabb4743de84f5046eec2a0 hr-invisible  avia-builder-el-26  el_after_av_partner  avia-builder-el-last '><span class='hr-inner '><span class=\"hr-inner-style\"><\/span><\/span><\/div>\n\n<div  class='av_gmaps_sc_main_wrap av_gmaps_main_wrap '><div id='av_gmap_0' class='avia-google-map-container avia-google-map-sc av_gmaps_show_unconditionally av-no-fallback-img ' data-mapid='av_gmap_0'  style='height: 400px;'><a class=\"av_gmaps_browser_disabled av_text_confirm_link av_text_confirm_link_visible\" href=\"https:\/\/www.google.com\/maps\/search\/?api=1&#038;query=5%20rue%20Jean%20Monnet%20%20Romorantin-Lanthenay%20%20France\" target=\"_blank\">Maps were disabled by the visitor on this site. Click to open the map in a new window.<\/a><\/div><\/div>\n","protected":false},"excerpt":{"rendered":"","protected":false},"author":1,"featured_media":0,"parent":0,"menu_order":0,"comment_status":"closed","ping_status":"closed","template":"","meta":{"footnotes":""},"class_list":["post-4455","page","type-page","status-publish","hentry"],"yoast_head":"<!-- This site is optimized with the Yoast SEO plugin v27.5 - https:\/\/yoast.com\/product\/yoast-seo-wordpress\/ -->\n<title>ETHIC ETAPES SOLOGNE : accomodation for groups, restaurant, seminars<\/title>\n<meta name=\"description\" content=\"Ethic Etapes Jean Monnet in Sologne offers accommodation for groups, families or school stays and welcomes you for sporting and cultural holidays.\" \/>\n<meta name=\"robots\" content=\"index, follow, max-snippet:-1, max-image-preview:large, max-video-preview:-1\" \/>\n<link rel=\"canonical\" href=\"https:\/\/www.ethicetapes-sologne.com\/en\/\" \/>\n<meta property=\"og:locale\" content=\"en_US\" \/>\n<meta property=\"og:type\" content=\"article\" \/>\n<meta property=\"og:title\" content=\"ETHIC ETAPES SOLOGNE : accomodation for groups, restaurant, seminars\" \/>\n<meta property=\"og:description\" content=\"Ethic Etapes Jean Monnet in Sologne offers accommodation for groups, families or school stays and welcomes you for sporting and cultural holidays.\" \/>\n<meta property=\"og:url\" content=\"https:\/\/www.ethicetapes-sologne.com\/en\/\" \/>\n<meta property=\"og:site_name\" content=\"ETHICETAPES-SOLOGNE\" \/>\n<meta property=\"article:publisher\" content=\"https:\/\/www.facebook.com\/ethicetapessologneromorantin\/?fref=ts\" \/>\n<meta property=\"article:modified_time\" content=\"2020-09-01T08:59:17+00:00\" \/>\n<meta name=\"twitter:card\" content=\"summary_large_image\" \/>\n<meta name=\"twitter:label1\" content=\"Est. reading time\" \/>\n\t<meta name=\"twitter:data1\" content=\"8 minutes\" \/>\n<script type=\"application\/ld+json\" class=\"yoast-schema-graph\">{\"@context\":\"https:\\\/\\\/schema.org\",\"@graph\":[{\"@type\":\"WebPage\",\"@id\":\"https:\\\/\\\/www.ethicetapes-sologne.com\\\/en\\\/\",\"url\":\"https:\\\/\\\/www.ethicetapes-sologne.com\\\/en\\\/\",\"name\":\"ETHIC ETAPES SOLOGNE : accomodation for groups, restaurant, seminars\",\"isPartOf\":{\"@id\":\"https:\\\/\\\/www.ethicetapes-sologne.com\\\/#website\"},\"datePublished\":\"2017-01-26T13:27:33+00:00\",\"dateModified\":\"2020-09-01T08:59:17+00:00\",\"description\":\"Ethic Etapes Jean Monnet in Sologne offers accommodation for groups, families or school stays and welcomes you for sporting and cultural holidays.\",\"breadcrumb\":{\"@id\":\"https:\\\/\\\/www.ethicetapes-sologne.com\\\/en\\\/#breadcrumb\"},\"inLanguage\":\"en-US\",\"potentialAction\":[{\"@type\":\"ReadAction\",\"target\":[\"https:\\\/\\\/www.ethicetapes-sologne.com\\\/en\\\/\"]}]},{\"@type\":\"BreadcrumbList\",\"@id\":\"https:\\\/\\\/www.ethicetapes-sologne.com\\\/en\\\/#breadcrumb\",\"itemListElement\":[{\"@type\":\"ListItem\",\"position\":1,\"name\":\"Accueil\",\"item\":\"https:\\\/\\\/www.ethicetapes-sologne.com\\\/en\\\/\"},{\"@type\":\"ListItem\",\"position\":2,\"name\":\"Home\"}]},{\"@type\":\"WebSite\",\"@id\":\"https:\\\/\\\/www.ethicetapes-sologne.com\\\/#website\",\"url\":\"https:\\\/\\\/www.ethicetapes-sologne.com\\\/\",\"name\":\"ETHICETAPES-SOLOGNE\",\"description\":\"Association MAJO\",\"potentialAction\":[{\"@type\":\"SearchAction\",\"target\":{\"@type\":\"EntryPoint\",\"urlTemplate\":\"https:\\\/\\\/www.ethicetapes-sologne.com\\\/?s={search_term_string}\"},\"query-input\":{\"@type\":\"PropertyValueSpecification\",\"valueRequired\":true,\"valueName\":\"search_term_string\"}}],\"inLanguage\":\"en-US\"}]}<\/script>\n<!-- \/ Yoast SEO plugin. -->","yoast_head_json":{"title":"ETHIC ETAPES SOLOGNE : accomodation for groups, restaurant, seminars","description":"Ethic Etapes Jean Monnet in Sologne offers accommodation for groups, families or school stays and welcomes you for sporting and cultural holidays.","robots":{"index":"index","follow":"follow","max-snippet":"max-snippet:-1","max-image-preview":"max-image-preview:large","max-video-preview":"max-video-preview:-1"},"canonical":"https:\/\/www.ethicetapes-sologne.com\/en\/","og_locale":"en_US","og_type":"article","og_title":"ETHIC ETAPES SOLOGNE : accomodation for groups, restaurant, seminars","og_description":"Ethic Etapes Jean Monnet in Sologne offers accommodation for groups, families or school stays and welcomes you for sporting and cultural holidays.","og_url":"https:\/\/www.ethicetapes-sologne.com\/en\/","og_site_name":"ETHICETAPES-SOLOGNE","article_publisher":"https:\/\/www.facebook.com\/ethicetapessologneromorantin\/?fref=ts","article_modified_time":"2020-09-01T08:59:17+00:00","twitter_card":"summary_large_image","twitter_misc":{"Est. reading time":"8 minutes"},"schema":{"@context":"https:\/\/schema.org","@graph":[{"@type":"WebPage","@id":"https:\/\/www.ethicetapes-sologne.com\/en\/","url":"https:\/\/www.ethicetapes-sologne.com\/en\/","name":"ETHIC ETAPES SOLOGNE : accomodation for groups, restaurant, seminars","isPartOf":{"@id":"https:\/\/www.ethicetapes-sologne.com\/#website"},"datePublished":"2017-01-26T13:27:33+00:00","dateModified":"2020-09-01T08:59:17+00:00","description":"Ethic Etapes Jean Monnet in Sologne offers accommodation for groups, families or school stays and welcomes you for sporting and cultural holidays.","breadcrumb":{"@id":"https:\/\/www.ethicetapes-sologne.com\/en\/#breadcrumb"},"inLanguage":"en-US","potentialAction":[{"@type":"ReadAction","target":["https:\/\/www.ethicetapes-sologne.com\/en\/"]}]},{"@type":"BreadcrumbList","@id":"https:\/\/www.ethicetapes-sologne.com\/en\/#breadcrumb","itemListElement":[{"@type":"ListItem","position":1,"name":"Accueil","item":"https:\/\/www.ethicetapes-sologne.com\/en\/"},{"@type":"ListItem","position":2,"name":"Home"}]},{"@type":"WebSite","@id":"https:\/\/www.ethicetapes-sologne.com\/#website","url":"https:\/\/www.ethicetapes-sologne.com\/","name":"ETHICETAPES-SOLOGNE","description":"Association MAJO","potentialAction":[{"@type":"SearchAction","target":{"@type":"EntryPoint","urlTemplate":"https:\/\/www.ethicetapes-sologne.com\/?s={search_term_string}"},"query-input":{"@type":"PropertyValueSpecification","valueRequired":true,"valueName":"search_term_string"}}],"inLanguage":"en-US"}]}},"_links":{"self":[{"href":"https:\/\/www.ethicetapes-sologne.com\/en\/wp-json\/wp\/v2\/pages\/4455","targetHints":{"allow":["GET"]}}],"collection":[{"href":"https:\/\/www.ethicetapes-sologne.com\/en\/wp-json\/wp\/v2\/pages"}],"about":[{"href":"https:\/\/www.ethicetapes-sologne.com\/en\/wp-json\/wp\/v2\/types\/page"}],"author":[{"embeddable":true,"href":"https:\/\/www.ethicetapes-sologne.com\/en\/wp-json\/wp\/v2\/users\/1"}],"replies":[{"embeddable":true,"href":"https:\/\/www.ethicetapes-sologne.com\/en\/wp-json\/wp\/v2\/comments?post=4455"}],"version-history":[{"count":0,"href":"https:\/\/www.ethicetapes-sologne.com\/en\/wp-json\/wp\/v2\/pages\/4455\/revisions"}],"wp:attachment":[{"href":"https:\/\/www.ethicetapes-sologne.com\/en\/wp-json\/wp\/v2\/media?parent=4455"}],"curies":[{"name":"wp","href":"https:\/\/api.w.org\/{rel}","templated":true}]}}